{"id":31051,"date":"2023-11-02T13:26:13","date_gmt":"2023-11-02T12:26:13","guid":{"rendered":"https:\/\/gravida.com\/informativa-sulla-privacy\/"},"modified":"2023-11-02T13:26:13","modified_gmt":"2023-11-02T12:26:13","slug":"informativa-sulla-privacy","status":"publish","type":"page","link":"https:\/\/gravida.com\/it\/informativa-sulla-privacy\/","title":{"rendered":"Informativa sulla privacy"},"content":{"rendered":"\n<div class=\"wp-block-group alignwide has-global-padding is-layout-constrained wp-block-group-is-layout-constrained\">\n<div style=\"height:50px\" aria-hidden=\"true\" class=\"wp-block-spacer\"><\/div>\n\n\n\n<div style=\"height:49px\" aria-hidden=\"true\" class=\"wp-block-spacer\"><\/div>\n\n\n\n<h1 class=\"wp-block-heading has-text-align-left has-large-font-size\">Informativa sulla privacy<\/h1>\n\n\n\n<p>Il presente documento regola il trattamento dei dati personali raccolti dal Centro Internacional de Reproducci\u00f3n Humana Asistida de Barcelona, SL (di seguito, CIRHAB).<br><br>Lo scopo della presente informativa sulla protezione dei dati personali (<strong>&#8220;Informativa sulla privacy<\/strong>&#8220;) \u00e8 quello di spiegare come otteniamo, trattiamo e proteggiamo i dati personali che elaboriamo come risultato della nostra attivit\u00e0.<\/p>\n\n\n\n<div style=\"height:20px\" aria-hidden=\"true\" class=\"wp-block-spacer\"><\/div>\n\n\n\n<h3 class=\"wp-block-heading has-medium-font-size\">Chi \u00e8 il responsabile del trattamento dei vostri dati personali?<\/h3>\n\n\n\n<p>Il responsabile del trattamento dei Suoi dati personali \u00e8 CIRHAB con codice fiscale B65006751. I dati di contatto sono i seguenti: <\/p>\n\n\n\n<ul class=\"wp-block-list\">\n<li>Av. Diagonal, 660, 16\u00b0 piano, 08034 Barcellona <\/li>\n\n\n\n<li>Telefono: 93 206 64 89<\/li>\n\n\n\n<li>E-mail: gravida@gravidabcn.com<\/li>\n<\/ul>\n\n\n\n<div style=\"height:20px\" aria-hidden=\"true\" class=\"wp-block-spacer\"><\/div>\n\n\n\n<h3 class=\"wp-block-heading has-medium-font-size\"><strong>Come si pu\u00f2 contattare il responsabile della protezione dei dati del CIRHAB?<\/strong><\/h3>\n\n\n\n<p>La informiamo che CIRHAB ha nominato un Responsabile della Protezione dei Dati (&#8220;DPO&#8221;) al quale potr\u00e0 segnalare qualsiasi questione relativa al trattamento dei Suoi dati personali. Pu\u00f2 contattare il Responsabile della Protezione dei Dati al seguente indirizzo e-mail: dpd@gravidabcn.com. <\/p>\n\n\n\n<div style=\"height:20px\" aria-hidden=\"true\" class=\"wp-block-spacer\"><\/div>\n\n\n\n<h3 class=\"wp-block-heading has-medium-font-size\"><strong>Quali sono le finalit\u00e0 per cui tratteremo i vostri dati personali?<\/strong><\/h3>\n\n\n\n<p>In generale, CIRHAB tratter\u00e0 i vostri dati personali per le finalit\u00e0 e con la legittimit\u00e0 di seguito indicate:<\/p>\n\n\n\n<div style=\"height:10px\" aria-hidden=\"true\" class=\"wp-block-spacer\"><\/div>\n\n\n\n<h4 class=\"wp-block-heading has-contrast-color has-text-color has-link-color has-medium-font-size wp-elements-f797d5791b90aa4e726c19a2c8a63ec8\">Trattamento basato sul vostro consenso:<\/h4>\n\n\n\n<p>Potremo raccogliere e trattare i Suoi dati personali qualora Lei abbia espressamente prestato il Suo consenso; ad esempio, per gestire la Sua registrazione al sito web e rispondere alle richieste effettuate tramite il sito web, per partecipare a concorsi, per gestire i curricula vitae, per inviare comunicazioni commerciali ed effettuare la profilazione qualora Lei abbia barrato la casella corrispondente al momento della compilazione del modulo o qualora abbiamo raccolto il Suo consenso in occasione di fiere, eventi e\/o altre attivit\u00e0 che possono essere svolte, nonch\u00e9 per gestire la Sua registrazione come medico o collaboratore dell&#8217;Ente.<\/p>\n\n\n\n<div style=\"height:10px\" aria-hidden=\"true\" class=\"wp-block-spacer\"><\/div>\n\n\n\n<h4 class=\"wp-block-heading has-contrast-color has-text-color has-link-color has-medium-font-size wp-elements-15d34cb381033af3dcd58ca3512ae88c\">Trattamenti basati sull&#8217;esecuzione di un contratto:<\/h4>\n\n\n\n<p>Possiamo trattare i vostri dati personali in rapporti precontrattuali su richiesta degli interessati; ad esempio, quando gestiamo richieste di informazioni in relazione ai trattamenti che offriamo. Allo stesso modo, possiamo trattare i vostri dati personali in base all&#8217;esecuzione di un contratto, ad esempio quando firmate il consenso al trattamento, tra le altre finalit\u00e0. <\/p>\n\n\n\n<div style=\"height:10px\" aria-hidden=\"true\" class=\"wp-block-spacer\"><\/div>\n\n\n\n<h4 class=\"wp-block-heading has-contrast-color has-text-color has-link-color has-medium-font-size wp-elements-f453a1641c82d9bec1807ee20e01dd92\">Trattamento basato sul legittimo interesse:<\/h4>\n\n\n\n<p>Possiamo trattare i vostri dati personali quando abbiamo un legittimo interesse legale; ad esempio, in alcuni casi per l&#8217;invio di comunicazioni commerciali e la profilazione dei pazienti CIRHAB o per l&#8217;invio di sondaggi sulla qualit\u00e0 dei prodotti o dei servizi forniti, per azioni di fidelizzazione, per l&#8217;invio di consigli e raccomandazioni sulla salute o per lo sviluppo, l&#8217;adempimento, la diffusione e il controllo dell&#8217;Assemblea generale degli azionisti, a condizione che il nostro legittimo interesse prevalga sui diritti e le libert\u00e0 dell&#8217;interessato.<\/p>\n\n\n\n<div style=\"height:20px\" aria-hidden=\"true\" class=\"wp-block-spacer\"><\/div>\n\n\n\n<h3 class=\"wp-block-heading has-medium-font-size\"><strong>Come proteggiamo i vostri dati personali?<\/strong><\/h3>\n\n\n\n<p>CIRHAB tratta i vostri dati personali con assoluta riservatezza, impegnandosi a mantenerli segreti e ad adottare tutte le misure necessarie per impedirne l&#8217;alterazione, la perdita, il trattamento o l&#8217;accesso non autorizzato, il tutto in conformit\u00e0 agli obblighi di legge che ci competono in qualit\u00e0 di responsabili del trattamento dei dati.<\/p>\n\n\n\n<p>CIRHAB si impegna a mantenere e implementare i livelli di sicurezza necessari, tenendo conto dello stato della tecnologia, della natura dei dati memorizzati e dei rischi associati.<\/p>\n\n\n\n<div style=\"height:20px\" aria-hidden=\"true\" class=\"wp-block-spacer\"><\/div>\n\n\n\n<h3 class=\"wp-block-heading has-medium-font-size\"><strong>Per quanto tempo conserveremo i vostri dati personali?<\/strong><\/h3>\n\n\n\n<p>Tratteremo i vostri dati personali per tutto il tempo in cui rimarranno in vigore i consensi che ci avete dato o finch\u00e9 non avrete interrotto il vostro rapporto contrattuale o commerciale con noi.<\/p>\n\n\n\n<p>Pertanto, interromperemo il trattamento dei vostri dati personali una volta che avrete revocato il vostro consenso o che il vostro rapporto contrattuale o commerciale con CIRHAB sar\u00e0 terminato, a condizione che i vostri dati non siano pi\u00f9 necessari per le finalit\u00e0 per cui sono stati raccolti o trattati.<\/p>\n\n\n\n<p>Fatto salvo quanto sopra, i vostri dati personali saranno conservati per i termini di prescrizione stabiliti dalla legge. A questo proposito, l&#8217;esercizio del diritto alla cancellazione non ridurr\u00e0 i periodi di conservazione stabiliti per legge. <\/p>\n\n\n\n<div style=\"height:20px\" aria-hidden=\"true\" class=\"wp-block-spacer\"><\/div>\n\n\n\n<h3 class=\"wp-block-heading has-medium-font-size\"><strong>A quali destinatari possiamo comunicare i vostri dati personali?<\/strong><\/h3>\n\n\n\n<p>Il destinatario dei dati \u00e8 CIRHAB e le altre entit\u00e0 del Gruppo per le entit\u00e0 facenti parte del Grup Assist\u00e8ncia e le societ\u00e0 ad esso collegate (SCIAS, S.C.C.L.; Autogesti\u00f3 Sanit\u00e0ria, S.C.C.L.; BIOPAT, S.L.; AIALE, S.A.; AERETIC, S.L.; CIRHAB, S.L.; ANDAIRA, S.L.) per il trattamento dei dati per le stesse finalit\u00e0 sopra indicate e in conformit\u00e0 all&#8217;oggetto sociale di ciascuna di esse.CIRHAB, S.L.; ANDAIRA, S.L.) per il trattamento dei dati per le medesime finalit\u00e0 sopra indicate e in conformit\u00e0 con l&#8217;oggetto sociale di ciascuna di esse, per tutto il tempo in cui faranno parte o rimarranno nel suddetto Gruppo Aziendale, comprese le societ\u00e0 collegate.<\/p>\n\n\n\n<div style=\"height:20px\" aria-hidden=\"true\" class=\"wp-block-spacer\"><\/div>\n\n\n\n<h3 class=\"wp-block-heading has-medium-font-size\"><strong>Quali sono i vostri diritti in relazione ai dati che ci fornite e come potete esercitarli?<\/strong><\/h3>\n\n\n\n<p>In conformit\u00e0 con la legge europea sulla protezione dei dati, avete i seguenti diritti:<\/p>\n\n\n\n<div style=\"height:10px\" aria-hidden=\"true\" class=\"wp-block-spacer\"><\/div>\n\n\n\n<h4 class=\"wp-block-heading has-contrast-color has-text-color has-link-color has-medium-font-size wp-elements-673b8bc770bcfe765cd4a12778d2c9cb\"><strong>Diritto di accesso<\/strong><\/h4>\n\n\n\n<p>L&#8217;utente ha il diritto, da un lato, di accedere ai propri dati personali trattati da CIRHAB e, dall&#8217;altro, di ottenere alcune informazioni sulle modalit\u00e0 di trattamento dei propri dati personali.<\/p>\n\n\n\n<div style=\"height:10px\" aria-hidden=\"true\" class=\"wp-block-spacer\"><\/div>\n\n\n\n<h4 class=\"wp-block-heading has-contrast-color has-text-color has-link-color has-medium-font-size wp-elements-dc3823ac220e206488b2d90bcb612b67\"><strong>Diritto di revoca del consenso<\/strong><\/h4>\n\n\n\n<p>L&#8217;utente ha il diritto di revocare il proprio consenso in qualsiasi momento quando ha dato il proprio consenso al trattamento dei dati personali. La revoca del consenso non pregiudica la liceit\u00e0 del trattamento precedente alla revoca. <\/p>\n\n\n\n<div style=\"height:10px\" aria-hidden=\"true\" class=\"wp-block-spacer\"><\/div>\n\n\n\n<h4 class=\"wp-block-heading has-contrast-color has-text-color has-link-color has-medium-font-size wp-elements-d42fdcfd6c3d04b2289f82d55229ed27\">Diritto di rettifica<\/h4>\n\n\n\n<p>L&#8217;utente ha il diritto di rettificare i propri dati personali se inesatti e di far completare i dati personali incompleti.<\/p>\n\n\n\n<div style=\"height:10px\" aria-hidden=\"true\" class=\"wp-block-spacer\"><\/div>\n\n\n\n<h4 class=\"wp-block-heading has-contrast-color has-text-color has-link-color has-medium-font-size wp-elements-ce49e28316fcc6e0e4dad6496d580648\">Diritto di opposizione<\/h4>\n\n\n\n<p>Avete il diritto di opporvi al trattamento dei vostri dati personali qualora tale trattamento avvenga per finalit\u00e0 di marketing diretto, sia basato sul legittimo interesse o su una missione di interesse pubblico.<\/p>\n\n\n\n<p>Una volta esercitato tale diritto, CIRHAB interromper\u00e0 il trattamento dei dati, a meno che non possa dimostrare l&#8217;esistenza di motivi validi che prevalgono sugli interessi, i diritti e le libert\u00e0 dell&#8217;interessato, o per la formulazione, l&#8217;esercizio o la difesa di rivendicazioni.<\/p>\n\n\n\n<div style=\"height:10px\" aria-hidden=\"true\" class=\"wp-block-spacer\"><\/div>\n\n\n\n<h4 class=\"wp-block-heading has-contrast-color has-text-color has-link-color has-medium-font-size wp-elements-fc02bb54405e428e8733a67fe6c1f174\">Diritto di soppressione<\/h4>\n\n\n\n<p>Avete il diritto alla cancellazione dei vostri dati personali quando si verificano determinate circostanze (tra le altre, i dati non sono pi\u00f9 necessari per lo scopo per cui sono stati raccolti, il consenso su cui si basava il trattamento \u00e8 stato revocato o l&#8217;interessato si oppone al trattamento).<\/p>\n\n\n\n<div style=\"height:10px\" aria-hidden=\"true\" class=\"wp-block-spacer\"><\/div>\n\n\n\n<h4 class=\"wp-block-heading has-contrast-color has-text-color has-link-color has-medium-font-size wp-elements-043717ff9e680356eabbcb2405cd6f06\">Diritto di prescrizione<\/h4>\n\n\n\n<p>In alcuni casi avete il diritto di interrompere il trattamento dei vostri dati. Ad esempio, potete esercitare questo diritto se vi siete opposti a ricevere comunicazioni di marketing da parte nostra mentre stiamo trattando la vostra richiesta. <\/p>\n\n\n\n<div style=\"height:10px\" aria-hidden=\"true\" class=\"wp-block-spacer\"><\/div>\n\n\n\n<h4 class=\"wp-block-heading has-contrast-color has-text-color has-link-color has-medium-font-size wp-elements-832fec93a4822e24df5df72857822a7b\">Diritto di portabilit\u00e0<\/h4>\n\n\n\n<p>Avete il diritto di ricevere i dati personali che avete fornito a CIRHAB in un formato strutturato, di uso comune e leggibile da dispositivo automatico e di trasmetterli a un altro titolare del trattamento, se sono soddisfatti i seguenti requisiti:<\/p>\n\n\n\n<ul class=\"wp-block-list\">\n<li>Il trattamento si basa sul consenso o su un contratto.<\/li>\n\n\n\n<li>Il trattamento \u00e8 effettuato con mezzi automatizzati.<\/li>\n<\/ul>\n\n\n\n<div style=\"height:10px\" aria-hidden=\"true\" class=\"wp-block-spacer\"><\/div>\n\n\n\n<h4 class=\"wp-block-heading has-contrast-color has-text-color has-link-color has-medium-font-size wp-elements-5f1876a1076c3b795b684efa39bb27c8\">Diritto a non essere sottoposti a decisioni automatizzate<\/h4>\n\n\n\n<p>L&#8217;utente ha il diritto di non essere sottoposto a una decisione basata esclusivamente sul trattamento automatizzato dei suoi dati, compresa la profilazione, che produca effetti giuridici o la danneggi, a meno che la decisione non sia necessaria per la conclusione o l&#8217;esecuzione di un contratto tra l&#8217;interessato e CIRHAB, si basi sul consenso esplicito dell&#8217;interessato o sia autorizzata dal diritto dell&#8217;Unione o dal diritto dello Stato membro interessato.<\/p>\n\n\n\n<p>I diritti possono essere esercitati allegando una copia scannerizzata della carta d&#8217;identit\u00e0 o di un documento equivalente, con l&#8217;indicazione del diritto da esercitare e in relazione al quale si effettua il trattamento, attraverso i seguenti canali:<\/p>\n\n\n\n<ul class=\"wp-block-list\">\n<li>Al Delegato per la protezione dei dati personali via e-mail all&#8217;indirizzo dpd@gravidabcn.com.<\/li>\n\n\n\n<li>Per e-mail a gravida@gravidabcn.com<\/li>\n\n\n\n<li>Per posta a: Av. Diagonal, 660, 16\u00b0 piano, 08034 Barcellona. <\/li>\n<\/ul>\n\n\n\n<p>CIRHAB risponder\u00e0 alla richiesta di esercizio del diritto entro un massimo di un mese. Nel caso di richieste particolarmente complesse, il tempo di risposta potr\u00e0 essere esteso fino a due mesi. <\/p>\n\n\n\n<p>Infine, \u00e8 possibile presentare un reclamo all&#8217;Agenzia spagnola per la protezione dei dati personali attraverso la sua sede elettronica.<\/p>\n\n\n\n<div style=\"height:20px\" aria-hidden=\"true\" class=\"wp-block-spacer\"><\/div>\n\n\n\n<h3 class=\"wp-block-heading has-medium-font-size\">Utilizzo della posta elettronica<\/h3>\n\n\n\n<p>CIRHAB e i suoi dipendenti utilizzeranno la posta elettronica aziendale con la massima diligenza e riservatezza. A questo proposito, se dovete fornirci della documentazione, vi consigliamo di farlo attraverso l&#8217;area riservata del nostro sito e, se ci\u00f2 non fosse possibile, di inviarcela criptata via e-mail, allegando separatamente la password. <\/p>\n\n\n\n<div style=\"height:20px\" aria-hidden=\"true\" class=\"wp-block-spacer\"><\/div>\n\n\n\n<h3 class=\"wp-block-heading has-medium-font-size\">Informativa sui cookie<\/h3>\n\n\n\n<p>Un cookie \u00e8 un file o un dispositivo che viene scaricato sul terminale dell&#8217;utente allo scopo di memorizzare dati che possono essere aggiornati e recuperati dall&#8217;entit\u00e0 responsabile della sua installazione.<\/p>\n\n\n\n<p>\u00c8 possibile consultare la nostra politica sui cookie al seguente link, nonch\u00e9 configurare il consenso all&#8217;utilizzo degli stessi.<\/p>\n\n\n\n<p>CIRHAB si riserva il diritto di modificare la propria Informativa sulla privacy senza preavviso, secondo i propri criteri, motivati da una modifica legislativa, giurisprudenziale o dottrinale dell&#8217;Agenzia spagnola per la protezione dei dati. In conformit\u00e0 a quanto sopra, si consiglia di rivedere periodicamente la nostra Politica sulla privacy. <\/p>\n\n\n\n<p><\/p>\n\n\n\n<p><em><strong>Marzo 2025<\/strong><\/em><\/p>\n\n\n\n<div style=\"height:50px\" aria-hidden=\"true\" class=\"wp-block-spacer\"><\/div>\n<\/div>\n","protected":false},"excerpt":{"rendered":"<p>Informativa sulla privacy Il presente documento regola il trattamento dei dati personali raccolti dal Centro Internacional de Reproducci\u00f3n Humana Asistida de Barcelona, SL (di seguito, CIRHAB). Lo scopo della presente informativa sulla protezione dei dati personali (&#8220;Informativa sulla privacy&#8220;) \u00e8 quello di spiegare come otteniamo, trattiamo e proteggiamo i dati personali che elaboriamo come risultato [&hellip;]<\/p>\n","protected":false},"author":9,"featured_media":0,"parent":0,"menu_order":0,"comment_status":"closed","ping_status":"closed","template":"page-no-title","meta":{"inline_featured_image":false,"footnotes":""},"class_list":["post-31051","page","type-page","status-publish","hentry"],"yoast_head":"<!-- This site is optimized with the Yoast SEO plugin v27.2 - https:\/\/yoast.com\/product\/yoast-seo-wordpress\/ -->\n<title>Informativa sulla privacy - Gravida<\/title>\n<meta name=\"robots\" content=\"noindex, nofollow\" \/>\n<meta property=\"og:locale\" content=\"it_IT\" \/>\n<meta property=\"og:type\" content=\"article\" \/>\n<meta property=\"og:title\" content=\"Informativa sulla privacy - Gravida\" \/>\n<meta property=\"og:description\" content=\"Informativa sulla privacy Il presente documento regola il trattamento dei dati personali raccolti dal Centro Internacional de Reproducci\u00f3n Humana Asistida de Barcelona, SL (di seguito, CIRHAB). Lo scopo della presente informativa sulla protezione dei dati personali (&#8220;Informativa sulla privacy&#8220;) \u00e8 quello di spiegare come otteniamo, trattiamo e proteggiamo i dati personali che elaboriamo come risultato [&hellip;]\" \/>\n<meta property=\"og:url\" content=\"https:\/\/gravida.com\/it\/informativa-sulla-privacy\/\" \/>\n<meta property=\"og:site_name\" content=\"Gravida\" \/>\n<meta property=\"og:image\" content=\"https:\/\/gravida.com\/wp-content\/uploads\/2023\/11\/clinica-fertilidad-barcelona-e1588845943328.webp\" \/>\n\t<meta property=\"og:image:width\" content=\"1150\" \/>\n\t<meta property=\"og:image:height\" content=\"529\" \/>\n\t<meta property=\"og:image:type\" content=\"image\/webp\" \/>\n<meta name=\"twitter:card\" content=\"summary_large_image\" \/>\n<meta name=\"twitter:label1\" content=\"Tempo di lettura stimato\" \/>\n\t<meta name=\"twitter:data1\" content=\"7 minuti\" \/>\n<script type=\"application\/ld+json\" class=\"yoast-schema-graph\">{\"@context\":\"https:\/\/schema.org\",\"@graph\":[{\"@type\":\"WebPage\",\"@id\":\"https:\/\/gravida.com\/it\/informativa-sulla-privacy\/\",\"url\":\"https:\/\/gravida.com\/it\/informativa-sulla-privacy\/\",\"name\":\"Informativa sulla privacy - Gravida\",\"isPartOf\":{\"@id\":\"https:\/\/gravida.com\/it\/#website\"},\"datePublished\":\"2023-11-02T12:26:13+00:00\",\"inLanguage\":\"it-IT\",\"potentialAction\":[{\"@type\":\"ReadAction\",\"target\":[\"https:\/\/gravida.com\/it\/informativa-sulla-privacy\/\"]}]},{\"@type\":\"WebSite\",\"@id\":\"https:\/\/gravida.com\/it\/#website\",\"url\":\"https:\/\/gravida.com\/it\/\",\"name\":\"Gravida\",\"description\":\"Ciencia al Servicio de la Vida\",\"publisher\":{\"@id\":\"https:\/\/gravida.com\/it\/#organization\"},\"potentialAction\":[{\"@type\":\"SearchAction\",\"target\":{\"@type\":\"EntryPoint\",\"urlTemplate\":\"https:\/\/gravida.com\/it\/?s={search_term_string}\"},\"query-input\":{\"@type\":\"PropertyValueSpecification\",\"valueRequired\":true,\"valueName\":\"search_term_string\"}}],\"inLanguage\":\"it-IT\"},{\"@type\":\"Organization\",\"@id\":\"https:\/\/gravida.com\/it\/#organization\",\"name\":\"Gravida\",\"url\":\"https:\/\/gravida.com\/it\/\",\"logo\":{\"@type\":\"ImageObject\",\"inLanguage\":\"it-IT\",\"@id\":\"https:\/\/gravida.com\/it\/#\/schema\/logo\/image\/\",\"url\":\"https:\/\/gravida.com\/wp-content\/uploads\/2024\/06\/logoads.svg\",\"contentUrl\":\"https:\/\/gravida.com\/wp-content\/uploads\/2024\/06\/logoads.svg\",\"width\":\"1024\",\"height\":\"1024\",\"caption\":\"Gravida\"},\"image\":{\"@id\":\"https:\/\/gravida.com\/it\/#\/schema\/logo\/image\/\"}}]}<\/script>\n<!-- \/ Yoast SEO plugin. -->","yoast_head_json":{"title":"Informativa sulla privacy - Gravida","robots":{"index":"noindex","follow":"nofollow"},"og_locale":"it_IT","og_type":"article","og_title":"Informativa sulla privacy - Gravida","og_description":"Informativa sulla privacy Il presente documento regola il trattamento dei dati personali raccolti dal Centro Internacional de Reproducci\u00f3n Humana Asistida de Barcelona, SL (di seguito, CIRHAB). Lo scopo della presente informativa sulla protezione dei dati personali (&#8220;Informativa sulla privacy&#8220;) \u00e8 quello di spiegare come otteniamo, trattiamo e proteggiamo i dati personali che elaboriamo come risultato [&hellip;]","og_url":"https:\/\/gravida.com\/it\/informativa-sulla-privacy\/","og_site_name":"Gravida","og_image":[{"width":1150,"height":529,"url":"https:\/\/gravida.com\/wp-content\/uploads\/2023\/11\/clinica-fertilidad-barcelona-e1588845943328.webp","type":"image\/webp"}],"twitter_card":"summary_large_image","twitter_misc":{"Tempo di lettura stimato":"7 minuti"},"schema":{"@context":"https:\/\/schema.org","@graph":[{"@type":"WebPage","@id":"https:\/\/gravida.com\/it\/informativa-sulla-privacy\/","url":"https:\/\/gravida.com\/it\/informativa-sulla-privacy\/","name":"Informativa sulla privacy - Gravida","isPartOf":{"@id":"https:\/\/gravida.com\/it\/#website"},"datePublished":"2023-11-02T12:26:13+00:00","inLanguage":"it-IT","potentialAction":[{"@type":"ReadAction","target":["https:\/\/gravida.com\/it\/informativa-sulla-privacy\/"]}]},{"@type":"WebSite","@id":"https:\/\/gravida.com\/it\/#website","url":"https:\/\/gravida.com\/it\/","name":"Gravida","description":"Ciencia al Servicio de la Vida","publisher":{"@id":"https:\/\/gravida.com\/it\/#organization"},"potentialAction":[{"@type":"SearchAction","target":{"@type":"EntryPoint","urlTemplate":"https:\/\/gravida.com\/it\/?s={search_term_string}"},"query-input":{"@type":"PropertyValueSpecification","valueRequired":true,"valueName":"search_term_string"}}],"inLanguage":"it-IT"},{"@type":"Organization","@id":"https:\/\/gravida.com\/it\/#organization","name":"Gravida","url":"https:\/\/gravida.com\/it\/","logo":{"@type":"ImageObject","inLanguage":"it-IT","@id":"https:\/\/gravida.com\/it\/#\/schema\/logo\/image\/","url":"https:\/\/gravida.com\/wp-content\/uploads\/2024\/06\/logoads.svg","contentUrl":"https:\/\/gravida.com\/wp-content\/uploads\/2024\/06\/logoads.svg","width":"1024","height":"1024","caption":"Gravida"},"image":{"@id":"https:\/\/gravida.com\/it\/#\/schema\/logo\/image\/"}}]}},"_links":{"self":[{"href":"https:\/\/gravida.com\/it\/wp-json\/wp\/v2\/pages\/31051","targetHints":{"allow":["GET"]}}],"collection":[{"href":"https:\/\/gravida.com\/it\/wp-json\/wp\/v2\/pages"}],"about":[{"href":"https:\/\/gravida.com\/it\/wp-json\/wp\/v2\/types\/page"}],"author":[{"embeddable":true,"href":"https:\/\/gravida.com\/it\/wp-json\/wp\/v2\/users\/9"}],"replies":[{"embeddable":true,"href":"https:\/\/gravida.com\/it\/wp-json\/wp\/v2\/comments?post=31051"}],"version-history":[{"count":0,"href":"https:\/\/gravida.com\/it\/wp-json\/wp\/v2\/pages\/31051\/revisions"}],"wp:attachment":[{"href":"https:\/\/gravida.com\/it\/wp-json\/wp\/v2\/media?parent=31051"}],"curies":[{"name":"wp","href":"https:\/\/api.w.org\/{rel}","templated":true}]}}