{"id":31016,"date":"2025-06-04T13:43:59","date_gmt":"2025-06-04T11:43:59","guid":{"rendered":"https:\/\/gravida.com\/termini-e-condizioni-duso\/"},"modified":"2025-06-04T13:43:59","modified_gmt":"2025-06-04T11:43:59","slug":"termini-e-condizioni-duso","status":"publish","type":"page","link":"https:\/\/gravida.com\/it\/termini-e-condizioni-duso\/","title":{"rendered":"Termini e condizioni d&#8217;uso"},"content":{"rendered":"\n<div style=\"height:100px\" aria-hidden=\"true\" class=\"wp-block-spacer\"><\/div>\n\n\n\n<h1 class=\"wp-block-heading has-x-large-font-size\">Termini e condizioni d&#8217;uso<\/h1>\n\n\n\n<p>La societ\u00e0 proprietaria di questo sito web (www.gravida.com, di seguito il Sito) \u00e8 Centro Internacional de Reproducci\u00f3n Humana Asistida de Barcelona, SL (di seguito CIRHAB), con sede legale in 08034 Barcellona, Av. Diagonal, 660, con codice fiscale B65006751 e iscritta al Registro delle Imprese di Barcellona, volume 40952, foglio 153, pagina di registro 373832, prima iscrizione. <\/p>\n\n\n\n<p>Il CIRHAB dispone di un centro di fertilit\u00e0 avanzata, denominato Gr\u00e1vida \u00a9, un centro specializzato nello studio della sterilit\u00e0 e nell&#8217;applicazione dei trattamenti pi\u00f9 avanzati per risolvere i problemi di fertilit\u00e0, che dispone dell&#8217;Autorizzazione Amministrativa del Dipartimento della Salute della Generalitat de Catalunya, iscritto nel Registro dei Centri, Servizi e Stabilimenti Sanitari del Dipartimento della Salute con il codice U08858783.<\/p>\n\n\n\n<div style=\"height:30px\" aria-hidden=\"true\" class=\"wp-block-spacer\"><\/div>\n\n\n\n<h3 class=\"wp-block-heading\"><strong>Dettagli di contatto<\/strong><\/h3>\n\n\n\n<p>Av. Diagonal, 660, 16\u00b0 piano, 08034 Barcellona<br>Tel.: 93 206 64 89<br>E-mail: gravida@gravidabcn.com <\/p>\n\n\n\n<div style=\"height:30px\" aria-hidden=\"true\" class=\"wp-block-spacer\"><\/div>\n\n\n\n<h3 class=\"wp-block-heading\"><strong>Condizioni generali di utilizzo del sito web<\/strong><\/h3>\n\n\n\n<p>Le presenti Condizioni Generali regolano l&#8217;utilizzo (compreso il semplice accesso) a questo sito web. L&#8217;accesso al sito web conferisce la condizione di utente e implica l&#8217;accettazione esplicita, automatica e volontaria delle condizioni contenute nel presente Avviso Legale. <\/p>\n\n\n\n<div style=\"height:30px\" aria-hidden=\"true\" class=\"wp-block-spacer\"><\/div>\n\n\n\n<h3 class=\"wp-block-heading\"><strong>Contenuto del sito web<\/strong><\/h3>\n\n\n\n<p>Il sito web fornisce agli utenti informazioni sui prodotti e sui servizi CIRHAB.<\/p>\n\n\n\n<p>Le informazioni contenute in questo sito web sono aggiornate alla data dell&#8217;ultimo aggiornamento.<\/p>\n\n\n\n<p>I prezzi pubblicati non includono le tasse applicabili.<\/p>\n\n\n\n<p>I contenuti del sito web, in particolare le informazioni e i riferimenti pubblicitari, se non diversamente specificato, non costituiscono un&#8217;offerta vincolante. CIRHAB si riserva il diritto di modificare o omettere parzialmente o totalmente i contenuti attuali del sito web quando lo ritenga opportuno, nonch\u00e9 di impedire o limitare l&#8217;accesso in modo temporaneo o permanente. <\/p>\n\n\n\n<p>In ogni caso, CIRHAB si riserva il diritto di modificare (o eliminare) unilateralmente, in qualsiasi momento e senza preavviso, la struttura e il design del sito web, i suoi servizi o contenuti, nonch\u00e9 le sue condizioni di accesso e\/o utilizzo. Tali modifiche entreranno in vigore non appena pubblicate e saranno applicabili a tutti gli utenti del sito web a partire da tale data. <\/p>\n\n\n\n<div style=\"height:30px\" aria-hidden=\"true\" class=\"wp-block-spacer\"><\/div>\n\n\n\n<h3 class=\"wp-block-heading\"><strong>Utilizzo del sito web<\/strong><\/h3>\n\n\n\n<p>L&#8217;utente si impegna a utilizzare il sito web in conformit\u00e0 alla legislazione vigente, alle presenti Condizioni, alla buona fede, agli usi generalmente accettati e all&#8217;ordine pubblico.<\/p>\n\n\n\n<p>Di conseguenza, \u00e8 vietato utilizzare il sito per scopi illeciti o dannosi per CIRHAB o per terzi, e non \u00e8 consentito porre in essere alcun comportamento che possa ledere l&#8217;immagine, gli interessi e\/o i diritti di CIRHAB e\/o di terzi o comunque impedire il normale utilizzo del sito.<\/p>\n\n\n\n<div style=\"height:30px\" aria-hidden=\"true\" class=\"wp-block-spacer\"><\/div>\n\n\n\n<h3 class=\"wp-block-heading\"><strong>Propriet\u00e0 industriale e intellettuale<\/strong><\/h3>\n\n\n\n<p>Tutti i diritti di propriet\u00e0 industriale e intellettuale, nonch\u00e9 tutte le informazioni contenute nel sito web (testi, documenti, fotografie, disegni, rappresentazioni grafiche, banche dati, codici sorgente, programmi informatici e qualsiasi altro contenuto che compaia, nonch\u00e9 loghi, marchi, nomi commerciali o altri segni distintivi) sono di propriet\u00e0 esclusiva di CIRHAB.<\/p>\n\n\n\n<p>All&#8217;utente \u00e8 espressamente vietata la riproduzione, la distribuzione, il trasferimento a terzi, la comunicazione pubblica, la trasformazione e &#8211; in generale &#8211; qualsiasi forma di sfruttamento, tramite qualsiasi supporto e mezzo, di qualsiasi informazione contenuta nel sito web. L&#8217;uso non autorizzato di tali informazioni dar\u00e0 luogo alle responsabilit\u00e0 previste dalla legge. <\/p>\n\n\n\n<div style=\"height:30px\" aria-hidden=\"true\" class=\"wp-block-spacer\"><\/div>\n\n\n\n<h3 class=\"wp-block-heading\"><strong>Responsabilit\u00e0<\/strong><\/h3>\n\n\n\n<p>L&#8217;utente accetta volontariamente ed espressamente che l&#8217;accesso e l&#8217;utilizzo del sito web avvengono in ogni caso sotto la sua sola ed esclusiva responsabilit\u00e0.<\/p>\n\n\n\n<p>CIRHAB non \u00e8 responsabile di eventuali conseguenze o danni derivanti dall&#8217;accesso o dall&#8217;utilizzo del sito web o dei link in esso contenuti; di eventuali carenze nel servizio del server; delle reti di comunicazione; di problemi derivanti dal malfunzionamento o dall&#8217;utilizzo di versioni non ottimizzate dei browser.<\/p>\n\n\n\n<p>CIRHAB, a, pur avendo adottato tutte le misure necessarie, non \u00e8 responsabile di eventuali errori di sicurezza che possono verificarsi o di eventuali danni che possono essere causati al sistema informatico dell&#8217;utente (hardware e software) o ai file in esso memorizzati, a seguito della presenza di virus o altri programmi dannosi nel computer dell&#8217;utente o in altri terminali.<\/p>\n\n\n\n<div style=\"height:30px\" aria-hidden=\"true\" class=\"wp-block-spacer\"><\/div>\n\n\n\n<h3 class=\"wp-block-heading\"><strong>Protezione dei dati e riservatezza<\/strong><\/h3>\n\n\n\n<p>CIRHAB rispetta tutti i requisiti stabiliti dal Regolamento (UE) 2016\/679, Legge Organica 3\/2018, sulla Protezione dei Dati Personali e la Garanzia dei Diritti Digitali, nonch\u00e9 gli impegni di riservatezza inerenti all&#8217;attivit\u00e0 assicurativa.<\/p>\n\n\n\n<p>Compilando qualsiasi modulo e inviandolo a CIRHAB, l&#8217;utente accetta che i suoi dati personali siano trattati e inseriti nei database di CIRHAB per le finalit\u00e0 previste.<\/p>\n\n\n\n<p>Tutti i dati personali ottenuti da CIRHAB sono inseriti in archivi automatizzati di propriet\u00e0 di CIRHAB, e vengono trattati in conformit\u00e0 ai requisiti di legge, adottando le misure tecniche necessarie per mantenere il livello di sicurezza richiesto in base alla natura dei dati, al fine di impedirne l&#8217;alterazione, la perdita, il trattamento o l&#8217;accesso non autorizzato.<\/p>\n\n\n\n<p>Gli interessati hanno i diritti di accesso, rettifica, soppressione o cancellazione, opposizione, limitazione del trattamento e portabilit\u00e0, per l&#8217;esercizio dei quali possono rivolgersi a CIRHAB (Av. Diagonal, 660, 16\u00b0 piano, 08034 Barcellona; o via e-mail: &nbsp;<a href=\"mailto:gravida@gravodabcn.com\">gravida@gravidabcn.com).<\/a><\/p>\n\n\n\n<p>L&#8217;utente garantisce che i dati personali forniti attraverso il sito web sono veritieri e, affinch\u00e9 le informazioni contenute negli archivi di CIRHAB siano sempre aggiornate e non contengano errori, si impegna a comunicare, nel pi\u00f9 breve tempo possibile, le modifiche e le rettifiche che si rendessero necessarie.<\/p>\n\n\n\n<p>Ulteriori informazioni sulla protezione dei dati e sull&#8217;esercizio dei diritti di protezione dei dati sono disponibili sul sito <a href=\"https:\/\/gravida.com\/politica-privacidad\/\">www.gravida.com\/politica-privacidad.<\/a><\/p>\n\n\n\n<div style=\"height:30px\" aria-hidden=\"true\" class=\"wp-block-spacer\"><\/div>\n\n\n\n<h3 class=\"wp-block-heading\"><strong>Legge applicabile e giurisdizione<\/strong><\/h3>\n\n\n\n<p>Le presenti Condizioni generali di utilizzo sono disciplinate dalla legge spagnola.<\/p>\n\n\n\n<p>CIRHAB e l&#8217;utente, rinunciando espressamente a qualsiasi altra giurisdizione che possa corrispondere loro, si sottomettono alla giurisdizione delle Corti e dei Tribunali di Barcellona.<\/p>\n\n\n\n<p><em><strong>Marzo 2022.<\/strong><\/em><\/p>\n","protected":false},"excerpt":{"rendered":"<p>Termini e condizioni d&#8217;uso La societ\u00e0 proprietaria di questo sito web (www.gravida.com, di seguito il Sito) \u00e8 Centro Internacional de Reproducci\u00f3n Humana Asistida de Barcelona, SL (di seguito CIRHAB), con sede legale in 08034 Barcellona, Av. Diagonal, 660, con codice fiscale B65006751 e iscritta al Registro delle Imprese di Barcellona, volume 40952, foglio 153, pagina [&hellip;]<\/p>\n","protected":false},"author":7,"featured_media":0,"parent":0,"menu_order":0,"comment_status":"closed","ping_status":"closed","template":"page-no-title","meta":{"inline_featured_image":false,"footnotes":""},"class_list":["post-31016","page","type-page","status-publish","hentry"],"yoast_head":"<!-- This site is optimized with the Yoast SEO plugin v27.2 - https:\/\/yoast.com\/product\/yoast-seo-wordpress\/ -->\n<title>Termini e condizioni d&#039;uso - Gravida<\/title>\n<meta name=\"robots\" content=\"index, follow, max-snippet:-1, max-image-preview:large, max-video-preview:-1\" \/>\n<link rel=\"canonical\" href=\"https:\/\/gravida.com\/it\/termini-e-condizioni-duso\/\" \/>\n<meta property=\"og:locale\" content=\"it_IT\" \/>\n<meta property=\"og:type\" content=\"article\" \/>\n<meta property=\"og:title\" content=\"Termini e condizioni d&#039;uso - Gravida\" \/>\n<meta property=\"og:description\" content=\"Termini e condizioni d&#8217;uso La societ\u00e0 proprietaria di questo sito web (www.gravida.com, di seguito il Sito) \u00e8 Centro Internacional de Reproducci\u00f3n Humana Asistida de Barcelona, SL (di seguito CIRHAB), con sede legale in 08034 Barcellona, Av. Diagonal, 660, con codice fiscale B65006751 e iscritta al Registro delle Imprese di Barcellona, volume 40952, foglio 153, pagina [&hellip;]\" \/>\n<meta property=\"og:url\" content=\"https:\/\/gravida.com\/it\/termini-e-condizioni-duso\/\" \/>\n<meta property=\"og:site_name\" content=\"Gravida\" \/>\n<meta property=\"og:image\" content=\"https:\/\/gravida.com\/wp-content\/uploads\/2023\/11\/clinica-fertilidad-barcelona-e1588845943328.webp\" \/>\n\t<meta property=\"og:image:width\" content=\"1150\" \/>\n\t<meta property=\"og:image:height\" content=\"529\" \/>\n\t<meta property=\"og:image:type\" content=\"image\/webp\" \/>\n<meta name=\"twitter:card\" content=\"summary_large_image\" \/>\n<meta name=\"twitter:label1\" content=\"Tempo di lettura stimato\" \/>\n\t<meta name=\"twitter:data1\" content=\"4 minuti\" \/>\n<script type=\"application\/ld+json\" class=\"yoast-schema-graph\">{\"@context\":\"https:\/\/schema.org\",\"@graph\":[{\"@type\":\"WebPage\",\"@id\":\"https:\/\/gravida.com\/it\/termini-e-condizioni-duso\/\",\"url\":\"https:\/\/gravida.com\/it\/termini-e-condizioni-duso\/\",\"name\":\"Termini e condizioni d'uso - Gravida\",\"isPartOf\":{\"@id\":\"https:\/\/gravida.com\/it\/#website\"},\"datePublished\":\"2025-06-04T11:43:59+00:00\",\"inLanguage\":\"it-IT\",\"potentialAction\":[{\"@type\":\"ReadAction\",\"target\":[\"https:\/\/gravida.com\/it\/termini-e-condizioni-duso\/\"]}]},{\"@type\":\"WebSite\",\"@id\":\"https:\/\/gravida.com\/it\/#website\",\"url\":\"https:\/\/gravida.com\/it\/\",\"name\":\"Gravida\",\"description\":\"Ciencia al Servicio de la Vida\",\"publisher\":{\"@id\":\"https:\/\/gravida.com\/it\/#organization\"},\"potentialAction\":[{\"@type\":\"SearchAction\",\"target\":{\"@type\":\"EntryPoint\",\"urlTemplate\":\"https:\/\/gravida.com\/it\/?s={search_term_string}\"},\"query-input\":{\"@type\":\"PropertyValueSpecification\",\"valueRequired\":true,\"valueName\":\"search_term_string\"}}],\"inLanguage\":\"it-IT\"},{\"@type\":\"Organization\",\"@id\":\"https:\/\/gravida.com\/it\/#organization\",\"name\":\"Gravida\",\"url\":\"https:\/\/gravida.com\/it\/\",\"logo\":{\"@type\":\"ImageObject\",\"inLanguage\":\"it-IT\",\"@id\":\"https:\/\/gravida.com\/it\/#\/schema\/logo\/image\/\",\"url\":\"https:\/\/gravida.com\/wp-content\/uploads\/2024\/06\/logoads.svg\",\"contentUrl\":\"https:\/\/gravida.com\/wp-content\/uploads\/2024\/06\/logoads.svg\",\"width\":\"1024\",\"height\":\"1024\",\"caption\":\"Gravida\"},\"image\":{\"@id\":\"https:\/\/gravida.com\/it\/#\/schema\/logo\/image\/\"}}]}<\/script>\n<!-- \/ Yoast SEO plugin. -->","yoast_head_json":{"title":"Termini e condizioni d'uso - Gravida","robots":{"index":"index","follow":"follow","max-snippet":"max-snippet:-1","max-image-preview":"max-image-preview:large","max-video-preview":"max-video-preview:-1"},"canonical":"https:\/\/gravida.com\/it\/termini-e-condizioni-duso\/","og_locale":"it_IT","og_type":"article","og_title":"Termini e condizioni d'uso - Gravida","og_description":"Termini e condizioni d&#8217;uso La societ\u00e0 proprietaria di questo sito web (www.gravida.com, di seguito il Sito) \u00e8 Centro Internacional de Reproducci\u00f3n Humana Asistida de Barcelona, SL (di seguito CIRHAB), con sede legale in 08034 Barcellona, Av. Diagonal, 660, con codice fiscale B65006751 e iscritta al Registro delle Imprese di Barcellona, volume 40952, foglio 153, pagina [&hellip;]","og_url":"https:\/\/gravida.com\/it\/termini-e-condizioni-duso\/","og_site_name":"Gravida","og_image":[{"width":1150,"height":529,"url":"https:\/\/gravida.com\/wp-content\/uploads\/2023\/11\/clinica-fertilidad-barcelona-e1588845943328.webp","type":"image\/webp"}],"twitter_card":"summary_large_image","twitter_misc":{"Tempo di lettura stimato":"4 minuti"},"schema":{"@context":"https:\/\/schema.org","@graph":[{"@type":"WebPage","@id":"https:\/\/gravida.com\/it\/termini-e-condizioni-duso\/","url":"https:\/\/gravida.com\/it\/termini-e-condizioni-duso\/","name":"Termini e condizioni d'uso - Gravida","isPartOf":{"@id":"https:\/\/gravida.com\/it\/#website"},"datePublished":"2025-06-04T11:43:59+00:00","inLanguage":"it-IT","potentialAction":[{"@type":"ReadAction","target":["https:\/\/gravida.com\/it\/termini-e-condizioni-duso\/"]}]},{"@type":"WebSite","@id":"https:\/\/gravida.com\/it\/#website","url":"https:\/\/gravida.com\/it\/","name":"Gravida","description":"Ciencia al Servicio de la Vida","publisher":{"@id":"https:\/\/gravida.com\/it\/#organization"},"potentialAction":[{"@type":"SearchAction","target":{"@type":"EntryPoint","urlTemplate":"https:\/\/gravida.com\/it\/?s={search_term_string}"},"query-input":{"@type":"PropertyValueSpecification","valueRequired":true,"valueName":"search_term_string"}}],"inLanguage":"it-IT"},{"@type":"Organization","@id":"https:\/\/gravida.com\/it\/#organization","name":"Gravida","url":"https:\/\/gravida.com\/it\/","logo":{"@type":"ImageObject","inLanguage":"it-IT","@id":"https:\/\/gravida.com\/it\/#\/schema\/logo\/image\/","url":"https:\/\/gravida.com\/wp-content\/uploads\/2024\/06\/logoads.svg","contentUrl":"https:\/\/gravida.com\/wp-content\/uploads\/2024\/06\/logoads.svg","width":"1024","height":"1024","caption":"Gravida"},"image":{"@id":"https:\/\/gravida.com\/it\/#\/schema\/logo\/image\/"}}]}},"_links":{"self":[{"href":"https:\/\/gravida.com\/it\/wp-json\/wp\/v2\/pages\/31016","targetHints":{"allow":["GET"]}}],"collection":[{"href":"https:\/\/gravida.com\/it\/wp-json\/wp\/v2\/pages"}],"about":[{"href":"https:\/\/gravida.com\/it\/wp-json\/wp\/v2\/types\/page"}],"author":[{"embeddable":true,"href":"https:\/\/gravida.com\/it\/wp-json\/wp\/v2\/users\/7"}],"replies":[{"embeddable":true,"href":"https:\/\/gravida.com\/it\/wp-json\/wp\/v2\/comments?post=31016"}],"version-history":[{"count":0,"href":"https:\/\/gravida.com\/it\/wp-json\/wp\/v2\/pages\/31016\/revisions"}],"wp:attachment":[{"href":"https:\/\/gravida.com\/it\/wp-json\/wp\/v2\/media?parent=31016"}],"curies":[{"name":"wp","href":"https:\/\/api.w.org\/{rel}","templated":true}]}}