{"id":31013,"date":"2025-06-04T13:42:06","date_gmt":"2025-06-04T11:42:06","guid":{"rendered":"https:\/\/gravida.com\/politica-sui-cookie\/"},"modified":"2025-06-04T13:42:06","modified_gmt":"2025-06-04T11:42:06","slug":"politica-sui-cookie","status":"publish","type":"page","link":"https:\/\/gravida.com\/it\/politica-sui-cookie\/","title":{"rendered":"Politica sui cookie"},"content":{"rendered":"\n<div class=\"wp-block-group alignwide has-global-padding is-layout-constrained wp-block-group-is-layout-constrained\">\n<div style=\"height:50px\" aria-hidden=\"true\" class=\"wp-block-spacer\"><\/div>\n\n\n\n<div style=\"height:49px\" aria-hidden=\"true\" class=\"wp-block-spacer\"><\/div>\n\n\n\n<h1 class=\"wp-block-heading has-text-align-left has-large-font-size\">Politica sui cookie<\/h1>\n\n\n\n<p>Un cookie \u00e8 una piccola porzione di dati (file di testo) che un sito web, una piattaforma o un&#8217;applicazione, quando viene visitata da un utente, chiede al browser di poter memorizzare sul dispositivo. In questo modo, consente di memorizzare informazioni sull&#8217;utente al fine, tra l&#8217;altro, di memorizzare e recuperare informazioni sulle abitudini di navigazione di un utente o sulla sua apparecchiatura e, a seconda delle informazioni contenute e del modo in cui viene utilizzata l&#8217;apparecchiatura, possono essere utilizzati per riconoscere l&#8217;utente, ad esempio per effettuare il login. Questi cookie, impostati dal gestore del sito web, sono chiamati cookie di prima parte. Utilizziamo anche cookie di terze parti (ovvero cookie provenienti da un dominio diverso da quello del sito web che state visitando) per la pubblicit\u00e0 e le ricerche di marketing.   <\/p>\n\n\n\n<h4 class=\"wp-block-heading\">Cookie di personalizzazione<\/h4>\n\n\n\n<p>Questi cookie consentono al sito di offrire una migliore funzionalit\u00e0 e personalizzazione. Possono essere impostati da noi o da terzi i cui servizi sono stati aggiunti alle nostre pagine. Questi cookie consentono all&#8217;utente di accedere al servizio con alcune caratteristiche generali predefinite in base a una serie di criteri presenti nel terminale dell&#8217;utente, come la lingua, il tipo di browser attraverso il quale l&#8217;utente accede al servizio, la configurazione regionale dalla quale l&#8217;utente accede al servizio, ecc. Se l&#8217;utente non consente questi cookie, alcuni dei nostri servizi non funzioneranno correttamente.   <\/p>\n\n\n\n<figure class=\"wp-block-table\"><table class=\"has-fixed-layout\"><thead><tr><th>SOTTOGRUPPO COOKIE<\/th><th>COOKIES<\/th><th>COOKIE UTILIZZATI<\/th><th>VITA UTILE<\/th><\/tr><\/thead><tbody><tr><td>www.gravida.com<\/td><td><a href=\"https:\/\/cookiepedia.co.uk\/cookies\/SSESS###########\" target=\"_blank\" rel=\"noreferrer noopener\">SSESS###########<\/a><\/td><td>Proprio<\/td><td>1 mese<\/td><\/tr><\/tbody><\/table><\/figure>\n\n\n\n<h4 class=\"wp-block-heading\">Cookie tecnici<\/h4>\n\n\n\n<p>Questi cookie sono necessari per il funzionamento del sito web, della piattaforma o dell&#8217;applicazione e non possono essere disabilitati sui nostri sistemi. Di solito sono impostati per rispondere alle azioni compiute dall&#8217;utente per ricevere i servizi, come la regolazione delle preferenze sulla privacy, l&#8217;accesso al sito o la compilazione di moduli. \u00c8 possibile impostare il browser in modo da bloccare o segnalare la presenza di questi cookie, ma alcune parti del sito web non funzioneranno. Questi cookie non memorizzano alcuna informazione di identificazione personale.   <\/p>\n\n\n\n<figure class=\"wp-block-table\"><table class=\"has-fixed-layout\"><thead><tr><th>SOTTOGRUPPO COOKIE<\/th><th>COOKIES<\/th><th>COOKIE UTILIZZATI<\/th><th>VITA UTILE<\/th><\/tr><\/thead><tbody><tr><td>www.gravida.com<\/td><td><a href=\"https:\/\/cookiepedia.co.uk\/cookies\/OptanonConsent\" target=\"_blank\" rel=\"noreferrer noopener\">OptanonConsenso , <\/a> <a href=\"https:\/\/cookiepedia.co.uk\/cookies\/OptanonAlertBoxClosed\" target=\"_blank\" rel=\"noreferrer noopener\">OptanonAlertBoxClosed<\/a><\/td><td>Proprio<\/td><td>364 giorni, 364 giorni<\/td><\/tr><\/tbody><\/table><\/figure>\n\n\n\n<h4 class=\"wp-block-heading\">Cookie analitici<\/h4>\n\n\n\n<p>Sono quelli che, elaborati da noi o da terzi, ci permettono di quantificare il numero di utenti e quindi di effettuare la misurazione e l&#8217;analisi statistica dell&#8217;uso che gli utenti fanno del servizio offerto. La navigazione sul nostro sito web viene analizzata al fine di migliorare la gamma di prodotti o servizi offerti. Tutte le informazioni raccolte da questi cookie sono aggregate e quindi anonime. Se non consentite questi cookie, non sapremo quando avete visitato il nostro sito.   <\/p>\n\n\n\n<figure class=\"wp-block-table\"><table class=\"has-fixed-layout\"><thead><tr><th>SOTTOGRUPPO COOKIE<\/th><th>COOKIES<\/th><th>COOKIE UTILIZZATI<\/th><th>VITA UTILE<\/th><\/tr><\/thead><tbody><tr><td>www.gravida.com<\/td><td><a href=\"https:\/\/cookiepedia.co.uk\/cookies\/_gid\" target=\"_blank\" rel=\"noreferrer noopener\">_gid<\/a><\/td><td>Proprio<\/td><td>Alcuni secondi<\/td><\/tr><tr><td>www.gravida.com<\/td><td><a href=\"https:\/\/cookiepedia.co.uk\/cookies\/_gclxxxx\" target=\"_blank\" rel=\"noreferrer noopener\">_gclxxxx <\/a>, <a href=\"https:\/\/cookiepedia.co.uk\/cookies\/_ga\" target=\"_blank\" rel=\"noreferrer noopener\">_ga <\/a>, <a href=\"https:\/\/cookiepedia.co.uk\/cookies\/_gat_UA-\" target=\"_blank\" rel=\"noreferrer noopener\">_gat_UA-<\/a><\/td><td>Proprio<\/td><td>89 giorni, 729 giorni, alcuni secondi<\/td><\/tr><\/tbody><\/table><\/figure>\n\n\n\n<h4 class=\"wp-block-heading\">Cookie pubblicitari<\/h4>\n\n\n\n<p>Questi cookie possono essere a livello di sito, collocati dai nostri partner pubblicitari. Tali aziende possono utilizzarli per creare un profilo dei vostri interessi e mostrarvi pubblicit\u00e0 pertinenti su altri siti. Non memorizzano direttamente informazioni personali, ma si basano sull&#8217;identificazione univoca del browser e del dispositivo di accesso a Internet dell&#8217;utente. Se non consentite questi cookie, avrete meno pubblicit\u00e0 mirata.   <\/p>\n\n\n\n<figure class=\"wp-block-table\"><table class=\"has-fixed-layout\"><thead><tr><th>SOTTOGRUPPO COOKIE<\/th><th>COOKIES<\/th><th>COOKIE UTILIZZATI<\/th><th>VITA UTILE<\/th><\/tr><\/thead><tbody><tr><td>www.gravida.com<\/td><td><a href=\"https:\/\/cookiepedia.co.uk\/cookies\/_fbp\" target=\"_blank\" rel=\"noreferrer noopener\">_fbp<\/a><\/td><td>Proprio<\/td><td>89 Giorni<\/td><\/tr><tr><td><a href=\"https:\/\/cookiepedia.co.uk\/host\/www.facebook.com\" target=\"_blank\" rel=\"noreferrer noopener\">www.facebook.com<\/a><\/td><td><\/td><td>Terza<\/td><td>Sessione<\/td><\/tr><tr><td><a href=\"https:\/\/cookiepedia.co.uk\/host\/youtube.com\" target=\"_blank\" rel=\"noreferrer noopener\">youtube.com<\/a><\/td><td>YSC, CONSENSO, VISITATORE_INFO1_LIVE<\/td><td>Terzo<\/td><td>Sessione, 729 giorni, 179 giorni<\/td><\/tr><\/tbody><\/table><\/figure>\n\n\n\n<p>L&#8217;utente accetta espressamente, utilizzando il presente sito web, il trattamento delle informazioni raccolte secondo le modalit\u00e0 e per le finalit\u00e0 sopra indicate. L&#8217;utente riconosce inoltre di essere a conoscenza della possibilit\u00e0 di rifiutare il trattamento di tali dati o informazioni rifiutando l&#8217;uso dei cookie selezionando le impostazioni appropriate a tale scopo nel proprio browser o nello strumento di configurazione del nostro sito web. Riconoscete inoltre che questa opzione di blocco dei cookie nel vostro browser potrebbe non consentirvi di utilizzare appieno tutte le funzionalit\u00e0 del nostro sito web.  <\/p>\n\n\n\n<p>Inoltre, l&#8217;utente pu\u00f2 informarsi sui trasferimenti verso paesi terzi che, se del caso, vengono effettuati dalle terze parti identificate nella presente informativa sui cookie nelle rispettive informative, alle quali forniamo i relativi link:<\/p>\n\n\n\n<ol class=\"wp-block-list\">\n<li><a href=\"https:\/\/atpscan.global.hornetsecurity.com\/index.php?atp_str=0V6tnUVjdsb8TU2y3HvJ7w1JlnE7TXlHZl-iFscu0rzQ4wWwiyQ2yE0wZHLOuzo0JGiAhKMehwakorM80MQjYUcPJO65Ti8RMelj9Z4d_iwiRE0ZwiT826q5h_dnjipQzyLizStGzqZF6aPgM1o5OLQjCJ2REh_Vb4TSnZfYiJydCLMFnCywxkLqOHRKZl4nSDsk0t5s4fS-U2qzdBp7olRWDr89VflUpvcLXXF35BEDpmKvr7K3eBcObaOdPd1dExz6R90LC8UjzHdliHuciZ5aYijMvIQ-zF2_ew9P4fFEL5h4SX6mkXo-qiM6OiP8kS-zYaoV7mYm9P0jOjojq5TJRzeX8bP_cC7YG0ysBg\" target=\"_blank\" rel=\"noreferrer noopener\">Google<\/a><\/li>\n\n\n\n<li><a href=\"https:\/\/www.facebook.com\/about\/privacy\" target=\"_blank\" rel=\"noreferrer noopener\">Facebook<\/a><\/li>\n\n\n\n<li><a href=\"https:\/\/atpscan.global.hornetsecurity.com\/index.php?atp_str=VpLDWARM7LT38XVDZKV-7pzwWFDK_FoXf7gXi-Qc85bQxCo1_fzxBw_cB4lOIFt3txNbqJy4AFDBoOwbRZf36aulRnQoCga8ysdgTqETOqTXIoLO4KLlgay39wEMeCmENSjuhlzWcsWJW0SLagrWSM3JSSDwYU_1nECKqm1RfuAmjuwrWIUR6s-MgblI8C3yRGpyhK_PpqVz-qSDXmpB3HBJc4aYwkdHk-qNOJrjv57npFBjnDV0nJABNqU5MsHPgVcYiYGViNXJa2MQJ7To_rsk5BKXbZXb5RiSqJlZTWtMUEpOSPAUQxfNEXsjOjojrQC6ZxJwQrov309eIzo6I1KPj8ICusBZMmiy7-cUOpc\" target=\"_blank\" rel=\"noreferrer noopener\">Bing<\/a><\/li>\n\n\n\n<li><a href=\"https:\/\/atpscan.global.hornetsecurity.com\/index.php?atp_str=5CMSG8zZEaOIrHRum_QqH1-S-Mq0MT-LznbdAsN-CkPqCJs0SXzmRs0XFDpHtYinJGPXmeiY0EG3cPcbUp108z__cF9-REA4t6-xhQj7UP2wLvO3Yh4HacULkK0Ibbu46z9pXYSNOatt6VQpHQYL_MPYCVEWVSmydSpShhRlVr1T5wYJvvUm1pNbqnpQbvmxqZlMiDhihPJZitK6A0TeVYU6ddCIVkEJ4HRLfy0hozH9Xd6tX9KmT4OHvVDWDCyuZrNuJNg1Hs12m7iNIjbyTfM-_LlVEJMAQyJhPHN1uGHVmd6HYfZOeD3vdMKiyyM6OiNDaSYiP7YotUTajBgjOjojiY5B8y-N4k2HuLXwBDsv9Q\" target=\"_blank\" rel=\"noreferrer noopener\">AdForm<\/a><\/li>\n<\/ol>\n\n\n\n<p><strong>Abilitazione, blocco o cancellazione dei cookie<\/strong><\/p>\n\n\n\n<p>\u00c8 possibile consentire, bloccare o eliminare i cookie installati sul computer configurando le opzioni del browser installato sul computer:<\/p>\n\n\n\n<ol class=\"wp-block-list\">\n<li><a href=\"https:\/\/support.apple.com\/es-es\/guide\/safari\/sfri11471\/mac\">Safari<\/a><\/li>\n\n\n\n<li><a href=\"https:\/\/support.google.com\/accounts\/answer\/61416?co=GENIE.Platform%3DDesktop&amp;hl=es\">Cromo<\/a><\/li>\n\n\n\n<li><a href=\"https:\/\/support.microsoft.com\/es-es\/topic\/eliminar-y-administrar-cookies-168dab11-0753-043d-7c16-ede5947fc64d\">Esploratore<\/a><\/li>\n\n\n\n<li><a href=\"https:\/\/support.mozilla.org\/es\/kb\/habilitar-y-deshabilitar-cookies-sitios-web-rastrear-preferencias\">Firefox<\/a><\/li>\n<\/ol>\n\n\n\n<p><strong>Modifiche alla nostra politica sui cookie<\/strong><\/p>\n\n\n\n<p>\u00c8 possibile che la struttura e le funzionalit\u00e0 di questo sito web vengano modificate per aggiungere nuove sezioni, servizi o contenuti, il che potrebbe comportare una modifica del suo utilizzo e, di conseguenza, della nostra politica sui cookie. Si consiglia pertanto agli utenti di rivedere le politiche sui cookie pubblicate ogni volta che accedono al nostro sito web, nel caso in cui siano state apportate modifiche dall&#8217;ultima visita. <\/p>\n\n\n\n<p><strong><em>Maggio 2025.<\/em><\/strong><\/p>\n\n\n\n<p><\/p>\n\n\n\n<div style=\"height:20px\" aria-hidden=\"true\" class=\"wp-block-spacer\"><\/div>\n<\/div>\n","protected":false},"excerpt":{"rendered":"<p>Politica sui cookie Un cookie \u00e8 una piccola porzione di dati (file di testo) che un sito web, una piattaforma o un&#8217;applicazione, quando viene visitata da un utente, chiede al browser di poter memorizzare sul dispositivo. In questo modo, consente di memorizzare informazioni sull&#8217;utente al fine, tra l&#8217;altro, di memorizzare e recuperare informazioni sulle abitudini [&hellip;]<\/p>\n","protected":false},"author":7,"featured_media":0,"parent":0,"menu_order":0,"comment_status":"closed","ping_status":"closed","template":"page-no-title","meta":{"inline_featured_image":false,"footnotes":""},"class_list":["post-31013","page","type-page","status-publish","hentry"],"yoast_head":"<!-- This site is optimized with the Yoast SEO plugin v27.2 - https:\/\/yoast.com\/product\/yoast-seo-wordpress\/ -->\n<title>Politica sui cookie - Gravida<\/title>\n<meta name=\"robots\" content=\"index, follow, max-snippet:-1, max-image-preview:large, max-video-preview:-1\" \/>\n<link rel=\"canonical\" href=\"https:\/\/gravida.com\/it\/politica-sui-cookie\/\" \/>\n<meta property=\"og:locale\" content=\"it_IT\" \/>\n<meta property=\"og:type\" content=\"article\" \/>\n<meta property=\"og:title\" content=\"Politica sui cookie - Gravida\" \/>\n<meta property=\"og:description\" content=\"Politica sui cookie Un cookie \u00e8 una piccola porzione di dati (file di testo) che un sito web, una piattaforma o un&#8217;applicazione, quando viene visitata da un utente, chiede al browser di poter memorizzare sul dispositivo. In questo modo, consente di memorizzare informazioni sull&#8217;utente al fine, tra l&#8217;altro, di memorizzare e recuperare informazioni sulle abitudini [&hellip;]\" \/>\n<meta property=\"og:url\" content=\"https:\/\/gravida.com\/it\/politica-sui-cookie\/\" \/>\n<meta property=\"og:site_name\" content=\"Gravida\" \/>\n<meta property=\"og:image\" content=\"https:\/\/gravida.com\/wp-content\/uploads\/2023\/11\/clinica-fertilidad-barcelona-e1588845943328.webp\" \/>\n\t<meta property=\"og:image:width\" content=\"1150\" \/>\n\t<meta property=\"og:image:height\" content=\"529\" \/>\n\t<meta property=\"og:image:type\" content=\"image\/webp\" \/>\n<meta name=\"twitter:card\" content=\"summary_large_image\" \/>\n<meta name=\"twitter:label1\" content=\"Tempo di lettura stimato\" \/>\n\t<meta name=\"twitter:data1\" content=\"4 minuti\" \/>\n<script type=\"application\/ld+json\" class=\"yoast-schema-graph\">{\"@context\":\"https:\/\/schema.org\",\"@graph\":[{\"@type\":\"WebPage\",\"@id\":\"https:\/\/gravida.com\/it\/politica-sui-cookie\/\",\"url\":\"https:\/\/gravida.com\/it\/politica-sui-cookie\/\",\"name\":\"Politica sui cookie - Gravida\",\"isPartOf\":{\"@id\":\"https:\/\/gravida.com\/it\/#website\"},\"datePublished\":\"2025-06-04T11:42:06+00:00\",\"inLanguage\":\"it-IT\",\"potentialAction\":[{\"@type\":\"ReadAction\",\"target\":[\"https:\/\/gravida.com\/it\/politica-sui-cookie\/\"]}]},{\"@type\":\"WebSite\",\"@id\":\"https:\/\/gravida.com\/it\/#website\",\"url\":\"https:\/\/gravida.com\/it\/\",\"name\":\"Gravida\",\"description\":\"Ciencia al Servicio de la Vida\",\"publisher\":{\"@id\":\"https:\/\/gravida.com\/it\/#organization\"},\"potentialAction\":[{\"@type\":\"SearchAction\",\"target\":{\"@type\":\"EntryPoint\",\"urlTemplate\":\"https:\/\/gravida.com\/it\/?s={search_term_string}\"},\"query-input\":{\"@type\":\"PropertyValueSpecification\",\"valueRequired\":true,\"valueName\":\"search_term_string\"}}],\"inLanguage\":\"it-IT\"},{\"@type\":\"Organization\",\"@id\":\"https:\/\/gravida.com\/it\/#organization\",\"name\":\"Gravida\",\"url\":\"https:\/\/gravida.com\/it\/\",\"logo\":{\"@type\":\"ImageObject\",\"inLanguage\":\"it-IT\",\"@id\":\"https:\/\/gravida.com\/it\/#\/schema\/logo\/image\/\",\"url\":\"https:\/\/gravida.com\/wp-content\/uploads\/2024\/06\/logoads.svg\",\"contentUrl\":\"https:\/\/gravida.com\/wp-content\/uploads\/2024\/06\/logoads.svg\",\"width\":\"1024\",\"height\":\"1024\",\"caption\":\"Gravida\"},\"image\":{\"@id\":\"https:\/\/gravida.com\/it\/#\/schema\/logo\/image\/\"}}]}<\/script>\n<!-- \/ Yoast SEO plugin. -->","yoast_head_json":{"title":"Politica sui cookie - Gravida","robots":{"index":"index","follow":"follow","max-snippet":"max-snippet:-1","max-image-preview":"max-image-preview:large","max-video-preview":"max-video-preview:-1"},"canonical":"https:\/\/gravida.com\/it\/politica-sui-cookie\/","og_locale":"it_IT","og_type":"article","og_title":"Politica sui cookie - Gravida","og_description":"Politica sui cookie Un cookie \u00e8 una piccola porzione di dati (file di testo) che un sito web, una piattaforma o un&#8217;applicazione, quando viene visitata da un utente, chiede al browser di poter memorizzare sul dispositivo. In questo modo, consente di memorizzare informazioni sull&#8217;utente al fine, tra l&#8217;altro, di memorizzare e recuperare informazioni sulle abitudini [&hellip;]","og_url":"https:\/\/gravida.com\/it\/politica-sui-cookie\/","og_site_name":"Gravida","og_image":[{"width":1150,"height":529,"url":"https:\/\/gravida.com\/wp-content\/uploads\/2023\/11\/clinica-fertilidad-barcelona-e1588845943328.webp","type":"image\/webp"}],"twitter_card":"summary_large_image","twitter_misc":{"Tempo di lettura stimato":"4 minuti"},"schema":{"@context":"https:\/\/schema.org","@graph":[{"@type":"WebPage","@id":"https:\/\/gravida.com\/it\/politica-sui-cookie\/","url":"https:\/\/gravida.com\/it\/politica-sui-cookie\/","name":"Politica sui cookie - Gravida","isPartOf":{"@id":"https:\/\/gravida.com\/it\/#website"},"datePublished":"2025-06-04T11:42:06+00:00","inLanguage":"it-IT","potentialAction":[{"@type":"ReadAction","target":["https:\/\/gravida.com\/it\/politica-sui-cookie\/"]}]},{"@type":"WebSite","@id":"https:\/\/gravida.com\/it\/#website","url":"https:\/\/gravida.com\/it\/","name":"Gravida","description":"Ciencia al Servicio de la Vida","publisher":{"@id":"https:\/\/gravida.com\/it\/#organization"},"potentialAction":[{"@type":"SearchAction","target":{"@type":"EntryPoint","urlTemplate":"https:\/\/gravida.com\/it\/?s={search_term_string}"},"query-input":{"@type":"PropertyValueSpecification","valueRequired":true,"valueName":"search_term_string"}}],"inLanguage":"it-IT"},{"@type":"Organization","@id":"https:\/\/gravida.com\/it\/#organization","name":"Gravida","url":"https:\/\/gravida.com\/it\/","logo":{"@type":"ImageObject","inLanguage":"it-IT","@id":"https:\/\/gravida.com\/it\/#\/schema\/logo\/image\/","url":"https:\/\/gravida.com\/wp-content\/uploads\/2024\/06\/logoads.svg","contentUrl":"https:\/\/gravida.com\/wp-content\/uploads\/2024\/06\/logoads.svg","width":"1024","height":"1024","caption":"Gravida"},"image":{"@id":"https:\/\/gravida.com\/it\/#\/schema\/logo\/image\/"}}]}},"_links":{"self":[{"href":"https:\/\/gravida.com\/it\/wp-json\/wp\/v2\/pages\/31013","targetHints":{"allow":["GET"]}}],"collection":[{"href":"https:\/\/gravida.com\/it\/wp-json\/wp\/v2\/pages"}],"about":[{"href":"https:\/\/gravida.com\/it\/wp-json\/wp\/v2\/types\/page"}],"author":[{"embeddable":true,"href":"https:\/\/gravida.com\/it\/wp-json\/wp\/v2\/users\/7"}],"replies":[{"embeddable":true,"href":"https:\/\/gravida.com\/it\/wp-json\/wp\/v2\/comments?post=31013"}],"version-history":[{"count":0,"href":"https:\/\/gravida.com\/it\/wp-json\/wp\/v2\/pages\/31013\/revisions"}],"wp:attachment":[{"href":"https:\/\/gravida.com\/it\/wp-json\/wp\/v2\/media?parent=31013"}],"curies":[{"name":"wp","href":"https:\/\/api.w.org\/{rel}","templated":true}]}}