{"id":31052,"date":"2023-11-02T13:26:13","date_gmt":"2023-11-02T12:26:13","guid":{"rendered":"https:\/\/gravida.com\/politique-de-confidentialite\/"},"modified":"2023-11-02T13:26:13","modified_gmt":"2023-11-02T12:26:13","slug":"politique-de-confidentialite","status":"publish","type":"page","link":"https:\/\/gravida.com\/fr\/politique-de-confidentialite\/","title":{"rendered":"Politique de confidentialit\u00e9"},"content":{"rendered":"\n<div class=\"wp-block-group alignwide has-global-padding is-layout-constrained wp-block-group-is-layout-constrained\">\n<div style=\"height:50px\" aria-hidden=\"true\" class=\"wp-block-spacer\"><\/div>\n\n\n\n<div style=\"height:49px\" aria-hidden=\"true\" class=\"wp-block-spacer\"><\/div>\n\n\n\n<h1 class=\"wp-block-heading has-text-align-left has-large-font-size\">Politique de confidentialit\u00e9<\/h1>\n\n\n\n<p>Le pr\u00e9sent document r\u00e9git le traitement des donn\u00e9es \u00e0 caract\u00e8re personnel collect\u00e9es par le Centro Internacional de Reproducci\u00f3n Humana Asistida de Barcelona, SL (ci-apr\u00e8s, CIRHAB).<br><br>La pr\u00e9sente politique de protection des donn\u00e9es \u00e0 caract\u00e8re personnel (<strong>\u00ab\u00a0Politique de confidentialit\u00e9<\/strong>\u00ab\u00a0) a pour objet d&rsquo;expliquer comment nous obtenons, traitons et prot\u00e9geons les donn\u00e9es \u00e0 caract\u00e8re personnel que nous traitons dans le cadre de notre activit\u00e9.<\/p>\n\n\n\n<div style=\"height:20px\" aria-hidden=\"true\" class=\"wp-block-spacer\"><\/div>\n\n\n\n<h3 class=\"wp-block-heading has-medium-font-size\">Qui est le responsable du traitement de vos donn\u00e9es \u00e0 caract\u00e8re personnel ?<\/h3>\n\n\n\n<p>Le responsable du traitement de vos donn\u00e9es personnelles est CIRHAB, dont le num\u00e9ro d&rsquo;identification fiscale est B65006751. Ses coordonn\u00e9es sont les suivantes : <\/p>\n\n\n\n<ul class=\"wp-block-list\">\n<li>Av. Diagonal, 660, 16e \u00e9tage, 08034 Barcelone <\/li>\n\n\n\n<li>T\u00e9l\u00e9phone : 93 206 64 89<\/li>\n\n\n\n<li>Courriel : gravida@gravidabcn.com<\/li>\n<\/ul>\n\n\n\n<div style=\"height:20px\" aria-hidden=\"true\" class=\"wp-block-spacer\"><\/div>\n\n\n\n<h3 class=\"wp-block-heading has-medium-font-size\"><strong>Comment contacter le d\u00e9l\u00e9gu\u00e9 \u00e0 la protection des donn\u00e9es de CIRHAB ?<\/strong><\/h3>\n\n\n\n<p>Nous vous informons que CIRHAB a d\u00e9sign\u00e9 un d\u00e9l\u00e9gu\u00e9 \u00e0 la protection des donn\u00e9es (\u00ab\u00a0DPD\u00a0\u00bb) auquel vous pouvez vous adresser pour toute question relative au traitement de vos donn\u00e9es \u00e0 caract\u00e8re personnel. Vous pouvez contacter le d\u00e9l\u00e9gu\u00e9 \u00e0 la protection des donn\u00e9es \u00e0 l&rsquo;adresse \u00e9lectronique suivante : dpd@gravidabcn.com. <\/p>\n\n\n\n<div style=\"height:20px\" aria-hidden=\"true\" class=\"wp-block-spacer\"><\/div>\n\n\n\n<h3 class=\"wp-block-heading has-medium-font-size\"><strong>Quelles sont les raisons pour lesquelles nous traitons vos donn\u00e9es personnelles ?<\/strong><\/h3>\n\n\n\n<p>En g\u00e9n\u00e9ral, CIRHAB traitera vos donn\u00e9es personnelles aux fins et avec la l\u00e9gitimit\u00e9 d\u00e9crites ci-dessous :<\/p>\n\n\n\n<div style=\"height:10px\" aria-hidden=\"true\" class=\"wp-block-spacer\"><\/div>\n\n\n\n<h4 class=\"wp-block-heading has-contrast-color has-text-color has-link-color has-medium-font-size wp-elements-e151082300a45946288a432b69a7bf12\">Traitement fond\u00e9 sur votre consentement :<\/h4>\n\n\n\n<p>Nous pouvons collecter et traiter vos donn\u00e9es personnelles lorsque vous avez sp\u00e9cifiquement donn\u00e9 votre consentement ; par exemple, pour g\u00e9rer votre inscription sur le site web et r\u00e9pondre aux demandes faites par l&rsquo;interm\u00e9diaire du site web, pour participer \u00e0 des concours, pour g\u00e9rer les curriculum vitae, pour envoyer des communications commerciales et effectuer du profilage lorsque vous avez coch\u00e9 la case correspondante en remplissant le formulaire ou lorsque nous avons obtenu votre consentement lors de foires, d&rsquo;\u00e9v\u00e9nements et\/ou d&rsquo;autres activit\u00e9s qui peuvent \u00eatre men\u00e9es, ainsi que pour g\u00e9rer votre inscription en tant que m\u00e9decin ou collaborateur au sein de l&rsquo;Entit\u00e9.<\/p>\n\n\n\n<div style=\"height:10px\" aria-hidden=\"true\" class=\"wp-block-spacer\"><\/div>\n\n\n\n<h4 class=\"wp-block-heading has-contrast-color has-text-color has-link-color has-medium-font-size wp-elements-3875a0c1da4a541fe0cc1fa3e29d9996\">Traitements bas\u00e9s sur l&rsquo;ex\u00e9cution d&rsquo;un contrat :<\/h4>\n\n\n\n<p>Nous pouvons traiter vos donn\u00e9es personnelles dans le cadre de relations pr\u00e9contractuelles \u00e0 la demande des personnes concern\u00e9es ; par exemple, lorsque nous traitons des demandes d&rsquo;information relatives au traitement que nous proposons. De m\u00eame, nous pouvons traiter vos donn\u00e9es personnelles sur la base de l&rsquo;ex\u00e9cution d&rsquo;un contrat, par exemple, lorsque vous signez le consentement au traitement, entre autres. <\/p>\n\n\n\n<div style=\"height:10px\" aria-hidden=\"true\" class=\"wp-block-spacer\"><\/div>\n\n\n\n<h4 class=\"wp-block-heading has-contrast-color has-text-color has-link-color has-medium-font-size wp-elements-9369332987b243cb0261b34b4385005d\">Traitement fond\u00e9 sur l&rsquo;int\u00e9r\u00eat l\u00e9gitime :<\/h4>\n\n\n\n<p>Nous pouvons traiter vos donn\u00e9es personnelles lorsque nous avons un int\u00e9r\u00eat l\u00e9gal l\u00e9gitime ; par exemple, dans certains cas pour l&rsquo;envoi de communications commerciales et le profilage des patients de CIRHAB ou l&rsquo;envoi d&rsquo;enqu\u00eates de qualit\u00e9 sur les produits ou services fournis, les actions de fid\u00e9lisation, l&rsquo;envoi de conseils et de recommandations en mati\u00e8re de sant\u00e9 ou pour le d\u00e9veloppement, la conformit\u00e9, la diffusion et le contr\u00f4le de l&rsquo;assembl\u00e9e g\u00e9n\u00e9rale des actionnaires, \u00e0 condition que notre int\u00e9r\u00eat l\u00e9gitime pr\u00e9vale sur les droits et les libert\u00e9s de la personne concern\u00e9e.<\/p>\n\n\n\n<div style=\"height:20px\" aria-hidden=\"true\" class=\"wp-block-spacer\"><\/div>\n\n\n\n<h3 class=\"wp-block-heading has-medium-font-size\"><strong>Comment prot\u00e9geons-nous vos donn\u00e9es personnelles ?<\/strong><\/h3>\n\n\n\n<p>Chez CIRHAB, nous traitons vos donn\u00e9es personnelles avec une confidentialit\u00e9 absolue, en nous engageant \u00e0 les garder secr\u00e8tes et \u00e0 adopter toutes les mesures n\u00e9cessaires pour \u00e9viter leur alt\u00e9ration, perte, traitement ou acc\u00e8s non autoris\u00e9, conform\u00e9ment aux obligations l\u00e9gales qui s&rsquo;appliquent \u00e0 nous en tant que responsable du traitement des donn\u00e9es.<\/p>\n\n\n\n<p>CIRHAB s&rsquo;engage \u00e0 maintenir et \u00e0 mettre en \u0153uvre les niveaux de s\u00e9curit\u00e9 n\u00e9cessaires, en tenant compte de l&rsquo;\u00e9tat de la technologie, de la nature des donn\u00e9es stock\u00e9es et des risques associ\u00e9s.<\/p>\n\n\n\n<div style=\"height:20px\" aria-hidden=\"true\" class=\"wp-block-spacer\"><\/div>\n\n\n\n<h3 class=\"wp-block-heading has-medium-font-size\"><strong>Combien de temps conserverons-nous vos donn\u00e9es personnelles ?<\/strong><\/h3>\n\n\n\n<p>Nous traiterons vos donn\u00e9es \u00e0 caract\u00e8re personnel aussi longtemps que les consentements que vous nous avez donn\u00e9s resteront en vigueur ou que vous n&rsquo;aurez pas mis fin \u00e0 votre relation contractuelle ou commerciale avec nous.<\/p>\n\n\n\n<p>Ainsi, nous cesserons de traiter vos donn\u00e9es personnelles une fois que vous aurez r\u00e9voqu\u00e9 votre consentement ou que votre relation contractuelle ou commerciale avec CIRHAB aura pris fin, \u00e0 condition que vos donn\u00e9es ne soient plus n\u00e9cessaires aux fins pour lesquelles elles ont \u00e9t\u00e9 collect\u00e9es ou trait\u00e9es.<\/p>\n\n\n\n<p>Sans pr\u00e9judice de ce qui pr\u00e9c\u00e8de, vos donn\u00e9es \u00e0 caract\u00e8re personnel seront bloqu\u00e9es pendant les d\u00e9lais de prescription pr\u00e9vus par la loi. \u00c0 cet \u00e9gard, l&rsquo;exercice du droit \u00e0 l&rsquo;effacement ne r\u00e9duira pas les d\u00e9lais de conservation pr\u00e9vus par la loi. <\/p>\n\n\n\n<div style=\"height:20px\" aria-hidden=\"true\" class=\"wp-block-spacer\"><\/div>\n\n\n\n<h3 class=\"wp-block-heading has-medium-font-size\"><strong>\u00c0 quels destinataires pouvons-nous communiquer vos donn\u00e9es personnelles ?<\/strong><\/h3>\n\n\n\n<p>Le destinataire de l&rsquo;information est CIRHAB et les autres entit\u00e9s du groupe pour les entit\u00e9s faisant partie du groupe Assist\u00e8ncia et ses soci\u00e9t\u00e9s li\u00e9es (SCIAS, S.C.C.C.L. ; Autogesti\u00f3 Sanit\u00e0ria, S.C.C.L. ; BIOPAT, S.L. ; AIALE, S.A. ; AERETIC, S.L. ; CIRHAB, S.L. ; ANDAIRA, S.L.) pour le traitement des donn\u00e9es pour les m\u00eames finalit\u00e9s que celles indiqu\u00e9es ci-dessus et conform\u00e9ment \u00e0 l&rsquo;objet social de chacune d&rsquo;entre elles.CIRHAB, S.L. ; ANDAIRA, S.L.) pour le traitement des donn\u00e9es aux m\u00eames fins que celles indiqu\u00e9es ci-dessus et conform\u00e9ment \u00e0 l&rsquo;objet social de chacune d&rsquo;entre elles, tant qu&rsquo;elles feront partie ou demeureront dans le Groupe Corporatif susmentionn\u00e9, y compris les soci\u00e9t\u00e9s apparent\u00e9es.<\/p>\n\n\n\n<div style=\"height:20px\" aria-hidden=\"true\" class=\"wp-block-spacer\"><\/div>\n\n\n\n<h3 class=\"wp-block-heading has-medium-font-size\"><strong>Quels sont vos droits concernant les donn\u00e9es que vous nous fournissez et comment pouvez-vous les exercer ?<\/strong><\/h3>\n\n\n\n<p>Conform\u00e9ment \u00e0 la l\u00e9gislation europ\u00e9enne sur la protection des donn\u00e9es, vous disposez des droits suivants :<\/p>\n\n\n\n<div style=\"height:10px\" aria-hidden=\"true\" class=\"wp-block-spacer\"><\/div>\n\n\n\n<h4 class=\"wp-block-heading has-contrast-color has-text-color has-link-color has-medium-font-size wp-elements-0671030516e207bbbaf2c94180203449\"><strong>Droit d&rsquo;acc\u00e8s<\/strong><\/h4>\n\n\n\n<p>Vous avez le droit, d&rsquo;une part, d&rsquo;acc\u00e9der \u00e0 vos donn\u00e9es personnelles trait\u00e9es par CIRHAB et, d&rsquo;autre part, d&rsquo;obtenir certaines informations sur la mani\u00e8re dont vos donn\u00e9es personnelles sont trait\u00e9es.<\/p>\n\n\n\n<div style=\"height:10px\" aria-hidden=\"true\" class=\"wp-block-spacer\"><\/div>\n\n\n\n<h4 class=\"wp-block-heading has-contrast-color has-text-color has-link-color has-medium-font-size wp-elements-a9a2f83fd80003da642aef60170921f2\"><strong>Droit de retirer son consentement<\/strong><\/h4>\n\n\n\n<p>Vous avez le droit de retirer votre consentement \u00e0 tout moment lorsque vous avez donn\u00e9 votre consentement au traitement de vos donn\u00e9es \u00e0 caract\u00e8re personnel. Le retrait du consentement n&rsquo;affecte pas la l\u00e9galit\u00e9 du traitement effectu\u00e9 avant le retrait. <\/p>\n\n\n\n<div style=\"height:10px\" aria-hidden=\"true\" class=\"wp-block-spacer\"><\/div>\n\n\n\n<h4 class=\"wp-block-heading has-contrast-color has-text-color has-link-color has-medium-font-size wp-elements-89d1de4ba51bdc54a483f1dc98cfcbc2\">Droit de rectification<\/h4>\n\n\n\n<p>Vous avez le droit de rectifier vos donn\u00e9es personnelles si elles sont inexactes et de faire compl\u00e9ter les donn\u00e9es personnelles incompl\u00e8tes.<\/p>\n\n\n\n<div style=\"height:10px\" aria-hidden=\"true\" class=\"wp-block-spacer\"><\/div>\n\n\n\n<h4 class=\"wp-block-heading has-contrast-color has-text-color has-link-color has-medium-font-size wp-elements-4e8a16605bf078aa92146311c52442a3\">Droit d&rsquo;opposition<\/h4>\n\n\n\n<p>Vous avez le droit de vous opposer au traitement de vos donn\u00e9es \u00e0 caract\u00e8re personnel lorsque ce traitement est effectu\u00e9 \u00e0 des fins de marketing direct, qu&rsquo;il est fond\u00e9 sur l&rsquo;int\u00e9r\u00eat l\u00e9gitime ou sur une mission d&rsquo;int\u00e9r\u00eat public.<\/p>\n\n\n\n<p>Une fois ce droit exerc\u00e9, CIRHAB cessera de traiter vos donn\u00e9es, \u00e0 moins qu&rsquo;elle ne puisse d\u00e9montrer des raisons imp\u00e9rieuses qui l&#8217;emportent sur les int\u00e9r\u00eats, les droits et les libert\u00e9s de la personne concern\u00e9e, ou pour la formulation, l&rsquo;exercice ou la d\u00e9fense de r\u00e9clamations.<\/p>\n\n\n\n<div style=\"height:10px\" aria-hidden=\"true\" class=\"wp-block-spacer\"><\/div>\n\n\n\n<h4 class=\"wp-block-heading has-contrast-color has-text-color has-link-color has-medium-font-size wp-elements-9a6c05609baf2b7e3a06b3fa423825a4\">Droit de suppression<\/h4>\n\n\n\n<p>Vous avez le droit d&rsquo;obtenir la suppression de vos donn\u00e9es \u00e0 caract\u00e8re personnel lorsque certaines circonstances se pr\u00e9sentent (entre autres, les donn\u00e9es ne sont plus n\u00e9cessaires aux fins pour lesquelles elles ont \u00e9t\u00e9 collect\u00e9es, le consentement sur lequel le traitement \u00e9tait fond\u00e9 est r\u00e9voqu\u00e9 ou la personne concern\u00e9e s&rsquo;oppose au traitement).<\/p>\n\n\n\n<div style=\"height:10px\" aria-hidden=\"true\" class=\"wp-block-spacer\"><\/div>\n\n\n\n<h4 class=\"wp-block-heading has-contrast-color has-text-color has-link-color has-medium-font-size wp-elements-5ea211a50ea8c3860a91b85c2c901d16\">Droit de prescription<\/h4>\n\n\n\n<p>Vous avez le droit d&rsquo;arr\u00eater le traitement de vos donn\u00e9es dans certains cas. Par exemple, vous pouvez exercer ce droit si vous vous \u00eates oppos\u00e9 \u00e0 recevoir des communications marketing de notre part pendant que nous traitons votre demande. <\/p>\n\n\n\n<div style=\"height:10px\" aria-hidden=\"true\" class=\"wp-block-spacer\"><\/div>\n\n\n\n<h4 class=\"wp-block-heading has-contrast-color has-text-color has-link-color has-medium-font-size wp-elements-95ac8d3d412987db12f2b8b7d5ea9dce\">Droit \u00e0 la portabilit\u00e9<\/h4>\n\n\n\n<p>Vous avez le droit de recevoir les donn\u00e9es \u00e0 caract\u00e8re personnel que vous avez fournies \u00e0 CIRHAB dans un format structur\u00e9, couramment utilis\u00e9 et lisible par machine, et de les transmettre \u00e0 un autre responsable du traitement, si les conditions suivantes sont remplies :<\/p>\n\n\n\n<ul class=\"wp-block-list\">\n<li>Le traitement est fond\u00e9 sur le consentement ou sur un contrat.<\/li>\n\n\n\n<li>Le traitement est effectu\u00e9 par des moyens automatis\u00e9s.<\/li>\n<\/ul>\n\n\n\n<div style=\"height:10px\" aria-hidden=\"true\" class=\"wp-block-spacer\"><\/div>\n\n\n\n<h4 class=\"wp-block-heading has-contrast-color has-text-color has-link-color has-medium-font-size wp-elements-340ce9f916c543d5bd85fc5fd876ec71\">Droit de ne pas faire l&rsquo;objet de d\u00e9cisions automatis\u00e9es<\/h4>\n\n\n\n<p>Vous avez le droit de ne pas faire l&rsquo;objet d&rsquo;une d\u00e9cision fond\u00e9e exclusivement sur un traitement automatis\u00e9 de vos donn\u00e9es, y compris le profilage, qui produit des effets juridiques ou vous porte pr\u00e9judice, \u00e0 moins que la d\u00e9cision ne soit n\u00e9cessaire \u00e0 la conclusion ou \u00e0 l&rsquo;ex\u00e9cution d&rsquo;un contrat entre la personne concern\u00e9e et CIRHAB, qu&rsquo;elle ne soit fond\u00e9e sur le consentement explicite de la personne concern\u00e9e ou qu&rsquo;elle ne soit autoris\u00e9e par le droit de l&rsquo;Union ou le droit de l&rsquo;\u00c9tat membre concern\u00e9.<\/p>\n\n\n\n<p>Les droits peuvent \u00eatre exerc\u00e9s en joignant une copie scann\u00e9e de la carte d&rsquo;identit\u00e9 ou d&rsquo;un document \u00e9quivalent, indiquant le droit \u00e0 exercer et pour lequel le traitement est effectu\u00e9 par le biais des canaux suivants :<\/p>\n\n\n\n<ul class=\"wp-block-list\">\n<li>Au d\u00e9l\u00e9gu\u00e9 \u00e0 la protection des donn\u00e9es par courrier \u00e9lectronique \u00e0 l&rsquo;adresse dpd@gravidabcn.com.<\/li>\n\n\n\n<li>Par courrier \u00e9lectronique \u00e0 l&rsquo;adresse gravida@gravidabcn.com<\/li>\n\n\n\n<li>Par courrier \u00e0 l&rsquo;adresse suivante Av. Diagonal, 660, 16e \u00e9tage, 08034 Barcelone. <\/li>\n<\/ul>\n\n\n\n<p>CIRHAB r\u00e9pondra \u00e0 votre demande d&rsquo;exercice du droit dans un d\u00e9lai maximum d&rsquo;un mois. Dans le cas de demandes particuli\u00e8rement complexes, le d\u00e9lai de r\u00e9ponse peut \u00eatre prolong\u00e9 jusqu&rsquo;\u00e0 deux mois. <\/p>\n\n\n\n<p>Enfin, vous pouvez d\u00e9poser une plainte aupr\u00e8s de l&rsquo;Agence espagnole de protection des donn\u00e9es par l&rsquo;interm\u00e9diaire de son si\u00e8ge \u00e9lectronique.<\/p>\n\n\n\n<div style=\"height:20px\" aria-hidden=\"true\" class=\"wp-block-spacer\"><\/div>\n\n\n\n<h3 class=\"wp-block-heading has-medium-font-size\">Utilisation du courrier \u00e9lectronique<\/h3>\n\n\n\n<p>CIRHAB et ses employ\u00e9s utiliseront le courrier \u00e9lectronique de l&rsquo;entreprise avec la plus grande diligence et confidentialit\u00e9. \u00c0 cet \u00e9gard, si vous devez nous fournir de la documentation, nous vous recommandons de le faire \u00e0 travers la zone priv\u00e9e de notre site web et, si cela n&rsquo;est pas possible, de nous l&rsquo;envoyer crypt\u00e9e par courrier \u00e9lectronique, en joignant le mot de passe s\u00e9par\u00e9ment. <\/p>\n\n\n\n<div style=\"height:20px\" aria-hidden=\"true\" class=\"wp-block-spacer\"><\/div>\n\n\n\n<h3 class=\"wp-block-heading has-medium-font-size\">Politique en mati\u00e8re de cookies<\/h3>\n\n\n\n<p>Un cookie est un fichier ou un dispositif qui est t\u00e9l\u00e9charg\u00e9 sur le terminal d&rsquo;un utilisateur dans le but de stocker des donn\u00e9es qui peuvent \u00eatre mises \u00e0 jour et r\u00e9cup\u00e9r\u00e9es par l&rsquo;entit\u00e9 responsable de son installation.<\/p>\n\n\n\n<p>Vous pouvez consulter notre politique en mati\u00e8re de cookies dans le lien suivant, ainsi que configurer le consentement de l&rsquo;utilisation de ceux-ci.<\/p>\n\n\n\n<p>CIRHAB se r\u00e9serve le droit de modifier sa Politique de Confidentialit\u00e9 sans pr\u00e9avis, selon ses propres crit\u00e8res, motiv\u00e9s par un changement l\u00e9gislatif, jurisprudentiel ou doctrinal de l&rsquo;Agence Espagnole de Protection des Donn\u00e9es. Conform\u00e9ment \u00e0 ce qui pr\u00e9c\u00e8de, nous vous sugg\u00e9rons de revoir p\u00e9riodiquement notre politique de confidentialit\u00e9. <\/p>\n\n\n\n<p><\/p>\n\n\n\n<p><em><strong>Mars 2025<\/strong><\/em><\/p>\n\n\n\n<div style=\"height:50px\" aria-hidden=\"true\" class=\"wp-block-spacer\"><\/div>\n<\/div>\n","protected":false},"excerpt":{"rendered":"<p>Politique de confidentialit\u00e9 Le pr\u00e9sent document r\u00e9git le traitement des donn\u00e9es \u00e0 caract\u00e8re personnel collect\u00e9es par le Centro Internacional de Reproducci\u00f3n Humana Asistida de Barcelona, SL (ci-apr\u00e8s, CIRHAB). La pr\u00e9sente politique de protection des donn\u00e9es \u00e0 caract\u00e8re personnel (\u00ab\u00a0Politique de confidentialit\u00e9\u00ab\u00a0) a pour objet d&rsquo;expliquer comment nous obtenons, traitons et prot\u00e9geons les donn\u00e9es \u00e0 caract\u00e8re [&hellip;]<\/p>\n","protected":false},"author":9,"featured_media":0,"parent":0,"menu_order":0,"comment_status":"closed","ping_status":"closed","template":"page-no-title","meta":{"inline_featured_image":false,"footnotes":""},"class_list":["post-31052","page","type-page","status-publish","hentry"],"yoast_head":"<!-- This site is optimized with the Yoast SEO plugin v27.2 - https:\/\/yoast.com\/product\/yoast-seo-wordpress\/ -->\n<title>Politique de confidentialit\u00e9 - Gravida<\/title>\n<meta name=\"robots\" content=\"noindex, nofollow\" \/>\n<meta property=\"og:locale\" content=\"fr_FR\" \/>\n<meta property=\"og:type\" content=\"article\" \/>\n<meta property=\"og:title\" content=\"Politique de confidentialit\u00e9 - Gravida\" \/>\n<meta property=\"og:description\" content=\"Politique de confidentialit\u00e9 Le pr\u00e9sent document r\u00e9git le traitement des donn\u00e9es \u00e0 caract\u00e8re personnel collect\u00e9es par le Centro Internacional de Reproducci\u00f3n Humana Asistida de Barcelona, SL (ci-apr\u00e8s, CIRHAB). La pr\u00e9sente politique de protection des donn\u00e9es \u00e0 caract\u00e8re personnel (\u00ab\u00a0Politique de confidentialit\u00e9\u00ab\u00a0) a pour objet d&rsquo;expliquer comment nous obtenons, traitons et prot\u00e9geons les donn\u00e9es \u00e0 caract\u00e8re [&hellip;]\" \/>\n<meta property=\"og:url\" content=\"https:\/\/gravida.com\/fr\/politique-de-confidentialite\/\" \/>\n<meta property=\"og:site_name\" content=\"Gravida\" \/>\n<meta property=\"og:image\" content=\"https:\/\/gravida.com\/wp-content\/uploads\/2023\/11\/clinica-fertilidad-barcelona-e1588845943328.webp\" \/>\n\t<meta property=\"og:image:width\" content=\"1150\" \/>\n\t<meta property=\"og:image:height\" content=\"529\" \/>\n\t<meta property=\"og:image:type\" content=\"image\/webp\" \/>\n<meta name=\"twitter:card\" content=\"summary_large_image\" \/>\n<meta name=\"twitter:label1\" content=\"Dur\u00e9e de lecture estim\u00e9e\" \/>\n\t<meta name=\"twitter:data1\" content=\"9 minutes\" \/>\n<script type=\"application\/ld+json\" class=\"yoast-schema-graph\">{\"@context\":\"https:\/\/schema.org\",\"@graph\":[{\"@type\":\"WebPage\",\"@id\":\"https:\/\/gravida.com\/fr\/politique-de-confidentialite\/\",\"url\":\"https:\/\/gravida.com\/fr\/politique-de-confidentialite\/\",\"name\":\"Politique de confidentialit\u00e9 - Gravida\",\"isPartOf\":{\"@id\":\"https:\/\/gravida.com\/fr\/#website\"},\"datePublished\":\"2023-11-02T12:26:13+00:00\",\"inLanguage\":\"fr-FR\",\"potentialAction\":[{\"@type\":\"ReadAction\",\"target\":[\"https:\/\/gravida.com\/fr\/politique-de-confidentialite\/\"]}]},{\"@type\":\"WebSite\",\"@id\":\"https:\/\/gravida.com\/fr\/#website\",\"url\":\"https:\/\/gravida.com\/fr\/\",\"name\":\"Gravida\",\"description\":\"Ciencia al Servicio de la Vida\",\"publisher\":{\"@id\":\"https:\/\/gravida.com\/fr\/#organization\"},\"potentialAction\":[{\"@type\":\"SearchAction\",\"target\":{\"@type\":\"EntryPoint\",\"urlTemplate\":\"https:\/\/gravida.com\/fr\/?s={search_term_string}\"},\"query-input\":{\"@type\":\"PropertyValueSpecification\",\"valueRequired\":true,\"valueName\":\"search_term_string\"}}],\"inLanguage\":\"fr-FR\"},{\"@type\":\"Organization\",\"@id\":\"https:\/\/gravida.com\/fr\/#organization\",\"name\":\"Gravida\",\"url\":\"https:\/\/gravida.com\/fr\/\",\"logo\":{\"@type\":\"ImageObject\",\"inLanguage\":\"fr-FR\",\"@id\":\"https:\/\/gravida.com\/fr\/#\/schema\/logo\/image\/\",\"url\":\"https:\/\/gravida.com\/wp-content\/uploads\/2024\/06\/logoads.svg\",\"contentUrl\":\"https:\/\/gravida.com\/wp-content\/uploads\/2024\/06\/logoads.svg\",\"width\":\"1024\",\"height\":\"1024\",\"caption\":\"Gravida\"},\"image\":{\"@id\":\"https:\/\/gravida.com\/fr\/#\/schema\/logo\/image\/\"}}]}<\/script>\n<!-- \/ Yoast SEO plugin. -->","yoast_head_json":{"title":"Politique de confidentialit\u00e9 - Gravida","robots":{"index":"noindex","follow":"nofollow"},"og_locale":"fr_FR","og_type":"article","og_title":"Politique de confidentialit\u00e9 - Gravida","og_description":"Politique de confidentialit\u00e9 Le pr\u00e9sent document r\u00e9git le traitement des donn\u00e9es \u00e0 caract\u00e8re personnel collect\u00e9es par le Centro Internacional de Reproducci\u00f3n Humana Asistida de Barcelona, SL (ci-apr\u00e8s, CIRHAB). La pr\u00e9sente politique de protection des donn\u00e9es \u00e0 caract\u00e8re personnel (\u00ab\u00a0Politique de confidentialit\u00e9\u00ab\u00a0) a pour objet d&rsquo;expliquer comment nous obtenons, traitons et prot\u00e9geons les donn\u00e9es \u00e0 caract\u00e8re [&hellip;]","og_url":"https:\/\/gravida.com\/fr\/politique-de-confidentialite\/","og_site_name":"Gravida","og_image":[{"width":1150,"height":529,"url":"https:\/\/gravida.com\/wp-content\/uploads\/2023\/11\/clinica-fertilidad-barcelona-e1588845943328.webp","type":"image\/webp"}],"twitter_card":"summary_large_image","twitter_misc":{"Dur\u00e9e de lecture estim\u00e9e":"9 minutes"},"schema":{"@context":"https:\/\/schema.org","@graph":[{"@type":"WebPage","@id":"https:\/\/gravida.com\/fr\/politique-de-confidentialite\/","url":"https:\/\/gravida.com\/fr\/politique-de-confidentialite\/","name":"Politique de confidentialit\u00e9 - Gravida","isPartOf":{"@id":"https:\/\/gravida.com\/fr\/#website"},"datePublished":"2023-11-02T12:26:13+00:00","inLanguage":"fr-FR","potentialAction":[{"@type":"ReadAction","target":["https:\/\/gravida.com\/fr\/politique-de-confidentialite\/"]}]},{"@type":"WebSite","@id":"https:\/\/gravida.com\/fr\/#website","url":"https:\/\/gravida.com\/fr\/","name":"Gravida","description":"Ciencia al Servicio de la Vida","publisher":{"@id":"https:\/\/gravida.com\/fr\/#organization"},"potentialAction":[{"@type":"SearchAction","target":{"@type":"EntryPoint","urlTemplate":"https:\/\/gravida.com\/fr\/?s={search_term_string}"},"query-input":{"@type":"PropertyValueSpecification","valueRequired":true,"valueName":"search_term_string"}}],"inLanguage":"fr-FR"},{"@type":"Organization","@id":"https:\/\/gravida.com\/fr\/#organization","name":"Gravida","url":"https:\/\/gravida.com\/fr\/","logo":{"@type":"ImageObject","inLanguage":"fr-FR","@id":"https:\/\/gravida.com\/fr\/#\/schema\/logo\/image\/","url":"https:\/\/gravida.com\/wp-content\/uploads\/2024\/06\/logoads.svg","contentUrl":"https:\/\/gravida.com\/wp-content\/uploads\/2024\/06\/logoads.svg","width":"1024","height":"1024","caption":"Gravida"},"image":{"@id":"https:\/\/gravida.com\/fr\/#\/schema\/logo\/image\/"}}]}},"_links":{"self":[{"href":"https:\/\/gravida.com\/fr\/wp-json\/wp\/v2\/pages\/31052","targetHints":{"allow":["GET"]}}],"collection":[{"href":"https:\/\/gravida.com\/fr\/wp-json\/wp\/v2\/pages"}],"about":[{"href":"https:\/\/gravida.com\/fr\/wp-json\/wp\/v2\/types\/page"}],"author":[{"embeddable":true,"href":"https:\/\/gravida.com\/fr\/wp-json\/wp\/v2\/users\/9"}],"replies":[{"embeddable":true,"href":"https:\/\/gravida.com\/fr\/wp-json\/wp\/v2\/comments?post=31052"}],"version-history":[{"count":0,"href":"https:\/\/gravida.com\/fr\/wp-json\/wp\/v2\/pages\/31052\/revisions"}],"wp:attachment":[{"href":"https:\/\/gravida.com\/fr\/wp-json\/wp\/v2\/media?parent=31052"}],"curies":[{"name":"wp","href":"https:\/\/api.w.org\/{rel}","templated":true}]}}