{"id":31048,"date":"2023-11-09T14:52:13","date_gmt":"2023-11-09T13:52:13","guid":{"rendered":"https:\/\/gravida.com\/contact\/"},"modified":"2025-07-04T09:07:23","modified_gmt":"2025-07-04T07:07:23","slug":"contact","status":"publish","type":"page","link":"https:\/\/gravida.com\/fr\/contact\/","title":{"rendered":"Contact"},"content":{"rendered":"\n<div class=\"wp-block-group alignwide is-layout-flow wp-block-group-is-layout-flow\" style=\"padding-top:var(--wp--preset--spacing--10);padding-right:0;padding-bottom:var(--wp--preset--spacing--10);padding-left:0\">\n<div style=\"height:70px\" aria-hidden=\"true\" class=\"wp-block-spacer\"><\/div>\n\n\n\n<div class=\"wp-block-columns are-vertically-aligned-center is-layout-flex wp-container-core-columns-is-layout-28f84493 wp-block-columns-is-layout-flex\">\n<div class=\"wp-block-column is-vertically-aligned-center is-layout-flow wp-block-column-is-layout-flow\" style=\"flex-basis:45%\">\n<div class=\"wp-block-group alignwide has-global-padding is-layout-constrained wp-block-group-is-layout-constrained wp-container-1 is-position-sticky\">\n<div class=\"wp-block-cover alignwide is-light has-aspect-ratio\" style=\"border-radius:21px;min-height:500px;aspect-ratio:3\/4;min-height:unset;\"><img loading=\"lazy\" decoding=\"async\" width=\"1066\" height=\"1600\" class=\"wp-block-cover__image-background wp-image-28746 size-full\" alt=\"\" src=\"https:\/\/gravida.com\/wp-content\/uploads\/2025\/06\/contacto-recepcion.jpeg\" data-object-fit=\"cover\" srcset=\"https:\/\/gravida.com\/wp-content\/uploads\/2025\/06\/contacto-recepcion.jpeg 1066w, https:\/\/gravida.com\/wp-content\/uploads\/2025\/06\/contacto-recepcion-200x300.jpeg 200w, https:\/\/gravida.com\/wp-content\/uploads\/2025\/06\/contacto-recepcion-682x1024.jpeg 682w, https:\/\/gravida.com\/wp-content\/uploads\/2025\/06\/contacto-recepcion-768x1153.jpeg 768w, https:\/\/gravida.com\/wp-content\/uploads\/2025\/06\/contacto-recepcion-1023x1536.jpeg 1023w\" sizes=\"auto, (max-width: 1066px) 100vw, 1066px\" \/><span aria-hidden=\"true\" class=\"wp-block-cover__background has-base-2-background-color has-background-dim-30 has-background-dim\"><\/span><div class=\"wp-block-cover__inner-container is-layout-flow wp-block-cover-is-layout-flow\">\n<p class=\"has-text-align-center has-large-font-size\"><\/p>\n<\/div><\/div>\n<\/div>\n<\/div>\n\n\n\n<div class=\"wp-block-column is-vertically-aligned-center is-layout-flow wp-block-column-is-layout-flow\" style=\"flex-basis:55%\">\n<div class=\"wp-block-group has-global-padding is-layout-constrained wp-container-core-group-is-layout-650790e1 wp-block-group-is-layout-constrained\">\n<h1 class=\"wp-block-heading has-text-align-left has-x-large-font-size\">Parlez-nous de votre cas<\/h1>\n\n\n\n<div style=\"height:1.25rem\" aria-hidden=\"true\" class=\"wp-block-spacer\"><\/div>\n\n\n\n<p><strong>Votre premi\u00e8re visite est gratuite. <\/strong>Contactez-nous et nous conviendrons d&rsquo;une premi\u00e8re visite au cours de laquelle nous trouverons la meilleure solution pour votre cas<strong>.<\/strong><\/p>\n\n\n\n<div class=\"wp-block-contact-form-7-contact-form-selector\">\n<div class=\"wpcf7 no-js\" id=\"wpcf7-f30961-o1\" lang=\"fr-FR\" dir=\"ltr\" data-wpcf7-id=\"30961\">\n<div class=\"screen-reader-response\"><p role=\"status\" aria-live=\"polite\" aria-atomic=\"true\"><\/p> <ul><\/ul><\/div>\n<form action=\"\/fr\/wp-json\/wp\/v2\/pages\/31048#wpcf7-f30961-o1\" method=\"post\" class=\"wpcf7-form init\" aria-label=\"Formulaire de contact\" novalidate=\"novalidate\" data-status=\"init\">\n<fieldset class=\"hidden-fields-container\"><input type=\"hidden\" name=\"_wpcf7\" value=\"30961\" \/><input type=\"hidden\" name=\"_wpcf7_version\" value=\"6.1.5\" \/><input type=\"hidden\" name=\"_wpcf7_locale\" value=\"fr_FR\" \/><input type=\"hidden\" name=\"_wpcf7_unit_tag\" value=\"wpcf7-f30961-o1\" \/><input type=\"hidden\" name=\"_wpcf7_container_post\" value=\"0\" \/><input type=\"hidden\" name=\"_wpcf7_posted_data_hash\" value=\"\" \/><input type=\"hidden\" name=\"_wpcf7dtx_version\" value=\"5.0.5\" \/>\n<\/fieldset>\n<style>\nul.conditions {padding-left:15px}\nul.conditions li{list-style:number;font-size: 1rem;}\n<\/style>\n<ul class=\"conditions\">\n\t<li>\n\t\t<p>Visite chez le m\u00e9decin sp\u00e9cialiste\n\t\t<\/p>\n\t<\/li>\n\t<li class=\"has-tooltip\" data-tooltip=\"Una evaluaci\u00f3n de la reserva ov\u00e1rica y un seminograma en casos de pareja masculina.\">\n\t\t<p>\u00c9tude sur la fertilit\u00e9\n\t\t<\/p>\n\t<\/li>\n\t<li>\n\t\t<p>Visite m\u00e9dicale pour les r\u00e9sultats et l'orientation diagnostique\n\t\t<\/p>\n\t<\/li>\n<\/ul>\n<div class=\"formpro\">\n\t<div class=\"full\">\n\t\t<p><span class=\"wpcf7-form-control-wrap\" data-name=\"your-name\"><input size=\"40\" maxlength=\"400\" class=\"wpcf7-form-control wpcf7-text wpcf7-validates-as-required\" aria-required=\"true\" aria-invalid=\"false\" placeholder=\"Pr\u00e9nom et nom de famille\" value=\"\" type=\"text\" name=\"your-name\" \/><\/span><br \/>\n<span class=\"wpcf7-form-control-wrap\" data-name=\"telefono\"><input size=\"40\" maxlength=\"400\" class=\"wpcf7-form-control wpcf7-tel wpcf7-validates-as-required wpcf7-text wpcf7-validates-as-tel\" aria-required=\"true\" aria-invalid=\"false\" placeholder=\"Telephone\" value=\"\" type=\"tel\" name=\"telefono\" \/><\/span><br \/>\n<span class=\"wpcf7-form-control-wrap\" data-name=\"your-email\"><input size=\"40\" maxlength=\"400\" class=\"wpcf7-form-control wpcf7-email wpcf7-validates-as-required wpcf7-text wpcf7-validates-as-email\" aria-required=\"true\" aria-invalid=\"false\" placeholder=\"Email\" value=\"\" type=\"email\" name=\"your-email\" \/><\/span><br \/>\n<span class=\"wpcf7-form-control-wrap\" data-name=\"textarea\"><textarea cols=\"40\" rows=\"10\" maxlength=\"2000\" class=\"wpcf7-form-control wpcf7-textarea\" aria-invalid=\"false\" placeholder=\"Commentaire\" name=\"textarea\"><\/textarea><\/span><br \/>\n\t\t<span class=\"wpcf7-form-control-wrap webpro\" data-name=\"webpro\"><input type=\"hidden\" name=\"webpro\" class=\"wpcf7-form-control wpcf7-hidden wpcf7dtx wpcf7dtx-hidden\" aria-invalid=\"false\" value=\"Contact\"><\/span>\n\t\t<\/p>\n\t\t<div class=\"legal\">\n\t\t\t<p><span class=\"wpcf7-form-control-wrap\" data-name=\"acceptance-201\"><span class=\"wpcf7-form-control wpcf7-acceptance\"><span class=\"wpcf7-list-item\"><label><input type=\"checkbox\" name=\"acceptance-201\" value=\"1\" aria-invalid=\"false\" \/><span class=\"wpcf7-list-item-label\">J'accepte les conditions d'<button type=\"button\" style=\"border:0;background:transparent;\" id=\"show-privacy-modal\">utilisation et la politique de confidentialit\u00e9.<\/button><\/span><\/label><\/span><\/span><\/span><br \/>\n<input type=\"hidden\" id=\"gclid_field\" name=\"gclid_field\" value=\"\" \/>\n\t\t\t<\/p>\n\t\t<\/div>\n\t\t<div class=\"buttonsend\">\n\t\t\t<p><input class=\"wpcf7-form-control wpcf7-submit has-spinner wp-block-button__link\" type=\"submit\" value=\"Envoyer\" \/>\n\t\t\t<\/p>\n\t\t<\/div>\n\t<\/div>\n<\/div>\n<div id=\"privacy-modal\" style=\"display:none; position:fixed; z-index:9999; left:0; top:0; width:100vw; height:100vh; background:rgba(0,0,0,0.6);\">\n\t<div style=\"background:#fff; max-width:500px; margin:80px auto; padding:30px; border-radius:12px; position:relative;\">\n\t\t<p><button id=\"close-privacy-modal\" style=\"position:absolute; top:10px; right:16px; font-size:20px; background:none; border:none; cursor:pointer;\">\u00d7<\/button>\n\t\t<\/p>\n\t\t<h4 class=\"h2\">Politique de confidentialit\u00e9 (r\u00e9sum\u00e9)\n\t\t<\/h4>\n\t\t<p><br \/>\nChez Gravida, nous prot\u00e9geons vos donn\u00e9es personnelles conform\u00e9ment au GDPR et \u00e0 la l\u00e9gislation en vigueur. Vos donn\u00e9es ne seront utilis\u00e9es que pour r\u00e9pondre \u00e0 votre demande et ne seront pas partag\u00e9es avec des tiers. Vous pouvez exercer vos droits d'acc\u00e8s, de rectification et de suppression en \u00e9crivant \u00e0 gravida@gravidabcn.com.<br \/>\n<a href=\"\/politica-privacidad\" target=\"_blank\" rel=\"noopener\">Voir la politique compl\u00e8te<\/a>\n\t\t<\/p>\n\t<\/div>\n<\/div><div class=\"wpcf7-response-output\" aria-hidden=\"true\"><\/div>\n<\/form>\n<\/div>\n<\/div>\n<\/div>\n<\/div>\n<\/div>\n\n\n\n<div style=\"height:28px\" aria-hidden=\"true\" class=\"wp-block-spacer\"><\/div>\n<\/div>\n\n\n\n<div class=\"wp-block-group alignwide has-global-padding is-layout-constrained wp-block-group-is-layout-constrained\" style=\"margin-top:var(--wp--preset--spacing--20);margin-bottom:var(--wp--preset--spacing--20)\">\n<div class=\"wp-block-columns alignwide are-vertically-aligned-center is-layout-flex wp-container-core-columns-is-layout-28f84493 wp-block-columns-is-layout-flex\">\n<div class=\"wp-block-column is-vertically-aligned-center is-layout-flow wp-block-column-is-layout-flow\" style=\"padding-top:var(--wp--preset--spacing--20);padding-right:var(--wp--preset--spacing--20);padding-bottom:var(--wp--preset--spacing--20);padding-left:var(--wp--preset--spacing--20);flex-basis:40%\">\n<h2 class=\"wp-block-heading\">Coordonn\u00e9es de la personne \u00e0 contacter<\/h2>\n\n\n\n<p><a href=\"https:\/\/maps.app.goo.gl\/MVSRJqtA8S6qVTEJ7\"><strong>Hospital de Barcelona<\/strong>: Av. Diagonal 660, 16th Floor, 08034 Barcelona <\/a><\/p>\n\n\n\n<p><strong>Courriel<\/strong>:<a href=\"mailto:%20gravida@gravidabcn.com\">gravida@gravidabcn.com<\/a><\/p>\n\n\n\n<p><strong>T\u00e9l\u00e9phone<\/strong>: +34 <a href=\"tel:+34932066489\">932 06 64 89<\/a><\/p>\n<\/div>\n\n\n\n<div class=\"wp-block-column is-vertically-aligned-center is-layout-flow wp-block-column-is-layout-flow\" style=\"flex-basis:60%\">\n<div class=\"wp-block-group mapacontact has-global-padding is-layout-constrained wp-block-group-is-layout-constrained\" style=\"border-radius:21px\">\n<iframe src=\"https:\/\/www.google.com\/maps\/embed?pb=!1m18!1m12!1m3!1d5986.577279203444!2d2.1252650849605477!3d41.389537597297725!2m3!1f0!2f0!3f0!3m2!1i1024!2i768!4f13.1!3m3!1m2!1s0x12a498666340498b%3A0xa23b0ccd390e2a25!2sGravida%20-%20Cl%C3%ADnica%20de%20Reproducci%C3%B3n%20asistida%20en%20Barcelona!5e0!3m2!1ses!2ses!4v1718624823475!5m2!1ses!2ses\" width=\"100%\" height=\"350px\" style=\"border:0;\" allowfullscreen=\"\" loading=\"lazy\" referrerpolicy=\"no-referrer-when-downgrade\"><\/iframe>\n<\/div>\n<\/div>\n<\/div>\n<\/div>\n\n\n\n<p><\/p>\n","protected":false},"excerpt":{"rendered":"<p>Parlez-nous de votre cas Votre premi\u00e8re visite est gratuite. Contactez-nous et nous conviendrons d&rsquo;une premi\u00e8re visite au cours de laquelle nous trouverons la meilleure solution pour votre cas. Coordonn\u00e9es de la personne \u00e0 contacter Hospital de Barcelona: Av. Diagonal 660, 16th Floor, 08034 Barcelona Courriel:gravida@gravidabcn.com T\u00e9l\u00e9phone: +34 932 06 64 89<\/p>\n","protected":false},"author":9,"featured_media":0,"parent":0,"menu_order":0,"comment_status":"closed","ping_status":"closed","template":"page-no-title","meta":{"inline_featured_image":false,"footnotes":""},"class_list":["post-31048","page","type-page","status-publish","hentry"],"yoast_head":"<!-- This site is optimized with the Yoast SEO plugin v27.2 - https:\/\/yoast.com\/product\/yoast-seo-wordpress\/ -->\n<title>Contacter Gravida | Clinique de fertilit\u00e9 \u00e0 Barcelone<\/title>\n<meta name=\"description\" content=\"Contactez Gravida, clinique de fertilit\u00e9 \u00e0 Barcelone. Nous sommes l\u00e0 pour r\u00e9pondre \u00e0 vos questions sur la procr\u00e9ation assist\u00e9e et vous aider \u00e0 devenir m\u00e8re.\" \/>\n<meta name=\"robots\" content=\"index, follow, max-snippet:-1, max-image-preview:large, max-video-preview:-1\" \/>\n<link rel=\"canonical\" href=\"https:\/\/gravida.com\/fr\/contact\/\" \/>\n<meta property=\"og:locale\" content=\"fr_FR\" \/>\n<meta property=\"og:type\" content=\"article\" \/>\n<meta property=\"og:title\" content=\"Contacter Gravida | Clinique de fertilit\u00e9 \u00e0 Barcelone\" \/>\n<meta property=\"og:description\" content=\"Contactez Gravida, clinique de fertilit\u00e9 \u00e0 Barcelone. Nous sommes l\u00e0 pour r\u00e9pondre \u00e0 vos questions sur la procr\u00e9ation assist\u00e9e et vous aider \u00e0 devenir m\u00e8re.\" \/>\n<meta property=\"og:url\" content=\"https:\/\/gravida.com\/fr\/contact\/\" \/>\n<meta property=\"og:site_name\" content=\"Gravida\" \/>\n<meta property=\"article:modified_time\" content=\"2025-07-04T07:07:23+00:00\" \/>\n<meta property=\"og:image\" content=\"https:\/\/gravida.com\/wp-content\/uploads\/2025\/06\/contacto-recepcion.jpeg\" \/>\n<meta name=\"twitter:card\" content=\"summary_large_image\" \/>\n<meta name=\"twitter:label1\" content=\"Dur\u00e9e de lecture estim\u00e9e\" \/>\n\t<meta name=\"twitter:data1\" content=\"1 minute\" \/>\n<script type=\"application\/ld+json\" class=\"yoast-schema-graph\">{\"@context\":\"https:\/\/schema.org\",\"@graph\":[{\"@type\":\"WebPage\",\"@id\":\"https:\/\/gravida.com\/fr\/contact\/\",\"url\":\"https:\/\/gravida.com\/fr\/contact\/\",\"name\":\"Contacter Gravida | Clinique de fertilit\u00e9 \u00e0 Barcelone\",\"isPartOf\":{\"@id\":\"https:\/\/gravida.com\/fr\/#website\"},\"primaryImageOfPage\":{\"@id\":\"https:\/\/gravida.com\/fr\/contact\/#primaryimage\"},\"image\":{\"@id\":\"https:\/\/gravida.com\/fr\/contact\/#primaryimage\"},\"thumbnailUrl\":\"https:\/\/gravida.com\/wp-content\/uploads\/2025\/06\/contacto-recepcion.jpeg\",\"datePublished\":\"2023-11-09T13:52:13+00:00\",\"dateModified\":\"2025-07-04T07:07:23+00:00\",\"description\":\"Contactez Gravida, clinique de fertilit\u00e9 \u00e0 Barcelone. Nous sommes l\u00e0 pour r\u00e9pondre \u00e0 vos questions sur la procr\u00e9ation assist\u00e9e et vous aider \u00e0 devenir m\u00e8re.\",\"inLanguage\":\"fr-FR\",\"potentialAction\":[{\"@type\":\"ReadAction\",\"target\":[\"https:\/\/gravida.com\/fr\/contact\/\"]}]},{\"@type\":\"ImageObject\",\"inLanguage\":\"fr-FR\",\"@id\":\"https:\/\/gravida.com\/fr\/contact\/#primaryimage\",\"url\":\"https:\/\/gravida.com\/wp-content\/uploads\/2025\/06\/contacto-recepcion.jpeg\",\"contentUrl\":\"https:\/\/gravida.com\/wp-content\/uploads\/2025\/06\/contacto-recepcion.jpeg\"},{\"@type\":\"WebSite\",\"@id\":\"https:\/\/gravida.com\/fr\/#website\",\"url\":\"https:\/\/gravida.com\/fr\/\",\"name\":\"Gravida\",\"description\":\"Ciencia al Servicio de la Vida\",\"publisher\":{\"@id\":\"https:\/\/gravida.com\/fr\/#organization\"},\"potentialAction\":[{\"@type\":\"SearchAction\",\"target\":{\"@type\":\"EntryPoint\",\"urlTemplate\":\"https:\/\/gravida.com\/fr\/?s={search_term_string}\"},\"query-input\":{\"@type\":\"PropertyValueSpecification\",\"valueRequired\":true,\"valueName\":\"search_term_string\"}}],\"inLanguage\":\"fr-FR\"},{\"@type\":\"Organization\",\"@id\":\"https:\/\/gravida.com\/fr\/#organization\",\"name\":\"Gravida\",\"url\":\"https:\/\/gravida.com\/fr\/\",\"logo\":{\"@type\":\"ImageObject\",\"inLanguage\":\"fr-FR\",\"@id\":\"https:\/\/gravida.com\/fr\/#\/schema\/logo\/image\/\",\"url\":\"https:\/\/gravida.com\/wp-content\/uploads\/2024\/06\/logoads.svg\",\"contentUrl\":\"https:\/\/gravida.com\/wp-content\/uploads\/2024\/06\/logoads.svg\",\"width\":\"1024\",\"height\":\"1024\",\"caption\":\"Gravida\"},\"image\":{\"@id\":\"https:\/\/gravida.com\/fr\/#\/schema\/logo\/image\/\"}}]}<\/script>\n<!-- \/ Yoast SEO plugin. -->","yoast_head_json":{"title":"Contacter Gravida | Clinique de fertilit\u00e9 \u00e0 Barcelone","description":"Contactez Gravida, clinique de fertilit\u00e9 \u00e0 Barcelone. Nous sommes l\u00e0 pour r\u00e9pondre \u00e0 vos questions sur la procr\u00e9ation assist\u00e9e et vous aider \u00e0 devenir m\u00e8re.","robots":{"index":"index","follow":"follow","max-snippet":"max-snippet:-1","max-image-preview":"max-image-preview:large","max-video-preview":"max-video-preview:-1"},"canonical":"https:\/\/gravida.com\/fr\/contact\/","og_locale":"fr_FR","og_type":"article","og_title":"Contacter Gravida | Clinique de fertilit\u00e9 \u00e0 Barcelone","og_description":"Contactez Gravida, clinique de fertilit\u00e9 \u00e0 Barcelone. Nous sommes l\u00e0 pour r\u00e9pondre \u00e0 vos questions sur la procr\u00e9ation assist\u00e9e et vous aider \u00e0 devenir m\u00e8re.","og_url":"https:\/\/gravida.com\/fr\/contact\/","og_site_name":"Gravida","article_modified_time":"2025-07-04T07:07:23+00:00","og_image":[{"url":"https:\/\/gravida.com\/wp-content\/uploads\/2025\/06\/contacto-recepcion.jpeg","type":"","width":"","height":""}],"twitter_card":"summary_large_image","twitter_misc":{"Dur\u00e9e de lecture estim\u00e9e":"1 minute"},"schema":{"@context":"https:\/\/schema.org","@graph":[{"@type":"WebPage","@id":"https:\/\/gravida.com\/fr\/contact\/","url":"https:\/\/gravida.com\/fr\/contact\/","name":"Contacter Gravida | Clinique de fertilit\u00e9 \u00e0 Barcelone","isPartOf":{"@id":"https:\/\/gravida.com\/fr\/#website"},"primaryImageOfPage":{"@id":"https:\/\/gravida.com\/fr\/contact\/#primaryimage"},"image":{"@id":"https:\/\/gravida.com\/fr\/contact\/#primaryimage"},"thumbnailUrl":"https:\/\/gravida.com\/wp-content\/uploads\/2025\/06\/contacto-recepcion.jpeg","datePublished":"2023-11-09T13:52:13+00:00","dateModified":"2025-07-04T07:07:23+00:00","description":"Contactez Gravida, clinique de fertilit\u00e9 \u00e0 Barcelone. Nous sommes l\u00e0 pour r\u00e9pondre \u00e0 vos questions sur la procr\u00e9ation assist\u00e9e et vous aider \u00e0 devenir m\u00e8re.","inLanguage":"fr-FR","potentialAction":[{"@type":"ReadAction","target":["https:\/\/gravida.com\/fr\/contact\/"]}]},{"@type":"ImageObject","inLanguage":"fr-FR","@id":"https:\/\/gravida.com\/fr\/contact\/#primaryimage","url":"https:\/\/gravida.com\/wp-content\/uploads\/2025\/06\/contacto-recepcion.jpeg","contentUrl":"https:\/\/gravida.com\/wp-content\/uploads\/2025\/06\/contacto-recepcion.jpeg"},{"@type":"WebSite","@id":"https:\/\/gravida.com\/fr\/#website","url":"https:\/\/gravida.com\/fr\/","name":"Gravida","description":"Ciencia al Servicio de la Vida","publisher":{"@id":"https:\/\/gravida.com\/fr\/#organization"},"potentialAction":[{"@type":"SearchAction","target":{"@type":"EntryPoint","urlTemplate":"https:\/\/gravida.com\/fr\/?s={search_term_string}"},"query-input":{"@type":"PropertyValueSpecification","valueRequired":true,"valueName":"search_term_string"}}],"inLanguage":"fr-FR"},{"@type":"Organization","@id":"https:\/\/gravida.com\/fr\/#organization","name":"Gravida","url":"https:\/\/gravida.com\/fr\/","logo":{"@type":"ImageObject","inLanguage":"fr-FR","@id":"https:\/\/gravida.com\/fr\/#\/schema\/logo\/image\/","url":"https:\/\/gravida.com\/wp-content\/uploads\/2024\/06\/logoads.svg","contentUrl":"https:\/\/gravida.com\/wp-content\/uploads\/2024\/06\/logoads.svg","width":"1024","height":"1024","caption":"Gravida"},"image":{"@id":"https:\/\/gravida.com\/fr\/#\/schema\/logo\/image\/"}}]}},"_links":{"self":[{"href":"https:\/\/gravida.com\/fr\/wp-json\/wp\/v2\/pages\/31048","targetHints":{"allow":["GET"]}}],"collection":[{"href":"https:\/\/gravida.com\/fr\/wp-json\/wp\/v2\/pages"}],"about":[{"href":"https:\/\/gravida.com\/fr\/wp-json\/wp\/v2\/types\/page"}],"author":[{"embeddable":true,"href":"https:\/\/gravida.com\/fr\/wp-json\/wp\/v2\/users\/9"}],"replies":[{"embeddable":true,"href":"https:\/\/gravida.com\/fr\/wp-json\/wp\/v2\/comments?post=31048"}],"version-history":[{"count":0,"href":"https:\/\/gravida.com\/fr\/wp-json\/wp\/v2\/pages\/31048\/revisions"}],"wp:attachment":[{"href":"https:\/\/gravida.com\/fr\/wp-json\/wp\/v2\/media?parent=31048"}],"curies":[{"name":"wp","href":"https:\/\/api.w.org\/{rel}","templated":true}]}}