{"id":31038,"date":"2025-05-27T11:27:58","date_gmt":"2025-05-27T09:27:58","guid":{"rendered":"https:\/\/gravida.com\/calculateur-dovulation\/"},"modified":"2026-04-11T13:19:36","modified_gmt":"2026-04-11T11:19:36","slug":"calculateur-dovulation","status":"publish","type":"page","link":"https:\/\/gravida.com\/fr\/calculateur-dovulation\/","title":{"rendered":"calculateur d&rsquo;ovulation"},"content":{"rendered":"\n<div class=\"wp-block-group alignfull has-base-background-color has-background has-global-padding is-layout-constrained wp-container-core-group-is-layout-3f3c29c8 wp-block-group-is-layout-constrained\" style=\"min-height:60vh;padding-top:var(--wp--preset--spacing--40);padding-right:var(--wp--preset--spacing--40);padding-bottom:var(--wp--preset--spacing--40);padding-left:var(--wp--preset--spacing--40)\">\n<div class=\"wp-block-columns alignwide are-vertically-aligned-center is-layout-flex wp-container-core-columns-is-layout-68502207 wp-block-columns-is-layout-flex\" style=\"padding-top:var(--wp--preset--spacing--40);padding-bottom:var(--wp--preset--spacing--40)\">\n<div class=\"wp-block-column is-vertically-aligned-center is-layout-flow wp-block-column-is-layout-flow\" style=\"flex-basis:50%\">\n<div class=\"wp-block-cover is-light\" style=\"border-radius:21px\"><img loading=\"lazy\" decoding=\"async\" width=\"1000\" height=\"666\" class=\"wp-block-cover__image-background wp-image-28218\" alt=\"\" src=\"https:\/\/gravida.com\/wp-content\/uploads\/2025\/05\/imagen-fertilidad-optimizada-web.jpg\" data-object-fit=\"cover\" srcset=\"https:\/\/gravida.com\/wp-content\/uploads\/2025\/05\/imagen-fertilidad-optimizada-web.jpg 1000w, https:\/\/gravida.com\/wp-content\/uploads\/2025\/05\/imagen-fertilidad-optimizada-web-300x200.jpg 300w, https:\/\/gravida.com\/wp-content\/uploads\/2025\/05\/imagen-fertilidad-optimizada-web-768x511.jpg 768w\" sizes=\"auto, (max-width: 1000px) 100vw, 1000px\" \/><span aria-hidden=\"true\" class=\"wp-block-cover__background has-background-dim-0 has-background-dim\"><\/span><div class=\"wp-block-cover__inner-container is-layout-flow wp-block-cover-is-layout-flow\">\n<p class=\"has-text-align-center has-large-font-size\"><\/p>\n<\/div><\/div>\n<\/div>\n\n\n\n<div class=\"wp-block-column is-vertically-aligned-center is-layout-flow wp-block-column-is-layout-flow\" style=\"flex-basis:50%\">\n<h1 class=\"wp-block-heading\">Calculatrice d&rsquo;ovulation gratuite en ligne<\/h1>\n\n\n\n<p class=\"has-contrast-color has-text-color has-link-color has-large-font-size wp-elements-17281e500542ba4260e872b7b17656c3\">D\u00e9couvrez vos jours fertiles et augmentez vos chances de grossesse.<\/p>\n\n\n\n<p><\/p>\n\n\n\n<div class=\"wp-block-buttons is-layout-flex wp-block-buttons-is-layout-flex\">\n<div class=\"wp-block-button\"><a class=\"wp-block-button__link has-accent-2-background-color has-background wp-element-button\" href=\"#calculadora-ovulacion\">Calculateur d&rsquo;ovulation<\/a><\/div>\n<\/div>\n<\/div>\n<\/div>\n<\/div>\n\n\n\n<div class=\"wp-block-group alignfull has-global-padding is-content-justification-center is-layout-constrained wp-block-group-is-layout-constrained\" style=\"padding-top:var(--wp--preset--spacing--40);padding-bottom:var(--wp--preset--spacing--40)\">\n<div class=\"wp-block-columns alignwide is-layout-flex wp-container-core-columns-is-layout-28f84493 wp-block-columns-is-layout-flex\">\n<div class=\"wp-block-column is-layout-flow wp-block-column-is-layout-flow\" style=\"padding-top:var(--wp--preset--spacing--20);padding-bottom:var(--wp--preset--spacing--20)\" id=\"calculadora-ovulacion\">\n<div class=\"wp-block-group has-global-padding is-layout-constrained wp-container-core-group-is-layout-6686a318 wp-block-group-is-layout-constrained wp-container-1 is-position-sticky\" style=\"margin-top:0;padding-right:var(--wp--preset--spacing--20);padding-left:var(--wp--preset--spacing--20)\">\n<script src=\"https:\/\/cdn.jsdelivr.net\/npm\/chart.js\"><\/script>\n<script>\ndocument.addEventListener(\"DOMContentLoaded\", function(){\n  const form = document.getElementById('ovulation-form');\n  let ovulationChart;\n\n  form && form.addEventListener('submit', function(e){\n    e.preventDefault();\n\n    const lastPeriod = document.getElementById('last-period').value;\n    const cycleLength = parseInt(document.getElementById('cycle-length').value, 10);\n\n    if(!lastPeriod || !cycleLength) return;\n\n    const lpDate = new Date(lastPeriod);\n    const ovulationDay = new Date(lpDate.getTime());\n    ovulationDay.setDate(lpDate.getDate() + cycleLength - 14);\n\n    \/\/ Ventana f\u00e9rtil: 5 d\u00edas antes y el propio d\u00eda de ovulaci\u00f3n\n    const fertileStart = new Date(ovulationDay.getTime());\n    fertileStart.setDate(ovulationDay.getDate() - 5);\n\n    function formatDate(date) {\n      return date.toLocaleDateString('es-ES', {day: '2-digit', month: '2-digit', year: 'numeric'});\n    }\n\n    document.getElementById('ovulation-day').textContent = formatDate(ovulationDay);\n    document.getElementById('fertile-window').textContent = `${formatDate(fertileStart)} a ${formatDate(ovulationDay)}`;\n    document.getElementById('ovulation-result').style.display = 'block';\n\n    \/\/ --- Chart.js ---\n    \/\/ Crea un array de colores: d\u00edas normales, f\u00e9rtiles y ovulaci\u00f3n\n    const days = [];\n    const labels = [];\n    for(let i=0; i<cycleLength; i++) {\n      const day = new Date(lpDate.getTime());\n      day.setDate(lpDate.getDate() + i);\n      labels.push(day.getDate() + '\/' + (day.getMonth()+1));\n      \/\/ Ventana f\u00e9rtil\n      if(day >= fertileStart && day < ovulationDay) {\n        days.push('#fdb6cb'); \/\/ Color f\u00e9rtil\n      } else if(day.getTime() === ovulationDay.getTime()) {\n        days.push('#ac0034'); \/\/ D\u00eda de ovulaci\u00f3n\n      } else {\n        days.push('#f7e8ed'); \/\/ D\u00edas normales\n      }\n    }\n    \/\/ Dataset con valor 1 para cada d\u00eda (es solo para pintar el arco)\n    const data = new Array(cycleLength).fill(1);\n\n    \/\/ Destruye gr\u00e1fico anterior si existe\n    if (ovulationChart) {\n      ovulationChart.destroy();\n    }\n    const ctx = document.getElementById('ovulation-chart').getContext('2d');\n    ovulationChart = new Chart(ctx, {\n      type: 'doughnut',\n      data: {\n        labels: labels,\n        datasets: [{\n          data: data,\n          backgroundColor: days,\n          borderWidth: 1,\n          borderColor: '#fff'\n        }]\n      },\n      options: {\n        cutout: '70%',\n        plugins: {\n          legend: { display: false },\n          tooltip: {\n            callbacks: {\n              label: function(context) {\n                const dayNum = context.dataIndex + 1;\n                let txt = `D\u00eda ${dayNum}`;\n                if (days[context.dataIndex] === '#ac0034') txt += ' (Ovulaci\u00f3n)';\n                else if (days[context.dataIndex] === '#fdb6cb') txt += ' (F\u00e9rtil)';\n                return txt;\n              }\n            }\n          }\n        }\n      }\n    });\n  });\n});\n\n<\/script>\n\n<div class=\"ovulation-calculator\">\n  <h2>Calculateur d'ovulation<\/h2>\n  <form id=\"ovulation-form\">\n     <label>\n Premier jour de vos derni\u00e8res r\u00e8gles :\n      <input type=\"date\" id=\"last-period\" required=\"\">\n <\/label>\n    <label>\n Dur\u00e9e habituelle du cycle (jours) :\n      <input type=\"number\" id=\"cycle-length\" min=\"21\" max=\"40\" value=\"28\" required=\"\">\n <\/label>\n    <button type=\"submit\">Calculer<\/button>\n  <\/form>\n  <div id=\"ovulation-result\" style=\"display:none;\">\n    <canvas id=\"ovulation-chart\" width=\"300\" height=\"300\" style=\"max-width:100%; margin: 0 auto; display:block;\"><\/canvas>\n    <div class=\"ovulation-summary\">\n      <p><strong>Estimation du jour d'ovulation :<\/strong> <span id=\"ovulation-day\"><\/span><\/p>\n      <p><strong>Fen\u00eatre fertile :<\/strong> <span id=\"fertile-window\"><\/span><\/p>\n      <p class=\"explanation\">\n  Rappelez-vous que la p\u00e9riode de fertilit\u00e9 couvre les 5 jours pr\u00e9c\u00e9dant l'ovulation et le jour de celle-ci.<br>  Si vous avez des cycles irr\u00e9guliers, les calculs peuvent varier.\n      <\/p>\n    <\/div>\n  <\/div>\n<\/div>\n\n\n<\/div>\n<\/div>\n\n\n\n<div class=\"wp-block-column is-layout-flow wp-block-column-is-layout-flow\">\n<div class=\"wp-block-group tips-title has-global-padding is-layout-constrained wp-block-group-is-layout-constrained\"><\/div>\n\n\n\n<div class=\"tips-title\">\n  <h2>10 conseils pour augmenter vos chances de grossesse<\/h2>\n<\/div>\n<div class=\"tips-description\">\n  Suivez ces conseils, recommand\u00e9s par des experts, pour maximiser vos chances de concevoir de mani\u00e8re naturelle et saine.\n<\/div>\n\n<div class=\"tips-list\">\n  <div class=\"tip-item\">\n    <span class=\"tip-icon\">\ud83d\udcc5<\/span>\n    <div class=\"tip-content\">\n      <div class=\"tip-title\"><strong>Conna\u00eetre son cycle menstruel<\/strong><\/div>\n      <div class=\"tip-text\">Suivez vos cycles et utilisez la calculatrice d'ovulation pour identifier vos jours les plus fertiles.<\/div>\n    <\/div>\n  <\/div>\n  <div class=\"tip-item\">\n    <span class=\"tip-icon\">\u2764\ufe0f<\/span>\n    <div class=\"tip-content\">\n      <div class=\"tip-title\"><strong>Relations dans la fen\u00eatre de fertilit\u00e9<\/strong><\/div>\n      <div class=\"tip-text\">Essayez d'avoir des rapports sexuels tous les deux jours, en particulier dans les cinq jours pr\u00e9c\u00e9dant l'ovulation et le jour de l'ovulation.<\/div>\n    <\/div>\n  <\/div>\n  <div class=\"tip-item\">\n    <span class=\"tip-icon\">\ud83e\udd57<\/span>\n    <div class=\"tip-content\">\n      <div class=\"tip-title\"><strong>Alimentation \u00e9quilibr\u00e9e<\/strong><\/div>\n      <div class=\"tip-text\">Une alimentation riche en fruits, l\u00e9gumes et om\u00e9ga-3 favorise la fertilit\u00e9.<\/div>\n    <\/div>\n  <\/div>\n  <div class=\"tip-item\">\n    <span class=\"tip-icon\">\ud83d\udead<\/span>\n    <div class=\"tip-content\">\n      <div class=\"tip-title\"><strong>\u00c9viter le tabac, l'alcool et les drogues<\/strong><\/div>\n      <div class=\"tip-text\">Ces facteurs ont un impact n\u00e9gatif sur la fertilit\u00e9 des hommes et des femmes.<\/div>\n    <\/div>\n  <\/div>\n  <div class=\"tip-item\">\n    <span class=\"tip-icon\">\u2696\ufe0f<\/span>\n    <div class=\"tip-content\">\n      <div class=\"tip-title\"><strong>Maintenir un poids sain<\/strong><\/div>\n      <div class=\"tip-text\">Le surpoids ou l'insuffisance pond\u00e9rale peuvent perturber l'ovulation et rendre la grossesse plus difficile.<\/div>\n    <\/div>\n  <\/div>\n  <div class=\"tip-item\">\n    <span class=\"tip-icon\">\ud83e\uddd8\u200d\u2640\ufe0f<\/span>\n    <div class=\"tip-content\">\n      <div class=\"tip-title\"><strong>R\u00e9duire le stress<\/strong><\/div>\n      <div class=\"tip-text\">Le stress chronique affecte l'\u00e9quilibre hormonal. Essayez des techniques de relaxation telles que le yoga ou la pleine conscience. <\/div>\n    <\/div>\n  <\/div>\n  <div class=\"tip-item\">\n    <span class=\"tip-icon\">\ud83c\udfc3\u200d\u2640\ufe0f<\/span>\n    <div class=\"tip-content\">\n      <div class=\"tip-title\"><strong>Exercice mod\u00e9r\u00e9<\/strong><\/div>\n      <div class=\"tip-text\">Restez actif, mais \u00e9vitez les exercices trop intenses.<\/div>\n    <\/div>\n  <\/div>\n  <div class=\"tip-item\">\n    <span class=\"tip-icon\">\ud83d\udc69\u200d\u2695\ufe0f<\/span>\n    <div class=\"tip-content\">\n      <div class=\"tip-title\"><strong>Examens gyn\u00e9cologiques<\/strong><\/div>\n      <div class=\"tip-text\">Consultez un sp\u00e9cialiste pour \u00e9carter les probl\u00e8mes et recevoir des conseils personnalis\u00e9s.<\/div>\n    <\/div>\n  <\/div>\n  <div class=\"tip-item\">\n    <span class=\"tip-icon\">\ud83d\udc8a<\/span>\n    <div class=\"tip-content\">\n      <div class=\"tip-title\"><strong>Contr\u00f4le et traitement des maladies<\/strong><\/div>\n      <div class=\"tip-text\">G\u00e8re correctement les maladies chroniques et consulte sur les m\u00e9dicaments susceptibles d'affecter la fertilit\u00e9.<\/div>\n    <\/div>\n  <\/div>\n  <div class=\"tip-item\">\n    <span class=\"tip-icon\">\ud83d\udca7<\/span>\n    <div class=\"tip-content\">\n      <div class=\"tip-title\"><strong>\u00c9viter les lubrifiants conventionnels<\/strong><\/div>\n      <div class=\"tip-text\">Certains lubrifiants peuvent rendre difficile le passage des spermatozo\u00efdes. Utilisez des options respectueuses de la fertilit\u00e9. <\/div>\n    <\/div>\n  <\/div>\n<\/div>\n\n<div class=\"tips-consult\">\n  <strong>Essayez-vous depuis plusieurs mois sans succ\u00e8s ?<\/strong>  \n  N'h\u00e9sitez pas \u00e0 nous consulter. Notre \u00e9quipe m\u00e9dicale peut vous aider \u00e0 identifier les causes et vous proposer un traitement personnalis\u00e9 pour r\u00e9aliser votre d\u00e9sir de maternit\u00e9. \n<\/div>\n\n\n\n<div style=\"height:60px\" aria-hidden=\"true\" class=\"wp-block-spacer\"><\/div>\n\n\n\n<h3 class=\"wp-block-heading\">Demander une premi\u00e8re visite sans engagement<\/h3>\n\n\n\n<div class=\"wp-block-contact-form-7-contact-form-selector\">\n<div class=\"wpcf7 no-js\" id=\"wpcf7-f30961-o1\" lang=\"fr-FR\" dir=\"ltr\" data-wpcf7-id=\"30961\">\n<div class=\"screen-reader-response\"><p role=\"status\" aria-live=\"polite\" aria-atomic=\"true\"><\/p> <ul><\/ul><\/div>\n<form action=\"\/fr\/wp-json\/wp\/v2\/pages\/31038#wpcf7-f30961-o1\" method=\"post\" class=\"wpcf7-form init\" aria-label=\"Formulaire de contact\" novalidate=\"novalidate\" data-status=\"init\">\n<fieldset class=\"hidden-fields-container\"><input type=\"hidden\" name=\"_wpcf7\" value=\"30961\" \/><input type=\"hidden\" name=\"_wpcf7_version\" value=\"6.1.5\" \/><input type=\"hidden\" name=\"_wpcf7_locale\" value=\"fr_FR\" \/><input type=\"hidden\" name=\"_wpcf7_unit_tag\" value=\"wpcf7-f30961-o1\" \/><input type=\"hidden\" name=\"_wpcf7_container_post\" value=\"0\" \/><input type=\"hidden\" name=\"_wpcf7_posted_data_hash\" value=\"\" \/><input type=\"hidden\" name=\"_wpcf7dtx_version\" value=\"5.0.5\" \/>\n<\/fieldset>\n<style>\nul.conditions {padding-left:15px}\nul.conditions li{list-style:number;font-size: 1rem;}\n<\/style>\n<ul class=\"conditions\">\n\t<li>\n\t\t<p>Visite chez le m\u00e9decin sp\u00e9cialiste\n\t\t<\/p>\n\t<\/li>\n\t<li class=\"has-tooltip\" data-tooltip=\"Una evaluaci\u00f3n de la reserva ov\u00e1rica y un seminograma en casos de pareja masculina.\">\n\t\t<p>\u00c9tude sur la fertilit\u00e9\n\t\t<\/p>\n\t<\/li>\n\t<li>\n\t\t<p>Visite m\u00e9dicale pour les r\u00e9sultats et l'orientation diagnostique\n\t\t<\/p>\n\t<\/li>\n<\/ul>\n<div class=\"formpro\">\n\t<div class=\"full\">\n\t\t<p><span class=\"wpcf7-form-control-wrap\" data-name=\"your-name\"><input size=\"40\" maxlength=\"400\" class=\"wpcf7-form-control wpcf7-text wpcf7-validates-as-required\" aria-required=\"true\" aria-invalid=\"false\" placeholder=\"Pr\u00e9nom et nom de famille\" value=\"\" type=\"text\" name=\"your-name\" \/><\/span><br \/>\n<span class=\"wpcf7-form-control-wrap\" data-name=\"telefono\"><input size=\"40\" maxlength=\"400\" class=\"wpcf7-form-control wpcf7-tel wpcf7-validates-as-required wpcf7-text wpcf7-validates-as-tel\" aria-required=\"true\" aria-invalid=\"false\" placeholder=\"Telephone\" value=\"\" type=\"tel\" name=\"telefono\" \/><\/span><br \/>\n<span class=\"wpcf7-form-control-wrap\" data-name=\"your-email\"><input size=\"40\" maxlength=\"400\" class=\"wpcf7-form-control wpcf7-email wpcf7-validates-as-required wpcf7-text wpcf7-validates-as-email\" aria-required=\"true\" aria-invalid=\"false\" placeholder=\"Email\" value=\"\" type=\"email\" name=\"your-email\" \/><\/span><br \/>\n<span class=\"wpcf7-form-control-wrap\" data-name=\"textarea\"><textarea cols=\"40\" rows=\"10\" maxlength=\"2000\" class=\"wpcf7-form-control wpcf7-textarea\" aria-invalid=\"false\" placeholder=\"Commentaire\" name=\"textarea\"><\/textarea><\/span><br \/>\n\t\t<span class=\"wpcf7-form-control-wrap webpro\" data-name=\"webpro\"><input type=\"hidden\" name=\"webpro\" class=\"wpcf7-form-control wpcf7-hidden wpcf7dtx wpcf7dtx-hidden\" aria-invalid=\"false\" value=\"calculateur d&#039;ovulation\"><\/span>\n\t\t<\/p>\n\t\t<div class=\"legal\">\n\t\t\t<p><span class=\"wpcf7-form-control-wrap\" data-name=\"acceptance-201\"><span class=\"wpcf7-form-control wpcf7-acceptance\"><span class=\"wpcf7-list-item\"><label><input type=\"checkbox\" name=\"acceptance-201\" value=\"1\" aria-invalid=\"false\" \/><span class=\"wpcf7-list-item-label\">J'accepte les conditions d'<button type=\"button\" style=\"border:0;background:transparent;\" id=\"show-privacy-modal\">utilisation et la politique de confidentialit\u00e9.<\/button><\/span><\/label><\/span><\/span><\/span><br \/>\n<input type=\"hidden\" id=\"gclid_field\" name=\"gclid_field\" value=\"\" \/>\n\t\t\t<\/p>\n\t\t<\/div>\n\t\t<div class=\"buttonsend\">\n\t\t\t<p><input class=\"wpcf7-form-control wpcf7-submit has-spinner wp-block-button__link\" type=\"submit\" value=\"Envoyer\" \/>\n\t\t\t<\/p>\n\t\t<\/div>\n\t<\/div>\n<\/div>\n<div id=\"privacy-modal\" style=\"display:none; position:fixed; z-index:9999; left:0; top:0; width:100vw; height:100vh; background:rgba(0,0,0,0.6);\">\n\t<div style=\"background:#fff; max-width:500px; margin:80px auto; padding:30px; border-radius:12px; position:relative;\">\n\t\t<p><button id=\"close-privacy-modal\" style=\"position:absolute; top:10px; right:16px; font-size:20px; background:none; border:none; cursor:pointer;\">\u00d7<\/button>\n\t\t<\/p>\n\t\t<h4 class=\"h2\">Politique de confidentialit\u00e9 (r\u00e9sum\u00e9)\n\t\t<\/h4>\n\t\t<p><br \/>\nChez Gravida, nous prot\u00e9geons vos donn\u00e9es personnelles conform\u00e9ment au GDPR et \u00e0 la l\u00e9gislation en vigueur. Vos donn\u00e9es ne seront utilis\u00e9es que pour r\u00e9pondre \u00e0 votre demande et ne seront pas partag\u00e9es avec des tiers. Vous pouvez exercer vos droits d'acc\u00e8s, de rectification et de suppression en \u00e9crivant \u00e0 gravida@gravidabcn.com.<br \/>\n<a href=\"\/politica-privacidad\" target=\"_blank\" rel=\"noopener\">Voir la politique compl\u00e8te<\/a>\n\t\t<\/p>\n\t<\/div>\n<\/div><div class=\"wpcf7-response-output\" aria-hidden=\"true\"><\/div>\n<\/form>\n<\/div>\n<\/div>\n<\/div>\n<\/div>\n<\/div>\n","protected":false},"excerpt":{"rendered":"<p>Calculatrice d&rsquo;ovulation gratuite en ligne D\u00e9couvrez vos jours fertiles et augmentez vos chances de grossesse. Calculateur d&rsquo;ovulation Premier jour de vos derni\u00e8res r\u00e8gles : Dur\u00e9e habituelle du cycle (jours) : Calculer Estimation du jour d&rsquo;ovulation : Fen\u00eatre fertile : Rappelez-vous que la p\u00e9riode de fertilit\u00e9 couvre les 5 jours pr\u00e9c\u00e9dant l&rsquo;ovulation et le jour de [&hellip;]<\/p>\n","protected":false},"author":7,"featured_media":0,"parent":0,"menu_order":0,"comment_status":"closed","ping_status":"closed","template":"page-no-title","meta":{"inline_featured_image":false,"footnotes":""},"class_list":["post-31038","page","type-page","status-publish","hentry"],"yoast_head":"<!-- This site is optimized with the Yoast SEO plugin v27.2 - https:\/\/yoast.com\/product\/yoast-seo-wordpress\/ -->\n<title>calculateur d&#039;ovulation - Gravida<\/title>\n<meta name=\"robots\" content=\"index, follow, max-snippet:-1, max-image-preview:large, max-video-preview:-1\" \/>\n<link rel=\"canonical\" href=\"https:\/\/gravida.com\/fr\/calculateur-dovulation\/\" \/>\n<meta property=\"og:locale\" content=\"fr_FR\" \/>\n<meta property=\"og:type\" content=\"article\" \/>\n<meta property=\"og:title\" content=\"calculateur d&#039;ovulation - Gravida\" \/>\n<meta property=\"og:description\" content=\"Calculatrice d&rsquo;ovulation gratuite en ligne D\u00e9couvrez vos jours fertiles et augmentez vos chances de grossesse. Calculateur d&#039;ovulation Premier jour de vos derni\u00e8res r\u00e8gles : Dur\u00e9e habituelle du cycle (jours) : Calculer Estimation du jour d&#039;ovulation : Fen\u00eatre fertile : Rappelez-vous que la p\u00e9riode de fertilit\u00e9 couvre les 5 jours pr\u00e9c\u00e9dant l&#039;ovulation et le jour de [&hellip;]\" \/>\n<meta property=\"og:url\" content=\"https:\/\/gravida.com\/fr\/calculateur-dovulation\/\" \/>\n<meta property=\"og:site_name\" content=\"Gravida\" \/>\n<meta property=\"article:modified_time\" content=\"2026-04-11T11:19:36+00:00\" \/>\n<meta property=\"og:image\" content=\"https:\/\/gravida.com\/wp-content\/uploads\/2025\/05\/imagen-fertilidad-optimizada-web.jpg\" \/>\n\t<meta property=\"og:image:width\" content=\"1000\" \/>\n\t<meta property=\"og:image:height\" content=\"666\" \/>\n\t<meta property=\"og:image:type\" content=\"image\/jpeg\" \/>\n<meta name=\"twitter:card\" content=\"summary_large_image\" \/>\n<meta name=\"twitter:label1\" content=\"Dur\u00e9e de lecture estim\u00e9e\" \/>\n\t<meta name=\"twitter:data1\" content=\"2 minutes\" \/>\n<script type=\"application\/ld+json\" class=\"yoast-schema-graph\">{\"@context\":\"https:\/\/schema.org\",\"@graph\":[{\"@type\":\"WebPage\",\"@id\":\"https:\/\/gravida.com\/fr\/calculateur-dovulation\/\",\"url\":\"https:\/\/gravida.com\/fr\/calculateur-dovulation\/\",\"name\":\"calculateur d'ovulation - Gravida\",\"isPartOf\":{\"@id\":\"https:\/\/gravida.com\/fr\/#website\"},\"primaryImageOfPage\":{\"@id\":\"https:\/\/gravida.com\/fr\/calculateur-dovulation\/#primaryimage\"},\"image\":{\"@id\":\"https:\/\/gravida.com\/fr\/calculateur-dovulation\/#primaryimage\"},\"thumbnailUrl\":\"https:\/\/gravida.com\/wp-content\/uploads\/2025\/05\/imagen-fertilidad-optimizada-web.jpg\",\"datePublished\":\"2025-05-27T09:27:58+00:00\",\"dateModified\":\"2026-04-11T11:19:36+00:00\",\"inLanguage\":\"fr-FR\",\"potentialAction\":[{\"@type\":\"ReadAction\",\"target\":[\"https:\/\/gravida.com\/fr\/calculateur-dovulation\/\"]}]},{\"@type\":\"ImageObject\",\"inLanguage\":\"fr-FR\",\"@id\":\"https:\/\/gravida.com\/fr\/calculateur-dovulation\/#primaryimage\",\"url\":\"https:\/\/gravida.com\/wp-content\/uploads\/2025\/05\/imagen-fertilidad-optimizada-web.jpg\",\"contentUrl\":\"https:\/\/gravida.com\/wp-content\/uploads\/2025\/05\/imagen-fertilidad-optimizada-web.jpg\"},{\"@type\":\"WebSite\",\"@id\":\"https:\/\/gravida.com\/fr\/#website\",\"url\":\"https:\/\/gravida.com\/fr\/\",\"name\":\"Gravida\",\"description\":\"Ciencia al Servicio de la Vida\",\"publisher\":{\"@id\":\"https:\/\/gravida.com\/fr\/#organization\"},\"potentialAction\":[{\"@type\":\"SearchAction\",\"target\":{\"@type\":\"EntryPoint\",\"urlTemplate\":\"https:\/\/gravida.com\/fr\/?s={search_term_string}\"},\"query-input\":{\"@type\":\"PropertyValueSpecification\",\"valueRequired\":true,\"valueName\":\"search_term_string\"}}],\"inLanguage\":\"fr-FR\"},{\"@type\":\"Organization\",\"@id\":\"https:\/\/gravida.com\/fr\/#organization\",\"name\":\"Gravida\",\"url\":\"https:\/\/gravida.com\/fr\/\",\"logo\":{\"@type\":\"ImageObject\",\"inLanguage\":\"fr-FR\",\"@id\":\"https:\/\/gravida.com\/fr\/#\/schema\/logo\/image\/\",\"url\":\"https:\/\/gravida.com\/wp-content\/uploads\/2024\/06\/logoads.svg\",\"contentUrl\":\"https:\/\/gravida.com\/wp-content\/uploads\/2024\/06\/logoads.svg\",\"width\":\"1024\",\"height\":\"1024\",\"caption\":\"Gravida\"},\"image\":{\"@id\":\"https:\/\/gravida.com\/fr\/#\/schema\/logo\/image\/\"}}]}<\/script>\n<!-- \/ Yoast SEO plugin. -->","yoast_head_json":{"title":"calculateur d'ovulation - Gravida","robots":{"index":"index","follow":"follow","max-snippet":"max-snippet:-1","max-image-preview":"max-image-preview:large","max-video-preview":"max-video-preview:-1"},"canonical":"https:\/\/gravida.com\/fr\/calculateur-dovulation\/","og_locale":"fr_FR","og_type":"article","og_title":"calculateur d'ovulation - Gravida","og_description":"Calculatrice d&rsquo;ovulation gratuite en ligne D\u00e9couvrez vos jours fertiles et augmentez vos chances de grossesse. Calculateur d'ovulation Premier jour de vos derni\u00e8res r\u00e8gles : Dur\u00e9e habituelle du cycle (jours) : Calculer Estimation du jour d'ovulation : Fen\u00eatre fertile : Rappelez-vous que la p\u00e9riode de fertilit\u00e9 couvre les 5 jours pr\u00e9c\u00e9dant l'ovulation et le jour de [&hellip;]","og_url":"https:\/\/gravida.com\/fr\/calculateur-dovulation\/","og_site_name":"Gravida","article_modified_time":"2026-04-11T11:19:36+00:00","og_image":[{"width":1000,"height":666,"url":"https:\/\/gravida.com\/wp-content\/uploads\/2025\/05\/imagen-fertilidad-optimizada-web.jpg","type":"image\/jpeg"}],"twitter_card":"summary_large_image","twitter_misc":{"Dur\u00e9e de lecture estim\u00e9e":"2 minutes"},"schema":{"@context":"https:\/\/schema.org","@graph":[{"@type":"WebPage","@id":"https:\/\/gravida.com\/fr\/calculateur-dovulation\/","url":"https:\/\/gravida.com\/fr\/calculateur-dovulation\/","name":"calculateur d'ovulation - Gravida","isPartOf":{"@id":"https:\/\/gravida.com\/fr\/#website"},"primaryImageOfPage":{"@id":"https:\/\/gravida.com\/fr\/calculateur-dovulation\/#primaryimage"},"image":{"@id":"https:\/\/gravida.com\/fr\/calculateur-dovulation\/#primaryimage"},"thumbnailUrl":"https:\/\/gravida.com\/wp-content\/uploads\/2025\/05\/imagen-fertilidad-optimizada-web.jpg","datePublished":"2025-05-27T09:27:58+00:00","dateModified":"2026-04-11T11:19:36+00:00","inLanguage":"fr-FR","potentialAction":[{"@type":"ReadAction","target":["https:\/\/gravida.com\/fr\/calculateur-dovulation\/"]}]},{"@type":"ImageObject","inLanguage":"fr-FR","@id":"https:\/\/gravida.com\/fr\/calculateur-dovulation\/#primaryimage","url":"https:\/\/gravida.com\/wp-content\/uploads\/2025\/05\/imagen-fertilidad-optimizada-web.jpg","contentUrl":"https:\/\/gravida.com\/wp-content\/uploads\/2025\/05\/imagen-fertilidad-optimizada-web.jpg"},{"@type":"WebSite","@id":"https:\/\/gravida.com\/fr\/#website","url":"https:\/\/gravida.com\/fr\/","name":"Gravida","description":"Ciencia al Servicio de la Vida","publisher":{"@id":"https:\/\/gravida.com\/fr\/#organization"},"potentialAction":[{"@type":"SearchAction","target":{"@type":"EntryPoint","urlTemplate":"https:\/\/gravida.com\/fr\/?s={search_term_string}"},"query-input":{"@type":"PropertyValueSpecification","valueRequired":true,"valueName":"search_term_string"}}],"inLanguage":"fr-FR"},{"@type":"Organization","@id":"https:\/\/gravida.com\/fr\/#organization","name":"Gravida","url":"https:\/\/gravida.com\/fr\/","logo":{"@type":"ImageObject","inLanguage":"fr-FR","@id":"https:\/\/gravida.com\/fr\/#\/schema\/logo\/image\/","url":"https:\/\/gravida.com\/wp-content\/uploads\/2024\/06\/logoads.svg","contentUrl":"https:\/\/gravida.com\/wp-content\/uploads\/2024\/06\/logoads.svg","width":"1024","height":"1024","caption":"Gravida"},"image":{"@id":"https:\/\/gravida.com\/fr\/#\/schema\/logo\/image\/"}}]}},"_links":{"self":[{"href":"https:\/\/gravida.com\/fr\/wp-json\/wp\/v2\/pages\/31038","targetHints":{"allow":["GET"]}}],"collection":[{"href":"https:\/\/gravida.com\/fr\/wp-json\/wp\/v2\/pages"}],"about":[{"href":"https:\/\/gravida.com\/fr\/wp-json\/wp\/v2\/types\/page"}],"author":[{"embeddable":true,"href":"https:\/\/gravida.com\/fr\/wp-json\/wp\/v2\/users\/7"}],"replies":[{"embeddable":true,"href":"https:\/\/gravida.com\/fr\/wp-json\/wp\/v2\/comments?post=31038"}],"version-history":[{"count":0,"href":"https:\/\/gravida.com\/fr\/wp-json\/wp\/v2\/pages\/31038\/revisions"}],"wp:attachment":[{"href":"https:\/\/gravida.com\/fr\/wp-json\/wp\/v2\/media?parent=31038"}],"curies":[{"name":"wp","href":"https:\/\/api.w.org\/{rel}","templated":true}]}}