{"id":31018,"date":"2025-06-04T13:43:59","date_gmt":"2025-06-04T11:43:59","guid":{"rendered":"https:\/\/gravida.com\/conditions-dutilisation\/"},"modified":"2025-06-04T13:43:59","modified_gmt":"2025-06-04T11:43:59","slug":"conditions-dutilisation","status":"publish","type":"page","link":"https:\/\/gravida.com\/fr\/conditions-dutilisation\/","title":{"rendered":"Conditions d&rsquo;utilisation"},"content":{"rendered":"\n<div style=\"height:100px\" aria-hidden=\"true\" class=\"wp-block-spacer\"><\/div>\n\n\n\n<h1 class=\"wp-block-heading has-x-large-font-size\">Conditions d&rsquo;utilisation<\/h1>\n\n\n\n<p>L&rsquo;entreprise propri\u00e9taire de ce site web (www.gravida.com, ci-apr\u00e8s le site web) est le Centro Internacional de Reproducci\u00f3n Humana Asistida de Barcelona, SL (ci-apr\u00e8s CIRHAB), dont le si\u00e8ge social est situ\u00e9 \u00e0 08034 Barcelone, Av. Diagonal, 660, dont le num\u00e9ro d&rsquo;identification fiscale est B65006751 et qui est inscrit au registre des soci\u00e9t\u00e9s de Barcelone, volume 40952, folio 153, page de registre 373832, 1\u00e8re inscription. <\/p>\n\n\n\n<p>CIRHAB dispose d&rsquo;un centre de fertilit\u00e9 avanc\u00e9, appel\u00e9 Gr\u00e1vida \u00a9, sp\u00e9cialis\u00e9 dans l&rsquo;\u00e9tude de la st\u00e9rilit\u00e9 et l&rsquo;application des traitements les plus avanc\u00e9s pour r\u00e9soudre les probl\u00e8mes de fertilit\u00e9, qui dispose de l&rsquo;autorisation administrative du D\u00e9partement de la sant\u00e9 de la Generalitat de Catalunya, inscrit au Registre des centres, services et \u00e9tablissements de sant\u00e9 du D\u00e9partement de la sant\u00e9 sous le code U08858783.<\/p>\n\n\n\n<div style=\"height:30px\" aria-hidden=\"true\" class=\"wp-block-spacer\"><\/div>\n\n\n\n<h3 class=\"wp-block-heading\"><strong>Coordonn\u00e9es de la personne \u00e0 contacter<\/strong><\/h3>\n\n\n\n<p>Av. Diagonal, 660, 16e \u00e9tage, 08034 Barcelone<br>T\u00e9l. : 93 206 64 89<br>E-mail : gravida@gravidabcn.com <\/p>\n\n\n\n<div style=\"height:30px\" aria-hidden=\"true\" class=\"wp-block-spacer\"><\/div>\n\n\n\n<h3 class=\"wp-block-heading\"><strong>Conditions g\u00e9n\u00e9rales d&rsquo;utilisation du site web<\/strong><\/h3>\n\n\n\n<p>Les pr\u00e9sentes conditions g\u00e9n\u00e9rales r\u00e9gissent l&rsquo;utilisation (y compris le simple acc\u00e8s) de ce site web. L&rsquo;acc\u00e8s au site web conf\u00e8re la condition d&rsquo;utilisateur et implique l&rsquo;acceptation expresse, automatique et volontaire des conditions contenues dans le pr\u00e9sent avis juridique. <\/p>\n\n\n\n<div style=\"height:30px\" aria-hidden=\"true\" class=\"wp-block-spacer\"><\/div>\n\n\n\n<h3 class=\"wp-block-heading\"><strong>Contenu du site web<\/strong><\/h3>\n\n\n\n<p>Le site Web fournit aux utilisateurs des informations sur les produits et les services de CIRHAB.<\/p>\n\n\n\n<p>Les informations contenues dans ce site web sont \u00e0 jour \u00e0 la date de leur derni\u00e8re mise \u00e0 jour.<\/p>\n\n\n\n<p>Les prix publi\u00e9s n&rsquo;incluent pas les taxes applicables.<\/p>\n\n\n\n<p>Le contenu du site, en particulier les informations et les r\u00e9f\u00e9rences publicitaires, sauf indication contraire expresse, ne constitue pas une offre contraignante. CIRHAB se r\u00e9serve le droit de modifier ou d&rsquo;omettre partiellement ou totalement le contenu actuel du site web lorsqu&rsquo;elle le juge opportun, ainsi que d&rsquo;en emp\u00eacher ou d&rsquo;en restreindre l&rsquo;acc\u00e8s de mani\u00e8re temporaire ou permanente. <\/p>\n\n\n\n<p>En tout \u00e9tat de cause, CIRHAB se r\u00e9serve le droit de modifier (ou de supprimer) unilat\u00e9ralement, \u00e0 tout moment et sans pr\u00e9avis, la structure et la conception du site web, ses services ou son contenu, ainsi que ses conditions d&rsquo;acc\u00e8s et\/ou d&rsquo;utilisation. Ces modifications entreront en vigueur d\u00e8s leur publication et seront applicables \u00e0 tous les utilisateurs du site web \u00e0 partir de cette date. <\/p>\n\n\n\n<div style=\"height:30px\" aria-hidden=\"true\" class=\"wp-block-spacer\"><\/div>\n\n\n\n<h3 class=\"wp-block-heading\"><strong>Utilisation du site web<\/strong><\/h3>\n\n\n\n<p>L&rsquo;utilisateur s&rsquo;engage \u00e0 utiliser le site web conform\u00e9ment \u00e0 la l\u00e9gislation en vigueur, aux pr\u00e9sentes conditions, \u00e0 la bonne foi, aux usages g\u00e9n\u00e9ralement admis et \u00e0 l&rsquo;ordre public.<\/p>\n\n\n\n<p>Par cons\u00e9quent, il est interdit d&rsquo;utiliser le site web \u00e0 des fins illicites ou pr\u00e9judiciables \u00e0 CIRHAB ou \u00e0 des tiers, et d&rsquo;adopter des comportements susceptibles de porter atteinte \u00e0 l&rsquo;image, aux int\u00e9r\u00eats et\/ou aux droits de CIRHAB et\/ou de tiers ou d&#8217;emp\u00eacher de quelque mani\u00e8re que ce soit l&rsquo;utilisation normale du site web.<\/p>\n\n\n\n<div style=\"height:30px\" aria-hidden=\"true\" class=\"wp-block-spacer\"><\/div>\n\n\n\n<h3 class=\"wp-block-heading\"><strong>Propri\u00e9t\u00e9 industrielle et intellectuelle<\/strong><\/h3>\n\n\n\n<p>Tous les droits de propri\u00e9t\u00e9 industrielle et intellectuelle, ainsi que toutes les informations contenues sur le site web (textes, documents, photographies, dessins, repr\u00e9sentations graphiques, bases de donn\u00e9es, code source, programmes informatiques et tout autre contenu apparaissant, ainsi que les logos, marques, noms commerciaux ou autres signes distinctifs) sont la propri\u00e9t\u00e9 exclusive de CIRHAB.<\/p>\n\n\n\n<p>La reproduction, la distribution, la cession \u00e0 des tiers, la communication publique, la transformation et, en g\u00e9n\u00e9ral, toute forme d&rsquo;exploitation, par le biais de n&rsquo;importe quel support et m\u00e9dia, de toute information contenue sur le site web est express\u00e9ment interdite \u00e0 l&rsquo;utilisateur. L&rsquo;utilisation non autoris\u00e9e de ces informations donnera lieu aux responsabilit\u00e9s pr\u00e9vues par la loi. <\/p>\n\n\n\n<div style=\"height:30px\" aria-hidden=\"true\" class=\"wp-block-spacer\"><\/div>\n\n\n\n<h3 class=\"wp-block-heading\"><strong>Responsabilit\u00e9<\/strong><\/h3>\n\n\n\n<p>L&rsquo;utilisateur accepte volontairement et express\u00e9ment que l&rsquo;acc\u00e8s et l&rsquo;utilisation du site web se fassent dans tous les cas sous sa seule et unique responsabilit\u00e9.<\/p>\n\n\n\n<p>CIRHAB n&rsquo;est pas responsable des cons\u00e9quences ou des dommages d\u00e9coulant de l&rsquo;acc\u00e8s ou de l&rsquo;utilisation du site web ou des liens qu&rsquo;il contient, des d\u00e9ficiences dans le service de son serveur, des r\u00e9seaux de communication ou des probl\u00e8mes r\u00e9sultant du mauvais fonctionnement ou de l&rsquo;utilisation de versions non optimis\u00e9es des navigateurs.<\/p>\n\n\n\n<p>CIRHAB, a, bien qu&rsquo;ayant adopt\u00e9 toutes les mesures n\u00e9cessaires, n&rsquo;est pas responsable des \u00e9ventuelles erreurs de s\u00e9curit\u00e9 qui pourraient se produire ou des \u00e9ventuels dommages qui pourraient \u00eatre caus\u00e9s au syst\u00e8me informatique de l&rsquo;utilisateur (mat\u00e9riel et logiciel) ou aux fichiers qui y sont stock\u00e9s, en raison de la pr\u00e9sence de virus ou d&rsquo;autres programmes malveillants dans l&rsquo;ordinateur ou l&rsquo;autre terminal de l&rsquo;utilisateur.<\/p>\n\n\n\n<div style=\"height:30px\" aria-hidden=\"true\" class=\"wp-block-spacer\"><\/div>\n\n\n\n<h3 class=\"wp-block-heading\"><strong>Protection des donn\u00e9es et confidentialit\u00e9<\/strong><\/h3>\n\n\n\n<p>CIRHAB respecte toutes les exigences \u00e9tablies par le r\u00e8glement (UE) 2016\/679, la loi organique 3\/2018, sur la protection des donn\u00e9es personnelles et la garantie des droits num\u00e9riques, ainsi que les engagements de confidentialit\u00e9 inh\u00e9rents \u00e0 l&rsquo;activit\u00e9 d&rsquo;assurance.<\/p>\n\n\n\n<p>En remplissant un formulaire et en l&rsquo;envoyant \u00e0 CIRHAB, l&rsquo;utilisateur accepte que ses donn\u00e9es personnelles soient trait\u00e9es et int\u00e9gr\u00e9es dans les bases de donn\u00e9es de CIRHAB aux fins pr\u00e9vues.<\/p>\n\n\n\n<p>Toutes les donn\u00e9es personnelles obtenues par CIRHAB sont incluses dans des fichiers automatis\u00e9s dont CIRHAB est propri\u00e9taire, et sont trait\u00e9es conform\u00e9ment aux exigences l\u00e9gales, en adoptant les mesures techniques n\u00e9cessaires pour maintenir le niveau de s\u00e9curit\u00e9 requis en fonction de la nature des donn\u00e9es, afin d&rsquo;\u00e9viter leur alt\u00e9ration, leur perte, leur traitement ou leur acc\u00e8s non autoris\u00e9.<\/p>\n\n\n\n<p>Les personnes concern\u00e9es disposent des droits d&rsquo;acc\u00e8s, de rectification, de suppression ou d&rsquo;annulation, d&rsquo;opposition, de limitation du traitement et de portabilit\u00e9, pour l&rsquo;exercice desquels elles peuvent s&rsquo;adresser \u00e0 CIRHAB (Av. Diagonal, 660, 16e \u00e9tage, 08034 Barcelone ; ou par courrier \u00e9lectronique : &nbsp;<a href=\"mailto:gravida@gravodabcn.com\">gravida@gravidabcn.com).<\/a><\/p>\n\n\n\n<p>L&rsquo;utilisateur garantit que les donn\u00e9es personnelles fournies \u00e0 travers le site web sont v\u00e9ridiques et, afin que les informations contenues dans les fichiers de CIRHAB soient toujours \u00e0 jour et ne contiennent pas d&rsquo;erreurs, il s&rsquo;engage \u00e0 communiquer, dans les plus brefs d\u00e9lais, les modifications et rectifications qui pourraient s&rsquo;av\u00e9rer n\u00e9cessaires.<\/p>\n\n\n\n<p>De plus amples informations sur la protection des donn\u00e9es et l&rsquo;exercice des droits en la mati\u00e8re sont disponibles \u00e0 l&rsquo;<a href=\"https:\/\/gravida.com\/politica-privacidad\/\">adresse suivante : www.gravida.com\/politica-privacidad<\/a>.<\/p>\n\n\n\n<div style=\"height:30px\" aria-hidden=\"true\" class=\"wp-block-spacer\"><\/div>\n\n\n\n<h3 class=\"wp-block-heading\"><strong>Droit applicable et juridiction<\/strong><\/h3>\n\n\n\n<p>Les pr\u00e9sentes conditions g\u00e9n\u00e9rales d&rsquo;utilisation sont r\u00e9gies par le droit espagnol.<\/p>\n\n\n\n<p>CIRHAB et l&rsquo;utilisateur, renon\u00e7ant express\u00e9ment \u00e0 toute autre juridiction qui pourrait leur correspondre, se soumettent \u00e0 la juridiction des Cours et Tribunaux de Barcelone.<\/p>\n\n\n\n<p><em><strong>Mars 2022.<\/strong><\/em><\/p>\n","protected":false},"excerpt":{"rendered":"<p>Conditions d&rsquo;utilisation L&rsquo;entreprise propri\u00e9taire de ce site web (www.gravida.com, ci-apr\u00e8s le site web) est le Centro Internacional de Reproducci\u00f3n Humana Asistida de Barcelona, SL (ci-apr\u00e8s CIRHAB), dont le si\u00e8ge social est situ\u00e9 \u00e0 08034 Barcelone, Av. Diagonal, 660, dont le num\u00e9ro d&rsquo;identification fiscale est B65006751 et qui est inscrit au registre des soci\u00e9t\u00e9s de Barcelone, [&hellip;]<\/p>\n","protected":false},"author":7,"featured_media":0,"parent":0,"menu_order":0,"comment_status":"closed","ping_status":"closed","template":"page-no-title","meta":{"inline_featured_image":false,"footnotes":""},"class_list":["post-31018","page","type-page","status-publish","hentry"],"yoast_head":"<!-- This site is optimized with the Yoast SEO plugin v27.2 - https:\/\/yoast.com\/product\/yoast-seo-wordpress\/ -->\n<title>Conditions d&#039;utilisation - Gravida<\/title>\n<meta name=\"robots\" content=\"index, follow, max-snippet:-1, max-image-preview:large, max-video-preview:-1\" \/>\n<link rel=\"canonical\" href=\"https:\/\/gravida.com\/fr\/conditions-dutilisation\/\" \/>\n<meta property=\"og:locale\" content=\"fr_FR\" \/>\n<meta property=\"og:type\" content=\"article\" \/>\n<meta property=\"og:title\" content=\"Conditions d&#039;utilisation - Gravida\" \/>\n<meta property=\"og:description\" content=\"Conditions d&rsquo;utilisation L&rsquo;entreprise propri\u00e9taire de ce site web (www.gravida.com, ci-apr\u00e8s le site web) est le Centro Internacional de Reproducci\u00f3n Humana Asistida de Barcelona, SL (ci-apr\u00e8s CIRHAB), dont le si\u00e8ge social est situ\u00e9 \u00e0 08034 Barcelone, Av. Diagonal, 660, dont le num\u00e9ro d&rsquo;identification fiscale est B65006751 et qui est inscrit au registre des soci\u00e9t\u00e9s de Barcelone, [&hellip;]\" \/>\n<meta property=\"og:url\" content=\"https:\/\/gravida.com\/fr\/conditions-dutilisation\/\" \/>\n<meta property=\"og:site_name\" content=\"Gravida\" \/>\n<meta property=\"og:image\" content=\"https:\/\/gravida.com\/wp-content\/uploads\/2023\/11\/clinica-fertilidad-barcelona-e1588845943328.webp\" \/>\n\t<meta property=\"og:image:width\" content=\"1150\" \/>\n\t<meta property=\"og:image:height\" content=\"529\" \/>\n\t<meta property=\"og:image:type\" content=\"image\/webp\" \/>\n<meta name=\"twitter:card\" content=\"summary_large_image\" \/>\n<meta name=\"twitter:label1\" content=\"Dur\u00e9e de lecture estim\u00e9e\" \/>\n\t<meta name=\"twitter:data1\" content=\"5 minutes\" \/>\n<script type=\"application\/ld+json\" class=\"yoast-schema-graph\">{\"@context\":\"https:\/\/schema.org\",\"@graph\":[{\"@type\":\"WebPage\",\"@id\":\"https:\/\/gravida.com\/fr\/conditions-dutilisation\/\",\"url\":\"https:\/\/gravida.com\/fr\/conditions-dutilisation\/\",\"name\":\"Conditions d'utilisation - Gravida\",\"isPartOf\":{\"@id\":\"https:\/\/gravida.com\/fr\/#website\"},\"datePublished\":\"2025-06-04T11:43:59+00:00\",\"inLanguage\":\"fr-FR\",\"potentialAction\":[{\"@type\":\"ReadAction\",\"target\":[\"https:\/\/gravida.com\/fr\/conditions-dutilisation\/\"]}]},{\"@type\":\"WebSite\",\"@id\":\"https:\/\/gravida.com\/fr\/#website\",\"url\":\"https:\/\/gravida.com\/fr\/\",\"name\":\"Gravida\",\"description\":\"Ciencia al Servicio de la Vida\",\"publisher\":{\"@id\":\"https:\/\/gravida.com\/fr\/#organization\"},\"potentialAction\":[{\"@type\":\"SearchAction\",\"target\":{\"@type\":\"EntryPoint\",\"urlTemplate\":\"https:\/\/gravida.com\/fr\/?s={search_term_string}\"},\"query-input\":{\"@type\":\"PropertyValueSpecification\",\"valueRequired\":true,\"valueName\":\"search_term_string\"}}],\"inLanguage\":\"fr-FR\"},{\"@type\":\"Organization\",\"@id\":\"https:\/\/gravida.com\/fr\/#organization\",\"name\":\"Gravida\",\"url\":\"https:\/\/gravida.com\/fr\/\",\"logo\":{\"@type\":\"ImageObject\",\"inLanguage\":\"fr-FR\",\"@id\":\"https:\/\/gravida.com\/fr\/#\/schema\/logo\/image\/\",\"url\":\"https:\/\/gravida.com\/wp-content\/uploads\/2024\/06\/logoads.svg\",\"contentUrl\":\"https:\/\/gravida.com\/wp-content\/uploads\/2024\/06\/logoads.svg\",\"width\":\"1024\",\"height\":\"1024\",\"caption\":\"Gravida\"},\"image\":{\"@id\":\"https:\/\/gravida.com\/fr\/#\/schema\/logo\/image\/\"}}]}<\/script>\n<!-- \/ Yoast SEO plugin. -->","yoast_head_json":{"title":"Conditions d'utilisation - Gravida","robots":{"index":"index","follow":"follow","max-snippet":"max-snippet:-1","max-image-preview":"max-image-preview:large","max-video-preview":"max-video-preview:-1"},"canonical":"https:\/\/gravida.com\/fr\/conditions-dutilisation\/","og_locale":"fr_FR","og_type":"article","og_title":"Conditions d'utilisation - Gravida","og_description":"Conditions d&rsquo;utilisation L&rsquo;entreprise propri\u00e9taire de ce site web (www.gravida.com, ci-apr\u00e8s le site web) est le Centro Internacional de Reproducci\u00f3n Humana Asistida de Barcelona, SL (ci-apr\u00e8s CIRHAB), dont le si\u00e8ge social est situ\u00e9 \u00e0 08034 Barcelone, Av. Diagonal, 660, dont le num\u00e9ro d&rsquo;identification fiscale est B65006751 et qui est inscrit au registre des soci\u00e9t\u00e9s de Barcelone, [&hellip;]","og_url":"https:\/\/gravida.com\/fr\/conditions-dutilisation\/","og_site_name":"Gravida","og_image":[{"width":1150,"height":529,"url":"https:\/\/gravida.com\/wp-content\/uploads\/2023\/11\/clinica-fertilidad-barcelona-e1588845943328.webp","type":"image\/webp"}],"twitter_card":"summary_large_image","twitter_misc":{"Dur\u00e9e de lecture estim\u00e9e":"5 minutes"},"schema":{"@context":"https:\/\/schema.org","@graph":[{"@type":"WebPage","@id":"https:\/\/gravida.com\/fr\/conditions-dutilisation\/","url":"https:\/\/gravida.com\/fr\/conditions-dutilisation\/","name":"Conditions d'utilisation - Gravida","isPartOf":{"@id":"https:\/\/gravida.com\/fr\/#website"},"datePublished":"2025-06-04T11:43:59+00:00","inLanguage":"fr-FR","potentialAction":[{"@type":"ReadAction","target":["https:\/\/gravida.com\/fr\/conditions-dutilisation\/"]}]},{"@type":"WebSite","@id":"https:\/\/gravida.com\/fr\/#website","url":"https:\/\/gravida.com\/fr\/","name":"Gravida","description":"Ciencia al Servicio de la Vida","publisher":{"@id":"https:\/\/gravida.com\/fr\/#organization"},"potentialAction":[{"@type":"SearchAction","target":{"@type":"EntryPoint","urlTemplate":"https:\/\/gravida.com\/fr\/?s={search_term_string}"},"query-input":{"@type":"PropertyValueSpecification","valueRequired":true,"valueName":"search_term_string"}}],"inLanguage":"fr-FR"},{"@type":"Organization","@id":"https:\/\/gravida.com\/fr\/#organization","name":"Gravida","url":"https:\/\/gravida.com\/fr\/","logo":{"@type":"ImageObject","inLanguage":"fr-FR","@id":"https:\/\/gravida.com\/fr\/#\/schema\/logo\/image\/","url":"https:\/\/gravida.com\/wp-content\/uploads\/2024\/06\/logoads.svg","contentUrl":"https:\/\/gravida.com\/wp-content\/uploads\/2024\/06\/logoads.svg","width":"1024","height":"1024","caption":"Gravida"},"image":{"@id":"https:\/\/gravida.com\/fr\/#\/schema\/logo\/image\/"}}]}},"_links":{"self":[{"href":"https:\/\/gravida.com\/fr\/wp-json\/wp\/v2\/pages\/31018","targetHints":{"allow":["GET"]}}],"collection":[{"href":"https:\/\/gravida.com\/fr\/wp-json\/wp\/v2\/pages"}],"about":[{"href":"https:\/\/gravida.com\/fr\/wp-json\/wp\/v2\/types\/page"}],"author":[{"embeddable":true,"href":"https:\/\/gravida.com\/fr\/wp-json\/wp\/v2\/users\/7"}],"replies":[{"embeddable":true,"href":"https:\/\/gravida.com\/fr\/wp-json\/wp\/v2\/comments?post=31018"}],"version-history":[{"count":0,"href":"https:\/\/gravida.com\/fr\/wp-json\/wp\/v2\/pages\/31018\/revisions"}],"wp:attachment":[{"href":"https:\/\/gravida.com\/fr\/wp-json\/wp\/v2\/media?parent=31018"}],"curies":[{"name":"wp","href":"https:\/\/api.w.org\/{rel}","templated":true}]}}