{"id":31015,"date":"2025-06-04T13:42:06","date_gmt":"2025-06-04T11:42:06","guid":{"rendered":"https:\/\/gravida.com\/politique-en-matiere-de-cookies\/"},"modified":"2025-06-04T13:42:06","modified_gmt":"2025-06-04T11:42:06","slug":"politique-en-matiere-de-cookies","status":"publish","type":"page","link":"https:\/\/gravida.com\/fr\/politique-en-matiere-de-cookies\/","title":{"rendered":"Politique en mati\u00e8re de cookies"},"content":{"rendered":"\n<div class=\"wp-block-group alignwide has-global-padding is-layout-constrained wp-block-group-is-layout-constrained\">\n<div style=\"height:50px\" aria-hidden=\"true\" class=\"wp-block-spacer\"><\/div>\n\n\n\n<div style=\"height:49px\" aria-hidden=\"true\" class=\"wp-block-spacer\"><\/div>\n\n\n\n<h1 class=\"wp-block-heading has-text-align-left has-large-font-size\">Politique en mati\u00e8re de cookies<\/h1>\n\n\n\n<p>Un cookie est un petit ensemble de donn\u00e9es (fichiers texte) qu&rsquo;un site web, une plateforme ou une application, lorsqu&rsquo;il est visit\u00e9 par un utilisateur, demande au navigateur s&rsquo;il peut le stocker sur l&rsquo;appareil. Il permet ainsi de m\u00e9moriser des informations sur l&rsquo;utilisateur afin, entre autres, de stocker et de r\u00e9cup\u00e9rer des informations sur les habitudes de navigation d&rsquo;un utilisateur ou de son \u00e9quipement et, en fonction des informations qu&rsquo;ils contiennent et de la mani\u00e8re dont l&rsquo;\u00e9quipement est utilis\u00e9, ils peuvent \u00eatre utilis\u00e9s pour reconna\u00eetre l&rsquo;utilisateur, par exemple pour s&rsquo;identifier. Ces cookies, mis en place par l&rsquo;op\u00e9rateur du site web, sont appel\u00e9s cookies de premi\u00e8re partie. Nous utilisons \u00e9galement des cookies de tiers (qui sont des cookies provenant d&rsquo;un domaine autre que celui du site web que vous visitez) \u00e0 des fins de publicit\u00e9 et de recherche marketing.   <\/p>\n\n\n\n<h4 class=\"wp-block-heading\">Cookies de personnalisation<\/h4>\n\n\n\n<p>Ces cookies permettent au site d&rsquo;offrir une meilleure fonctionnalit\u00e9 et une meilleure personnalisation. Ils peuvent \u00eatre mis en place par nous ou par des tiers dont nous avons ajout\u00e9 les services \u00e0 nos pages. Ces cookies permettent \u00e0 l&rsquo;utilisateur d&rsquo;acc\u00e9der au service avec certaines caract\u00e9ristiques g\u00e9n\u00e9rales pr\u00e9d\u00e9finies en fonction d&rsquo;une s\u00e9rie de crit\u00e8res dans le terminal de l&rsquo;utilisateur, tels que la langue, le type de navigateur avec lequel l&rsquo;utilisateur acc\u00e8de au service, la configuration r\u00e9gionale \u00e0 partir de laquelle l&rsquo;utilisateur acc\u00e8de au service, etc. Si vous n&rsquo;autorisez pas ces cookies, certains de nos services ne fonctionneront pas correctement.   <\/p>\n\n\n\n<figure class=\"wp-block-table\"><table class=\"has-fixed-layout\"><thead><tr><th>SOUS-GROUPE COOKIES<\/th><th>COOKIES<\/th><th>COOKIES UTILIS\u00c9S<\/th><th>VIE UTILE<\/th><\/tr><\/thead><tbody><tr><td>www.gravida.com<\/td><td><a href=\"https:\/\/cookiepedia.co.uk\/cookies\/SSESS###########\" target=\"_blank\" rel=\"noreferrer noopener\">SSESS###########<\/a><\/td><td>Poss\u00e9der<\/td><td>1 mois<\/td><\/tr><\/tbody><\/table><\/figure>\n\n\n\n<h4 class=\"wp-block-heading\">Cookies techniques<\/h4>\n\n\n\n<p>Ces cookies sont n\u00e9cessaires au fonctionnement du site web, de la plateforme ou de l&rsquo;application et ne peuvent pas \u00eatre d\u00e9sactiv\u00e9s sur nos syst\u00e8mes. Ils sont g\u00e9n\u00e9ralement configur\u00e9s pour r\u00e9pondre aux actions effectu\u00e9es par l&rsquo;utilisateur pour recevoir des services, comme le r\u00e9glage des pr\u00e9f\u00e9rences en mati\u00e8re de confidentialit\u00e9, l&rsquo;ouverture d&rsquo;une session sur le site ou le remplissage de formulaires. Vous pouvez configurer votre navigateur pour qu&rsquo;il bloque ces cookies ou qu&rsquo;il vous avertisse de leur pr\u00e9sence, mais certaines parties du site web ne fonctionneront pas. Ces cookies ne stockent aucune information personnelle identifiable.   <\/p>\n\n\n\n<figure class=\"wp-block-table\"><table class=\"has-fixed-layout\"><thead><tr><th>SOUS-GROUPE COOKIES<\/th><th>COOKIES<\/th><th>COOKIES UTILIS\u00c9S<\/th><th>VIE UTILE<\/th><\/tr><\/thead><tbody><tr><td>www.gravida.com<\/td><td><a href=\"https:\/\/cookiepedia.co.uk\/cookies\/OptanonConsent\" target=\"_blank\" rel=\"noreferrer noopener\">OptanonConsent , <\/a> <a href=\"https:\/\/cookiepedia.co.uk\/cookies\/OptanonAlertBoxClosed\" target=\"_blank\" rel=\"noreferrer noopener\">OptanonAlertBoxClosed<\/a><\/td><td>Propri\u00e9taire<\/td><td>364 jours, 364 jours<\/td><\/tr><\/tbody><\/table><\/figure>\n\n\n\n<h4 class=\"wp-block-heading\">Cookies analytiques<\/h4>\n\n\n\n<p>Ce sont celles qui, trait\u00e9es par nous-m\u00eames ou par des tiers, nous permettent de quantifier le nombre d&rsquo;utilisateurs et de proc\u00e9der ainsi \u00e0 la mesure et \u00e0 l&rsquo;analyse statistique de l&rsquo;utilisation faite par les utilisateurs du service offert. Votre navigation sur notre site web est analys\u00e9e afin d&rsquo;am\u00e9liorer la gamme de produits ou de services que nous proposons. Toutes les informations collect\u00e9es par ces cookies sont agr\u00e9g\u00e9es et donc anonymes. Si vous n&rsquo;autorisez pas ces cookies, nous ne saurons pas quand vous avez visit\u00e9 notre site.   <\/p>\n\n\n\n<figure class=\"wp-block-table\"><table class=\"has-fixed-layout\"><thead><tr><th>SOUS-GROUPE COOKIES<\/th><th>COOKIES<\/th><th>COOKIES UTILIS\u00c9S<\/th><th>VIE UTILE<\/th><\/tr><\/thead><tbody><tr><td>www.gravida.com<\/td><td><a href=\"https:\/\/cookiepedia.co.uk\/cookies\/_gid\" target=\"_blank\" rel=\"noreferrer noopener\">_gid<\/a><\/td><td>Propre \u00e0 l&rsquo;entreprise<\/td><td>Quelques secondes<\/td><\/tr><tr><td>www.gravida.com<\/td><td><a href=\"https:\/\/cookiepedia.co.uk\/cookies\/_gclxxxx\" target=\"_blank\" rel=\"noreferrer noopener\">_gclxxxx <\/a>, <a href=\"https:\/\/cookiepedia.co.uk\/cookies\/_ga\" target=\"_blank\" rel=\"noreferrer noopener\">_ga <\/a>, <a href=\"https:\/\/cookiepedia.co.uk\/cookies\/_gat_UA-\" target=\"_blank\" rel=\"noreferrer noopener\">_gat_UA-<\/a><\/td><td>Propre<\/td><td>89 Jours, 729 Jours, Quelques secondes<\/td><\/tr><\/tbody><\/table><\/figure>\n\n\n\n<h4 class=\"wp-block-heading\">Cookies publicitaires<\/h4>\n\n\n\n<p>Ces cookies peuvent concerner l&rsquo;ensemble du site et \u00eatre plac\u00e9s par nos partenaires publicitaires. Ces entreprises peuvent les utiliser pour cr\u00e9er un profil de vos int\u00e9r\u00eats et vous montrer des publicit\u00e9s pertinentes sur d&rsquo;autres sites. Ils ne stockent pas directement d&rsquo;informations personnelles, mais sont bas\u00e9s sur l&rsquo;identification unique de votre navigateur et de votre dispositif d&rsquo;acc\u00e8s \u00e0 l&rsquo;internet. Si vous n&rsquo;autorisez pas ces cookies, la publicit\u00e9 sera moins cibl\u00e9e.   <\/p>\n\n\n\n<figure class=\"wp-block-table\"><table class=\"has-fixed-layout\"><thead><tr><th>SOUS-GROUPE COOKIES<\/th><th>COOKIES<\/th><th>COOKIES UTILIS\u00c9S<\/th><th>VIE UTILE<\/th><\/tr><\/thead><tbody><tr><td>www.gravida.com<\/td><td><a href=\"https:\/\/cookiepedia.co.uk\/cookies\/_fbp\" target=\"_blank\" rel=\"noreferrer noopener\">_fbp<\/a><\/td><td>Poss\u00e9der<\/td><td>89 jours<\/td><\/tr><tr><td><a href=\"https:\/\/cookiepedia.co.uk\/host\/www.facebook.com\" target=\"_blank\" rel=\"noreferrer noopener\">www.facebook.com<\/a><\/td><td><\/td><td>Troisi\u00e8me session<\/td><td>session<\/td><\/tr><tr><td><a href=\"https:\/\/cookiepedia.co.uk\/host\/youtube.com\" target=\"_blank\" rel=\"noreferrer noopener\">youtube.com<\/a><\/td><td>YSC, CONSENTEMENT, VISITOR_INFO1_LIVE<\/td><td>Troisi\u00e8me<\/td><td>Session, 729 jours, 179 jours<\/td><\/tr><\/tbody><\/table><\/figure>\n\n\n\n<p>L&rsquo;utilisateur accepte express\u00e9ment, en utilisant ce site web, le traitement des informations collect\u00e9es de la mani\u00e8re et aux fins susmentionn\u00e9es. Vous reconnaissez \u00e9galement que vous avez connaissance de la possibilit\u00e9 de refuser le traitement de ces donn\u00e9es ou informations en refusant l&rsquo;utilisation de cookies en s\u00e9lectionnant les param\u00e8tres appropri\u00e9s \u00e0 cet effet dans votre navigateur ou dans l&rsquo;outil de configuration de notre site web. Vous reconnaissez \u00e9galement que cette option de blocage des cookies dans votre navigateur peut ne pas vous permettre d&rsquo;utiliser pleinement toutes les fonctionnalit\u00e9s de notre site web.  <\/p>\n\n\n\n<p>En outre, vous pouvez prendre connaissance des transferts vers des pays tiers qui, le cas \u00e9ch\u00e9ant, sont effectu\u00e9s par les tiers identifi\u00e9s dans la pr\u00e9sente politique en mati\u00e8re de cookies dans leurs politiques correspondantes, dont nous vous fournissons les liens correspondants :<\/p>\n\n\n\n<ol class=\"wp-block-list\">\n<li><a href=\"https:\/\/atpscan.global.hornetsecurity.com\/index.php?atp_str=0V6tnUVjdsb8TU2y3HvJ7w1JlnE7TXlHZl-iFscu0rzQ4wWwiyQ2yE0wZHLOuzo0JGiAhKMehwakorM80MQjYUcPJO65Ti8RMelj9Z4d_iwiRE0ZwiT826q5h_dnjipQzyLizStGzqZF6aPgM1o5OLQjCJ2REh_Vb4TSnZfYiJydCLMFnCywxkLqOHRKZl4nSDsk0t5s4fS-U2qzdBp7olRWDr89VflUpvcLXXF35BEDpmKvr7K3eBcObaOdPd1dExz6R90LC8UjzHdliHuciZ5aYijMvIQ-zF2_ew9P4fFEL5h4SX6mkXo-qiM6OiP8kS-zYaoV7mYm9P0jOjojq5TJRzeX8bP_cC7YG0ysBg\" target=\"_blank\" rel=\"noreferrer noopener\">Google<\/a><\/li>\n\n\n\n<li><a href=\"https:\/\/www.facebook.com\/about\/privacy\" target=\"_blank\" rel=\"noreferrer noopener\">Facebook<\/a><\/li>\n\n\n\n<li><a href=\"https:\/\/atpscan.global.hornetsecurity.com\/index.php?atp_str=VpLDWARM7LT38XVDZKV-7pzwWFDK_FoXf7gXi-Qc85bQxCo1_fzxBw_cB4lOIFt3txNbqJy4AFDBoOwbRZf36aulRnQoCga8ysdgTqETOqTXIoLO4KLlgay39wEMeCmENSjuhlzWcsWJW0SLagrWSM3JSSDwYU_1nECKqm1RfuAmjuwrWIUR6s-MgblI8C3yRGpyhK_PpqVz-qSDXmpB3HBJc4aYwkdHk-qNOJrjv57npFBjnDV0nJABNqU5MsHPgVcYiYGViNXJa2MQJ7To_rsk5BKXbZXb5RiSqJlZTWtMUEpOSPAUQxfNEXsjOjojrQC6ZxJwQrov309eIzo6I1KPj8ICusBZMmiy7-cUOpc\" target=\"_blank\" rel=\"noreferrer noopener\">Bing<\/a><\/li>\n\n\n\n<li><a href=\"https:\/\/atpscan.global.hornetsecurity.com\/index.php?atp_str=5CMSG8zZEaOIrHRum_QqH1-S-Mq0MT-LznbdAsN-CkPqCJs0SXzmRs0XFDpHtYinJGPXmeiY0EG3cPcbUp108z__cF9-REA4t6-xhQj7UP2wLvO3Yh4HacULkK0Ibbu46z9pXYSNOatt6VQpHQYL_MPYCVEWVSmydSpShhRlVr1T5wYJvvUm1pNbqnpQbvmxqZlMiDhihPJZitK6A0TeVYU6ddCIVkEJ4HRLfy0hozH9Xd6tX9KmT4OHvVDWDCyuZrNuJNg1Hs12m7iNIjbyTfM-_LlVEJMAQyJhPHN1uGHVmd6HYfZOeD3vdMKiyyM6OiNDaSYiP7YotUTajBgjOjojiY5B8y-N4k2HuLXwBDsv9Q\" target=\"_blank\" rel=\"noreferrer noopener\">AdForm<\/a><\/li>\n<\/ol>\n\n\n\n<p><strong>Activation, blocage ou suppression des cookies<\/strong><\/p>\n\n\n\n<p>Vous pouvez autoriser, bloquer ou supprimer les cookies install\u00e9s sur votre ordinateur en configurant les options du navigateur install\u00e9 sur votre ordinateur :<\/p>\n\n\n\n<ol class=\"wp-block-list\">\n<li><a href=\"https:\/\/support.apple.com\/es-es\/guide\/safari\/sfri11471\/mac\">Safari<\/a><\/li>\n\n\n\n<li><a href=\"https:\/\/support.google.com\/accounts\/answer\/61416?co=GENIE.Platform%3DDesktop&amp;hl=es\">Chrome<\/a><\/li>\n\n\n\n<li><a href=\"https:\/\/support.microsoft.com\/es-es\/topic\/eliminar-y-administrar-cookies-168dab11-0753-043d-7c16-ede5947fc64d\">Explorateur<\/a><\/li>\n\n\n\n<li><a href=\"https:\/\/support.mozilla.org\/es\/kb\/habilitar-y-deshabilitar-cookies-sitios-web-rastrear-preferencias\">Firefox<\/a><\/li>\n<\/ol>\n\n\n\n<p><strong>Modifications de notre politique en mati\u00e8re de cookies<\/strong><\/p>\n\n\n\n<p>Il est possible que la structure et les fonctionnalit\u00e9s de ce site soient modifi\u00e9es pour y ajouter de nouvelles sections, de nouveaux services ou de nouveaux contenus, ce qui peut entra\u00eener une modification de son utilisation et, par cons\u00e9quent, de notre politique en mati\u00e8re de cookies. Nous recommandons donc aux utilisateurs de consulter les politiques publi\u00e9es en mati\u00e8re de cookies chaque fois qu&rsquo;ils acc\u00e8dent \u00e0 notre site web, au cas o\u00f9 des changements seraient intervenus depuis leur derni\u00e8re visite. <\/p>\n\n\n\n<p><strong><em>mai 2025.<\/em><\/strong><\/p>\n\n\n\n<p><\/p>\n\n\n\n<div style=\"height:20px\" aria-hidden=\"true\" class=\"wp-block-spacer\"><\/div>\n<\/div>\n","protected":false},"excerpt":{"rendered":"<p>Politique en mati\u00e8re de cookies Un cookie est un petit ensemble de donn\u00e9es (fichiers texte) qu&rsquo;un site web, une plateforme ou une application, lorsqu&rsquo;il est visit\u00e9 par un utilisateur, demande au navigateur s&rsquo;il peut le stocker sur l&rsquo;appareil. Il permet ainsi de m\u00e9moriser des informations sur l&rsquo;utilisateur afin, entre autres, de stocker et de r\u00e9cup\u00e9rer [&hellip;]<\/p>\n","protected":false},"author":7,"featured_media":0,"parent":0,"menu_order":0,"comment_status":"closed","ping_status":"closed","template":"page-no-title","meta":{"inline_featured_image":false,"footnotes":""},"class_list":["post-31015","page","type-page","status-publish","hentry"],"yoast_head":"<!-- This site is optimized with the Yoast SEO plugin v27.2 - https:\/\/yoast.com\/product\/yoast-seo-wordpress\/ -->\n<title>Politique en mati\u00e8re de cookies - Gravida<\/title>\n<meta name=\"robots\" content=\"index, follow, max-snippet:-1, max-image-preview:large, max-video-preview:-1\" \/>\n<link rel=\"canonical\" href=\"https:\/\/gravida.com\/fr\/politique-en-matiere-de-cookies\/\" \/>\n<meta property=\"og:locale\" content=\"fr_FR\" \/>\n<meta property=\"og:type\" content=\"article\" \/>\n<meta property=\"og:title\" content=\"Politique en mati\u00e8re de cookies - Gravida\" \/>\n<meta property=\"og:description\" content=\"Politique en mati\u00e8re de cookies Un cookie est un petit ensemble de donn\u00e9es (fichiers texte) qu&rsquo;un site web, une plateforme ou une application, lorsqu&rsquo;il est visit\u00e9 par un utilisateur, demande au navigateur s&rsquo;il peut le stocker sur l&rsquo;appareil. Il permet ainsi de m\u00e9moriser des informations sur l&rsquo;utilisateur afin, entre autres, de stocker et de r\u00e9cup\u00e9rer [&hellip;]\" \/>\n<meta property=\"og:url\" content=\"https:\/\/gravida.com\/fr\/politique-en-matiere-de-cookies\/\" \/>\n<meta property=\"og:site_name\" content=\"Gravida\" \/>\n<meta property=\"og:image\" content=\"https:\/\/gravida.com\/wp-content\/uploads\/2023\/11\/clinica-fertilidad-barcelona-e1588845943328.webp\" \/>\n\t<meta property=\"og:image:width\" content=\"1150\" \/>\n\t<meta property=\"og:image:height\" content=\"529\" \/>\n\t<meta property=\"og:image:type\" content=\"image\/webp\" \/>\n<meta name=\"twitter:card\" content=\"summary_large_image\" \/>\n<meta name=\"twitter:label1\" content=\"Dur\u00e9e de lecture estim\u00e9e\" \/>\n\t<meta name=\"twitter:data1\" content=\"4 minutes\" \/>\n<script type=\"application\/ld+json\" class=\"yoast-schema-graph\">{\"@context\":\"https:\/\/schema.org\",\"@graph\":[{\"@type\":\"WebPage\",\"@id\":\"https:\/\/gravida.com\/fr\/politique-en-matiere-de-cookies\/\",\"url\":\"https:\/\/gravida.com\/fr\/politique-en-matiere-de-cookies\/\",\"name\":\"Politique en mati\u00e8re de cookies - Gravida\",\"isPartOf\":{\"@id\":\"https:\/\/gravida.com\/fr\/#website\"},\"datePublished\":\"2025-06-04T11:42:06+00:00\",\"inLanguage\":\"fr-FR\",\"potentialAction\":[{\"@type\":\"ReadAction\",\"target\":[\"https:\/\/gravida.com\/fr\/politique-en-matiere-de-cookies\/\"]}]},{\"@type\":\"WebSite\",\"@id\":\"https:\/\/gravida.com\/fr\/#website\",\"url\":\"https:\/\/gravida.com\/fr\/\",\"name\":\"Gravida\",\"description\":\"Ciencia al Servicio de la Vida\",\"publisher\":{\"@id\":\"https:\/\/gravida.com\/fr\/#organization\"},\"potentialAction\":[{\"@type\":\"SearchAction\",\"target\":{\"@type\":\"EntryPoint\",\"urlTemplate\":\"https:\/\/gravida.com\/fr\/?s={search_term_string}\"},\"query-input\":{\"@type\":\"PropertyValueSpecification\",\"valueRequired\":true,\"valueName\":\"search_term_string\"}}],\"inLanguage\":\"fr-FR\"},{\"@type\":\"Organization\",\"@id\":\"https:\/\/gravida.com\/fr\/#organization\",\"name\":\"Gravida\",\"url\":\"https:\/\/gravida.com\/fr\/\",\"logo\":{\"@type\":\"ImageObject\",\"inLanguage\":\"fr-FR\",\"@id\":\"https:\/\/gravida.com\/fr\/#\/schema\/logo\/image\/\",\"url\":\"https:\/\/gravida.com\/wp-content\/uploads\/2024\/06\/logoads.svg\",\"contentUrl\":\"https:\/\/gravida.com\/wp-content\/uploads\/2024\/06\/logoads.svg\",\"width\":\"1024\",\"height\":\"1024\",\"caption\":\"Gravida\"},\"image\":{\"@id\":\"https:\/\/gravida.com\/fr\/#\/schema\/logo\/image\/\"}}]}<\/script>\n<!-- \/ Yoast SEO plugin. -->","yoast_head_json":{"title":"Politique en mati\u00e8re de cookies - Gravida","robots":{"index":"index","follow":"follow","max-snippet":"max-snippet:-1","max-image-preview":"max-image-preview:large","max-video-preview":"max-video-preview:-1"},"canonical":"https:\/\/gravida.com\/fr\/politique-en-matiere-de-cookies\/","og_locale":"fr_FR","og_type":"article","og_title":"Politique en mati\u00e8re de cookies - Gravida","og_description":"Politique en mati\u00e8re de cookies Un cookie est un petit ensemble de donn\u00e9es (fichiers texte) qu&rsquo;un site web, une plateforme ou une application, lorsqu&rsquo;il est visit\u00e9 par un utilisateur, demande au navigateur s&rsquo;il peut le stocker sur l&rsquo;appareil. Il permet ainsi de m\u00e9moriser des informations sur l&rsquo;utilisateur afin, entre autres, de stocker et de r\u00e9cup\u00e9rer [&hellip;]","og_url":"https:\/\/gravida.com\/fr\/politique-en-matiere-de-cookies\/","og_site_name":"Gravida","og_image":[{"width":1150,"height":529,"url":"https:\/\/gravida.com\/wp-content\/uploads\/2023\/11\/clinica-fertilidad-barcelona-e1588845943328.webp","type":"image\/webp"}],"twitter_card":"summary_large_image","twitter_misc":{"Dur\u00e9e de lecture estim\u00e9e":"4 minutes"},"schema":{"@context":"https:\/\/schema.org","@graph":[{"@type":"WebPage","@id":"https:\/\/gravida.com\/fr\/politique-en-matiere-de-cookies\/","url":"https:\/\/gravida.com\/fr\/politique-en-matiere-de-cookies\/","name":"Politique en mati\u00e8re de cookies - Gravida","isPartOf":{"@id":"https:\/\/gravida.com\/fr\/#website"},"datePublished":"2025-06-04T11:42:06+00:00","inLanguage":"fr-FR","potentialAction":[{"@type":"ReadAction","target":["https:\/\/gravida.com\/fr\/politique-en-matiere-de-cookies\/"]}]},{"@type":"WebSite","@id":"https:\/\/gravida.com\/fr\/#website","url":"https:\/\/gravida.com\/fr\/","name":"Gravida","description":"Ciencia al Servicio de la Vida","publisher":{"@id":"https:\/\/gravida.com\/fr\/#organization"},"potentialAction":[{"@type":"SearchAction","target":{"@type":"EntryPoint","urlTemplate":"https:\/\/gravida.com\/fr\/?s={search_term_string}"},"query-input":{"@type":"PropertyValueSpecification","valueRequired":true,"valueName":"search_term_string"}}],"inLanguage":"fr-FR"},{"@type":"Organization","@id":"https:\/\/gravida.com\/fr\/#organization","name":"Gravida","url":"https:\/\/gravida.com\/fr\/","logo":{"@type":"ImageObject","inLanguage":"fr-FR","@id":"https:\/\/gravida.com\/fr\/#\/schema\/logo\/image\/","url":"https:\/\/gravida.com\/wp-content\/uploads\/2024\/06\/logoads.svg","contentUrl":"https:\/\/gravida.com\/wp-content\/uploads\/2024\/06\/logoads.svg","width":"1024","height":"1024","caption":"Gravida"},"image":{"@id":"https:\/\/gravida.com\/fr\/#\/schema\/logo\/image\/"}}]}},"_links":{"self":[{"href":"https:\/\/gravida.com\/fr\/wp-json\/wp\/v2\/pages\/31015","targetHints":{"allow":["GET"]}}],"collection":[{"href":"https:\/\/gravida.com\/fr\/wp-json\/wp\/v2\/pages"}],"about":[{"href":"https:\/\/gravida.com\/fr\/wp-json\/wp\/v2\/types\/page"}],"author":[{"embeddable":true,"href":"https:\/\/gravida.com\/fr\/wp-json\/wp\/v2\/users\/7"}],"replies":[{"embeddable":true,"href":"https:\/\/gravida.com\/fr\/wp-json\/wp\/v2\/comments?post=31015"}],"version-history":[{"count":0,"href":"https:\/\/gravida.com\/fr\/wp-json\/wp\/v2\/pages\/31015\/revisions"}],"wp:attachment":[{"href":"https:\/\/gravida.com\/fr\/wp-json\/wp\/v2\/media?parent=31015"}],"curies":[{"name":"wp","href":"https:\/\/api.w.org\/{rel}","templated":true}]}}