{"id":31010,"date":"2025-06-18T13:35:54","date_gmt":"2025-06-18T11:35:54","guid":{"rendered":"https:\/\/gravida.com\/politique-de-confidentialite-resume\/"},"modified":"2025-06-18T13:35:54","modified_gmt":"2025-06-18T11:35:54","slug":"politique-de-confidentialite-resume","status":"publish","type":"page","link":"https:\/\/gravida.com\/fr\/politique-de-confidentialite-resume\/","title":{"rendered":"Politique de confidentialit\u00e9 (r\u00e9sum\u00e9)"},"content":{"rendered":"\n<h4 class=\"wp-block-heading has-large-font-size\">Politique de confidentialit\u00e9 (r\u00e9sum\u00e9)<\/h4>\n\n\n\n<p>Chez Gravida, nous prot\u00e9geons vos donn\u00e9es personnelles conform\u00e9ment au GDPR et \u00e0 la l\u00e9gislation en vigueur. Vos donn\u00e9es ne seront utilis\u00e9es que pour r\u00e9pondre \u00e0 votre demande et ne seront pas partag\u00e9es avec des tiers. Vous pouvez exercer vos droits d&rsquo;acc\u00e8s, de rectification et de suppression en \u00e9crivant \u00e0 gravida@gravidabcn.com.  <\/p>\n\n\n\n<p><a href=\"https:\/\/gravida.com\/fr\/politique-de-confidentialite\/\" target=\"_blank\" rel=\"noreferrer noopener\">Voir la politique compl\u00e8te<\/a><\/p>\n\n\n\n<p><\/p>\n","protected":false},"excerpt":{"rendered":"<p>Politique de confidentialit\u00e9 (r\u00e9sum\u00e9) Chez Gravida, nous prot\u00e9geons vos donn\u00e9es personnelles conform\u00e9ment au GDPR et \u00e0 la l\u00e9gislation en vigueur. Vos donn\u00e9es ne seront utilis\u00e9es que pour r\u00e9pondre \u00e0 votre demande et ne seront pas partag\u00e9es avec des tiers. Vous pouvez exercer vos droits d&rsquo;acc\u00e8s, de rectification et de suppression en \u00e9crivant \u00e0 gravida@gravidabcn.com. Voir [&hellip;]<\/p>\n","protected":false},"author":7,"featured_media":0,"parent":0,"menu_order":0,"comment_status":"closed","ping_status":"closed","template":"page-no-title","meta":{"inline_featured_image":false,"footnotes":""},"class_list":["post-31010","page","type-page","status-publish","hentry"],"yoast_head":"<!-- This site is optimized with the Yoast SEO plugin v27.2 - https:\/\/yoast.com\/product\/yoast-seo-wordpress\/ -->\n<title>Politique de confidentialit\u00e9 (r\u00e9sum\u00e9) - Gravida<\/title>\n<meta name=\"robots\" content=\"noindex, nofollow\" \/>\n<meta property=\"og:locale\" content=\"fr_FR\" \/>\n<meta property=\"og:type\" content=\"article\" \/>\n<meta property=\"og:title\" content=\"Politique de confidentialit\u00e9 (r\u00e9sum\u00e9) - Gravida\" \/>\n<meta property=\"og:description\" content=\"Politique de confidentialit\u00e9 (r\u00e9sum\u00e9) Chez Gravida, nous prot\u00e9geons vos donn\u00e9es personnelles conform\u00e9ment au GDPR et \u00e0 la l\u00e9gislation en vigueur. Vos donn\u00e9es ne seront utilis\u00e9es que pour r\u00e9pondre \u00e0 votre demande et ne seront pas partag\u00e9es avec des tiers. Vous pouvez exercer vos droits d&rsquo;acc\u00e8s, de rectification et de suppression en \u00e9crivant \u00e0 gravida@gravidabcn.com. Voir [&hellip;]\" \/>\n<meta property=\"og:url\" content=\"https:\/\/gravida.com\/fr\/politique-de-confidentialite-resume\/\" \/>\n<meta property=\"og:site_name\" content=\"Gravida\" \/>\n<meta property=\"og:image\" content=\"https:\/\/gravida.com\/wp-content\/uploads\/2023\/11\/clinica-fertilidad-barcelona-e1588845943328.webp\" \/>\n\t<meta property=\"og:image:width\" content=\"1150\" \/>\n\t<meta property=\"og:image:height\" content=\"529\" \/>\n\t<meta property=\"og:image:type\" content=\"image\/webp\" \/>\n<meta name=\"twitter:card\" content=\"summary_large_image\" \/>\n<script type=\"application\/ld+json\" class=\"yoast-schema-graph\">{\"@context\":\"https:\/\/schema.org\",\"@graph\":[{\"@type\":\"WebPage\",\"@id\":\"https:\/\/gravida.com\/fr\/politique-de-confidentialite-resume\/\",\"url\":\"https:\/\/gravida.com\/fr\/politique-de-confidentialite-resume\/\",\"name\":\"Politique de confidentialit\u00e9 (r\u00e9sum\u00e9) - Gravida\",\"isPartOf\":{\"@id\":\"https:\/\/gravida.com\/fr\/#website\"},\"datePublished\":\"2025-06-18T11:35:54+00:00\",\"inLanguage\":\"fr-FR\",\"potentialAction\":[{\"@type\":\"ReadAction\",\"target\":[\"https:\/\/gravida.com\/fr\/politique-de-confidentialite-resume\/\"]}]},{\"@type\":\"WebSite\",\"@id\":\"https:\/\/gravida.com\/fr\/#website\",\"url\":\"https:\/\/gravida.com\/fr\/\",\"name\":\"Gravida\",\"description\":\"Ciencia al Servicio de la Vida\",\"publisher\":{\"@id\":\"https:\/\/gravida.com\/fr\/#organization\"},\"potentialAction\":[{\"@type\":\"SearchAction\",\"target\":{\"@type\":\"EntryPoint\",\"urlTemplate\":\"https:\/\/gravida.com\/fr\/?s={search_term_string}\"},\"query-input\":{\"@type\":\"PropertyValueSpecification\",\"valueRequired\":true,\"valueName\":\"search_term_string\"}}],\"inLanguage\":\"fr-FR\"},{\"@type\":\"Organization\",\"@id\":\"https:\/\/gravida.com\/fr\/#organization\",\"name\":\"Gravida\",\"url\":\"https:\/\/gravida.com\/fr\/\",\"logo\":{\"@type\":\"ImageObject\",\"inLanguage\":\"fr-FR\",\"@id\":\"https:\/\/gravida.com\/fr\/#\/schema\/logo\/image\/\",\"url\":\"https:\/\/gravida.com\/wp-content\/uploads\/2024\/06\/logoads.svg\",\"contentUrl\":\"https:\/\/gravida.com\/wp-content\/uploads\/2024\/06\/logoads.svg\",\"width\":\"1024\",\"height\":\"1024\",\"caption\":\"Gravida\"},\"image\":{\"@id\":\"https:\/\/gravida.com\/fr\/#\/schema\/logo\/image\/\"}}]}<\/script>\n<!-- \/ Yoast SEO plugin. -->","yoast_head_json":{"title":"Politique de confidentialit\u00e9 (r\u00e9sum\u00e9) - Gravida","robots":{"index":"noindex","follow":"nofollow"},"og_locale":"fr_FR","og_type":"article","og_title":"Politique de confidentialit\u00e9 (r\u00e9sum\u00e9) - Gravida","og_description":"Politique de confidentialit\u00e9 (r\u00e9sum\u00e9) Chez Gravida, nous prot\u00e9geons vos donn\u00e9es personnelles conform\u00e9ment au GDPR et \u00e0 la l\u00e9gislation en vigueur. Vos donn\u00e9es ne seront utilis\u00e9es que pour r\u00e9pondre \u00e0 votre demande et ne seront pas partag\u00e9es avec des tiers. Vous pouvez exercer vos droits d&rsquo;acc\u00e8s, de rectification et de suppression en \u00e9crivant \u00e0 gravida@gravidabcn.com. Voir [&hellip;]","og_url":"https:\/\/gravida.com\/fr\/politique-de-confidentialite-resume\/","og_site_name":"Gravida","og_image":[{"width":1150,"height":529,"url":"https:\/\/gravida.com\/wp-content\/uploads\/2023\/11\/clinica-fertilidad-barcelona-e1588845943328.webp","type":"image\/webp"}],"twitter_card":"summary_large_image","schema":{"@context":"https:\/\/schema.org","@graph":[{"@type":"WebPage","@id":"https:\/\/gravida.com\/fr\/politique-de-confidentialite-resume\/","url":"https:\/\/gravida.com\/fr\/politique-de-confidentialite-resume\/","name":"Politique de confidentialit\u00e9 (r\u00e9sum\u00e9) - Gravida","isPartOf":{"@id":"https:\/\/gravida.com\/fr\/#website"},"datePublished":"2025-06-18T11:35:54+00:00","inLanguage":"fr-FR","potentialAction":[{"@type":"ReadAction","target":["https:\/\/gravida.com\/fr\/politique-de-confidentialite-resume\/"]}]},{"@type":"WebSite","@id":"https:\/\/gravida.com\/fr\/#website","url":"https:\/\/gravida.com\/fr\/","name":"Gravida","description":"Ciencia al Servicio de la Vida","publisher":{"@id":"https:\/\/gravida.com\/fr\/#organization"},"potentialAction":[{"@type":"SearchAction","target":{"@type":"EntryPoint","urlTemplate":"https:\/\/gravida.com\/fr\/?s={search_term_string}"},"query-input":{"@type":"PropertyValueSpecification","valueRequired":true,"valueName":"search_term_string"}}],"inLanguage":"fr-FR"},{"@type":"Organization","@id":"https:\/\/gravida.com\/fr\/#organization","name":"Gravida","url":"https:\/\/gravida.com\/fr\/","logo":{"@type":"ImageObject","inLanguage":"fr-FR","@id":"https:\/\/gravida.com\/fr\/#\/schema\/logo\/image\/","url":"https:\/\/gravida.com\/wp-content\/uploads\/2024\/06\/logoads.svg","contentUrl":"https:\/\/gravida.com\/wp-content\/uploads\/2024\/06\/logoads.svg","width":"1024","height":"1024","caption":"Gravida"},"image":{"@id":"https:\/\/gravida.com\/fr\/#\/schema\/logo\/image\/"}}]}},"_links":{"self":[{"href":"https:\/\/gravida.com\/fr\/wp-json\/wp\/v2\/pages\/31010","targetHints":{"allow":["GET"]}}],"collection":[{"href":"https:\/\/gravida.com\/fr\/wp-json\/wp\/v2\/pages"}],"about":[{"href":"https:\/\/gravida.com\/fr\/wp-json\/wp\/v2\/types\/page"}],"author":[{"embeddable":true,"href":"https:\/\/gravida.com\/fr\/wp-json\/wp\/v2\/users\/7"}],"replies":[{"embeddable":true,"href":"https:\/\/gravida.com\/fr\/wp-json\/wp\/v2\/comments?post=31010"}],"version-history":[{"count":0,"href":"https:\/\/gravida.com\/fr\/wp-json\/wp\/v2\/pages\/31010\/revisions"}],"wp:attachment":[{"href":"https:\/\/gravida.com\/fr\/wp-json\/wp\/v2\/media?parent=31010"}],"curies":[{"name":"wp","href":"https:\/\/api.w.org\/{rel}","templated":true}]}}