{"id":31062,"date":"2025-06-25T10:57:27","date_gmt":"2025-06-25T08:57:27","guid":{"rendered":"https:\/\/gravida.com\/equip\/dra-laura-gomila-villalonga\/"},"modified":"2025-06-25T10:57:27","modified_gmt":"2025-06-25T08:57:27","slug":"dra-laura-gomila-villalonga","status":"publish","type":"page","link":"https:\/\/gravida.com\/ca\/equip-old\/dra-laura-gomila-villalonga\/","title":{"rendered":"Dra. Laura Gomila Villalonga"},"content":{"rendered":"\n<div class=\"wp-block-cover alignfull is-light\" style=\"border-radius:0px;min-height:500px;aspect-ratio:unset;\"><img loading=\"lazy\" decoding=\"async\" width=\"1024\" height=\"576\" class=\"wp-block-cover__image-background wp-image-19433 size-large\" alt=\"\" src=\"https:\/\/gravida.com\/wp-content\/uploads\/2024\/01\/dra-gomila-explicando-ct-ciclo-natural-1024x576.jpg\" style=\"object-position:66% 29%\" data-object-fit=\"cover\" data-object-position=\"66% 29%\" srcset=\"https:\/\/gravida.com\/wp-content\/uploads\/2024\/01\/dra-gomila-explicando-ct-ciclo-natural-1024x576.jpg 1024w, https:\/\/gravida.com\/wp-content\/uploads\/2024\/01\/dra-gomila-explicando-ct-ciclo-natural-300x169.jpg 300w, https:\/\/gravida.com\/wp-content\/uploads\/2024\/01\/dra-gomila-explicando-ct-ciclo-natural-768x432.jpg 768w, https:\/\/gravida.com\/wp-content\/uploads\/2024\/01\/dra-gomila-explicando-ct-ciclo-natural-1536x864.jpg 1536w, https:\/\/gravida.com\/wp-content\/uploads\/2024\/01\/dra-gomila-explicando-ct-ciclo-natural-18x10.jpg 18w, https:\/\/gravida.com\/wp-content\/uploads\/2024\/01\/dra-gomila-explicando-ct-ciclo-natural.jpg 1920w\" sizes=\"auto, (max-width: 1024px) 100vw, 1024px\" \/><span aria-hidden=\"true\" class=\"wp-block-cover__background has-base-2-background-color has-background-dim-70 has-background-dim\"><\/span><div class=\"wp-block-cover__inner-container has-global-padding is-layout-constrained wp-container-core-cover-is-layout-12243e0f wp-block-cover-is-layout-constrained\">\n<div style=\"height:70px\" aria-hidden=\"true\" class=\"wp-block-spacer\"><\/div>\n\n\n\n<div class=\"wp-block-group alignwide has-global-padding is-content-justification-center is-layout-constrained wp-container-core-group-is-layout-d7a71814 wp-block-group-is-layout-constrained\" style=\"padding-right:0;padding-left:0\">\n<h1 class=\"wp-block-heading alignwide has-text-align-center has-accent-2-color has-text-color has-link-color wp-elements-de1cf0c5809f4081eb00845b61888f4d\"><strong><strong><strong><strong>Dra. Laura Gomila Villalonga <\/strong><\/strong><\/strong><\/strong><\/h1>\n\n\n\n<p class=\"has-text-align-center\" style=\"padding-top:var(--wp--preset--spacing--10);padding-bottom:var(--wp--preset--spacing--10)\">Metge especialista en Reproducci\u00f3 Assistida<\/p>\n\n\n\n<div class=\"wp-block-buttons alignwide is-content-justification-center is-layout-flex wp-container-core-buttons-is-layout-a89b3969 wp-block-buttons-is-layout-flex\">\n<div class=\"wp-block-button ocs-trigger ocs-toggle ocs-toggle-test\"><a class=\"wp-block-button__link wp-element-button\">M\u00e9s informaci\u00f3<\/a><\/div>\n<\/div>\n<\/div>\n<\/div><\/div>\n\n\n\n<div class=\"wp-block-columns alignwide has-base-2-background-color has-background is-layout-flex wp-container-core-columns-is-layout-28f84493 wp-block-columns-is-layout-flex\" style=\"border-top-color:var(--wp--preset--color--base-2)\">\n<div class=\"wp-block-column is-layout-flow wp-block-column-is-layout-flow\" style=\"padding-top:var(--wp--preset--spacing--20);padding-right:var(--wp--preset--spacing--20);padding-bottom:var(--wp--preset--spacing--20);padding-left:var(--wp--preset--spacing--20)\">\n<div class=\"wp-block-group has-global-padding is-layout-constrained wp-block-group-is-layout-constrained wp-container-1 is-position-sticky\">\n<h4 class=\"wp-block-heading\">Experi\u00e8ncia<\/h4>\n\n\n\n<p class=\"has-contrast-color has-text-color has-link-color wp-elements-70c3b70b66e5986354ffb84b529da958\">Especialista Associat a Gravida Fertilitat Avan\u00e7ada, centre internacional de Reproducci\u00f3 Humana Assistida de Barcelona.<\/p>\n\n\n\n<p class=\"has-contrast-color has-text-color has-link-color wp-elements-00c421ebf5f978e0a444c0b0a8eefa53\">Estada formativa al servei de Reproducci\u00f3 Assistida de l&#8217;Hospital Universitari Dexeus de Barcelona.<\/p>\n\n\n\n<p>Especialista Associat en Gris Reproducci\u00f3.<\/p>\n\n\n\n<p>Metge Inter\u00ed Resident d&#8217;Obstetr\u00edcia i Ginecologia a l&#8217;Hospital Materno-Infantil Vall d&#8217;Hebr\u00f3n.<\/p>\n<\/div>\n<\/div>\n\n\n\n<div class=\"wp-block-column is-layout-flow wp-block-column-is-layout-flow\" style=\"padding-top:var(--wp--preset--spacing--20);padding-right:var(--wp--preset--spacing--20);padding-bottom:var(--wp--preset--spacing--20);padding-left:var(--wp--preset--spacing--20)\">\n<div class=\"wp-block-group has-global-padding is-layout-constrained wp-container-core-group-is-layout-639b5052 wp-block-group-is-layout-constrained\" style=\"padding-top:0;padding-right:0;padding-bottom:0;padding-left:0\">\n<h4 class=\"wp-block-heading\">Formaci\u00f3<\/h4>\n\n\n\n<ul class=\"wp-block-list is-style-checkmark-list has-contrast-color has-text-color has-link-color has-small-font-size wp-elements-0483a21e855e2a6b1f9cbac1a5d4d5e5\">\n<li>M\u00e0ster en Reproducci\u00f3 Humana per l&#8217;Institut Valenci\u00e0 d&#8217;Infertilitat i la Universitat Rey Juan Carlos de Madrid. Adscrit a IVI (2018). <\/li>\n\n\n\n<li>Especialista en Obstetr\u00edcia i Ginecologia a l&#8217;Hospital Materno-Infantil Vall d&#8217;Hebron, Universitat Aut\u00f2noma de Barcelona. (2017)<\/li>\n\n\n\n<li>Llicenciada en Medicina i Cirurgia a la Universitat Aut\u00f2noma de Barcelona. (2017)<\/li>\n<\/ul>\n<\/div>\n<\/div>\n<\/div>\n\n\n\n<div class=\"wp-block-group alignfull formulario-equipo has-base-background-color has-background has-global-padding is-layout-constrained wp-container-core-group-is-layout-b673cb31 wp-block-group-is-layout-constrained\" style=\"margin-top:0;margin-bottom:0;padding-top:var(--wp--preset--spacing--30);padding-right:var(--wp--preset--spacing--50);padding-bottom:var(--wp--preset--spacing--30);padding-left:var(--wp--preset--spacing--50)\">\n<div class=\"wp-block-columns alignwide are-vertically-aligned-center is-layout-flex wp-container-core-columns-is-layout-1da03c2a wp-block-columns-is-layout-flex\">\n<div class=\"wp-block-column is-vertically-aligned-center is-layout-flow wp-block-column-is-layout-flow\" style=\"flex-basis:45%\">\n<div class=\"wp-block-cover aligncenter is-light has-custom-content-position is-position-top-left\" style=\"border-radius:20px;min-height:679px;aspect-ratio:unset;\"><img loading=\"lazy\" decoding=\"async\" width=\"815\" height=\"347\" class=\"wp-block-cover__image-background wp-image-29314 size-full\" alt=\"\" src=\"https:\/\/gravida.com\/wp-content\/uploads\/2025\/01\/portada-Post-FERTILO.png\" style=\"object-position:33% 51%\" data-object-fit=\"cover\" data-object-position=\"33% 51%\" srcset=\"https:\/\/gravida.com\/wp-content\/uploads\/2025\/01\/portada-Post-FERTILO.png 815w, https:\/\/gravida.com\/wp-content\/uploads\/2025\/01\/portada-Post-FERTILO-300x128.png 300w, https:\/\/gravida.com\/wp-content\/uploads\/2025\/01\/portada-Post-FERTILO-768x327.png 768w\" sizes=\"auto, (max-width: 815px) 100vw, 815px\" \/><span aria-hidden=\"true\" class=\"wp-block-cover__background has-base-2-background-color has-background-dim\"><\/span><div class=\"wp-block-cover__inner-container is-layout-flow wp-block-cover-is-layout-flow\">\n<p class=\"has-text-align-center has-large-font-size\"><\/p>\n<\/div><\/div>\n<\/div>\n\n\n\n<div class=\"wp-block-column is-vertically-aligned-center is-layout-flow wp-block-column-is-layout-flow\" style=\"flex-basis:55%\">\n<h4 class=\"wp-block-heading alignwide has-text-align-left has-x-large-font-size\" style=\"margin-top:0;margin-right:0;margin-bottom:0;padding-top:var(--wp--preset--spacing--20);padding-right:0;padding-bottom:var(--wp--preset--spacing--20);padding-left:0\">Demana la teva primera visita gratu\u00efta<\/h4>\n\n\n\n<div class=\"wp-block-contact-form-7-contact-form-selector\">\n<div class=\"wpcf7 no-js\" id=\"wpcf7-f25844-o1\" lang=\"ca\" dir=\"ltr\" data-wpcf7-id=\"25844\">\n<div class=\"screen-reader-response\"><p role=\"status\" aria-live=\"polite\" aria-atomic=\"true\"><\/p> <ul><\/ul><\/div>\n<form action=\"\/ca\/wp-json\/wp\/v2\/pages\/31062#wpcf7-f25844-o1\" method=\"post\" class=\"wpcf7-form init\" aria-label=\"Formulari de contacte\" novalidate=\"novalidate\" data-status=\"init\">\n<fieldset class=\"hidden-fields-container\"><input type=\"hidden\" name=\"_wpcf7\" value=\"25844\" \/><input type=\"hidden\" name=\"_wpcf7_version\" value=\"6.1.5\" \/><input type=\"hidden\" name=\"_wpcf7_locale\" value=\"ca\" \/><input type=\"hidden\" name=\"_wpcf7_unit_tag\" value=\"wpcf7-f25844-o1\" \/><input type=\"hidden\" name=\"_wpcf7_container_post\" value=\"0\" \/><input type=\"hidden\" name=\"_wpcf7_posted_data_hash\" value=\"\" \/><input type=\"hidden\" name=\"_wpcf7dtx_version\" value=\"5.0.5\" \/>\n<\/fieldset>\n<style>\nul.conditions {padding-left:15px}\nul.conditions li{list-style:number;font-size: 1rem;}\n<\/style>\n<ul class=\"conditions\">\n\t<li>\n\t\t<p>Visita amb el metge especialista\n\t\t<\/p>\n\t<\/li>\n\t<li class=\"has-tooltip\" data-tooltip=\"Una evaluaci\u00f3n de la reserva ov\u00e1rica y un seminograma en casos de pareja masculina.\">\n\t\t<p>Estudi de fertlitat\n\t\t<\/p>\n\t<\/li>\n\t<li>\n\t\t<p>Visita m\u00e8dica de resultats i orientaci\u00f3 diagn\u00f2stica\n\t\t<\/p>\n\t<\/li>\n<\/ul>\n<div class=\"formpro\">\n\t<div class=\"full\">\n\t\t<p><span class=\"wpcf7-form-control-wrap\" data-name=\"your-name\"><input size=\"40\" maxlength=\"400\" class=\"wpcf7-form-control wpcf7-text wpcf7-validates-as-required\" aria-required=\"true\" aria-invalid=\"false\" placeholder=\"Nom i cognoms\" value=\"\" type=\"text\" name=\"your-name\" \/><\/span><br \/>\n<span class=\"wpcf7-form-control-wrap\" data-name=\"telefon\"><input size=\"40\" maxlength=\"400\" class=\"wpcf7-form-control wpcf7-tel wpcf7-validates-as-required wpcf7-text wpcf7-validates-as-tel\" aria-required=\"true\" aria-invalid=\"false\" placeholder=\"Tel\u00e8fon\" value=\"\" type=\"tel\" name=\"telefon\" \/><\/span><br \/>\n<span class=\"wpcf7-form-control-wrap\" data-name=\"your-email\"><input size=\"40\" maxlength=\"400\" class=\"wpcf7-form-control wpcf7-email wpcf7-validates-as-required wpcf7-text wpcf7-validates-as-email\" aria-required=\"true\" aria-invalid=\"false\" placeholder=\"Email\" value=\"\" type=\"email\" name=\"your-email\" \/><\/span><br \/>\n<span class=\"wpcf7-form-control-wrap\" data-name=\"textarea\"><textarea cols=\"40\" rows=\"10\" maxlength=\"2000\" class=\"wpcf7-form-control wpcf7-textarea\" aria-invalid=\"false\" placeholder=\"Comentari\" name=\"textarea\"><\/textarea><\/span><br \/>\n\t\t<span class=\"wpcf7-form-control-wrap webpro\" data-name=\"webpro\"><input type=\"hidden\" name=\"webpro\" class=\"wpcf7-form-control wpcf7-hidden wpcf7dtx wpcf7dtx-hidden\" aria-invalid=\"false\" value=\"Dra. Laura Gomila Villalonga\"><\/span>\n\t\t<\/p>\n\t\t<div class=\"legal\">\n\t\t\t<p><span class=\"wpcf7-form-control-wrap\" data-name=\"acceptance-201\"><span class=\"wpcf7-form-control wpcf7-acceptance\"><span class=\"wpcf7-list-item\"><label><input type=\"checkbox\" name=\"acceptance-201\" value=\"1\" aria-invalid=\"false\" \/><span class=\"wpcf7-list-item-label\">Accepto les <button type=\"button\" style=\"border:0;background:transparent;\" id=\"show-privacy-modal2\">condicions d'\u00fas i pol\u00edtica de privadesa<\/button><\/span><\/label><\/span><\/span><\/span><br \/>\n<input type=\"hidden\" id=\"gclid_field\" name=\"gclid_field\" value=\"\" \/>\n\t\t\t<\/p>\n\t\t<\/div>\n\t\t<div class=\"buttonsend\">\n\t\t\t<p><input class=\"wpcf7-form-control wpcf7-submit has-spinner wp-block-button__link\" type=\"submit\" value=\"Enviar\" \/>\n\t\t\t<\/p>\n\t\t<\/div>\n\t<\/div>\n<\/div>\n<div id=\"privacy-modal2\" style=\"display:none; position:fixed; z-index:9999; left:0; top:0; width:100vw; height:100vh; background:rgba(0,0,0,0.6);\">\n\t<div style=\"background:#fff; max-width:500px; margin:80px auto; padding:30px; border-radius:12px; position:relative;\">\n\t\t<p><button id=\"close-privacy-modal2\" style=\"position:absolute; top:10px; right:16px; font-size:20px; background:none; border:none; cursor:pointer;\">\u00d7<\/button>\n\t\t<\/p>\n\t\t<h4 class=\"h2\">Pol\u00edtica de Privadesa (Resum)\n\t\t<\/h4>\n\t\t<p><br \/>\nA Gravida, protegim les teves dades personals d'acord amb el RGPD i la normativa vigent. Les teves dades nom\u00e9s es faran servir per respondre a la teva consulta i no es compartiran amb tercers. Podeu exercir els vostres drets d'acc\u00e9s, rectificaci\u00f3 i supressi\u00f3 escrivint a gravida@gravidabcn.com.<br \/>\n<a href=\"\/politica-privacidad\" target=\"_blank\" rel=\"noopener\">Veure pol\u00edtica completa<\/a>\n\t\t<\/p>\n\t<\/div>\n<\/div><div class=\"wpcf7-response-output\" aria-hidden=\"true\"><\/div>\n<\/form>\n<\/div>\n<\/div>\n<\/div>\n<\/div>\n<\/div>\n","protected":false},"excerpt":{"rendered":"<p>Experi\u00e8ncia Especialista Associat a Gravida Fertilitat Avan\u00e7ada, centre internacional de Reproducci\u00f3 Humana Assistida de Barcelona. Estada formativa al servei de Reproducci\u00f3 Assistida de l&#8217;Hospital Universitari Dexeus de Barcelona. Especialista Associat en Gris Reproducci\u00f3. Metge Inter\u00ed Resident d&#8217;Obstetr\u00edcia i Ginecologia a l&#8217;Hospital Materno-Infantil Vall d&#8217;Hebr\u00f3n. Formaci\u00f3 Demana la teva primera visita gratu\u00efta<\/p>\n","protected":false},"author":7,"featured_media":0,"parent":27425,"menu_order":0,"comment_status":"closed","ping_status":"closed","template":"page-no-title","meta":{"inline_featured_image":false,"footnotes":""},"class_list":["post-31062","page","type-page","status-publish","hentry"],"yoast_head":"<!-- This site is optimized with the Yoast SEO plugin v27.2 - https:\/\/yoast.com\/product\/yoast-seo-wordpress\/ -->\n<title>Dra. Laura Gomila Villalonga - Gravida<\/title>\n<meta name=\"robots\" content=\"index, follow, max-snippet:-1, max-image-preview:large, max-video-preview:-1\" \/>\n<link rel=\"canonical\" href=\"https:\/\/gravida.com\/ca\/equip-old\/dra-laura-gomila-villalonga\/\" \/>\n<meta property=\"og:locale\" content=\"ca_ES\" \/>\n<meta property=\"og:type\" content=\"article\" \/>\n<meta property=\"og:title\" content=\"Dra. Laura Gomila Villalonga - Gravida\" \/>\n<meta property=\"og:description\" content=\"Experi\u00e8ncia Especialista Associat a Gravida Fertilitat Avan\u00e7ada, centre internacional de Reproducci\u00f3 Humana Assistida de Barcelona. Estada formativa al servei de Reproducci\u00f3 Assistida de l&#8217;Hospital Universitari Dexeus de Barcelona. Especialista Associat en Gris Reproducci\u00f3. Metge Inter\u00ed Resident d&#8217;Obstetr\u00edcia i Ginecologia a l&#8217;Hospital Materno-Infantil Vall d&#8217;Hebr\u00f3n. Formaci\u00f3 Demana la teva primera visita gratu\u00efta\" \/>\n<meta property=\"og:url\" content=\"https:\/\/gravida.com\/ca\/equip-old\/dra-laura-gomila-villalonga\/\" \/>\n<meta property=\"og:site_name\" content=\"Gravida\" \/>\n<meta property=\"og:image\" content=\"https:\/\/gravida.com\/wp-content\/uploads\/2024\/01\/dra-gomila-explicando-ct-ciclo-natural-1024x576.jpg\" \/>\n<meta name=\"twitter:card\" content=\"summary_large_image\" \/>\n<meta name=\"twitter:label1\" content=\"Temps estimat de lectura\" \/>\n\t<meta name=\"twitter:data1\" content=\"1 minut\" \/>\n<script type=\"application\/ld+json\" class=\"yoast-schema-graph\">{\"@context\":\"https:\/\/schema.org\",\"@graph\":[{\"@type\":\"WebPage\",\"@id\":\"https:\/\/gravida.com\/ca\/equip-old\/dra-laura-gomila-villalonga\/\",\"url\":\"https:\/\/gravida.com\/ca\/equip-old\/dra-laura-gomila-villalonga\/\",\"name\":\"Dra. Laura Gomila Villalonga - Gravida\",\"isPartOf\":{\"@id\":\"https:\/\/gravida.com\/ca\/#website\"},\"primaryImageOfPage\":{\"@id\":\"https:\/\/gravida.com\/ca\/equip-old\/dra-laura-gomila-villalonga\/#primaryimage\"},\"image\":{\"@id\":\"https:\/\/gravida.com\/ca\/equip-old\/dra-laura-gomila-villalonga\/#primaryimage\"},\"thumbnailUrl\":\"https:\/\/gravida.com\/wp-content\/uploads\/2024\/01\/dra-gomila-explicando-ct-ciclo-natural-1024x576.jpg\",\"datePublished\":\"2025-06-25T08:57:27+00:00\",\"breadcrumb\":{\"@id\":\"https:\/\/gravida.com\/ca\/equip-old\/dra-laura-gomila-villalonga\/#breadcrumb\"},\"inLanguage\":\"ca\",\"potentialAction\":[{\"@type\":\"ReadAction\",\"target\":[\"https:\/\/gravida.com\/ca\/equip-old\/dra-laura-gomila-villalonga\/\"]}]},{\"@type\":\"ImageObject\",\"inLanguage\":\"ca\",\"@id\":\"https:\/\/gravida.com\/ca\/equip-old\/dra-laura-gomila-villalonga\/#primaryimage\",\"url\":\"https:\/\/gravida.com\/wp-content\/uploads\/2024\/01\/dra-gomila-explicando-ct-ciclo-natural-1024x576.jpg\",\"contentUrl\":\"https:\/\/gravida.com\/wp-content\/uploads\/2024\/01\/dra-gomila-explicando-ct-ciclo-natural-1024x576.jpg\"},{\"@type\":\"BreadcrumbList\",\"@id\":\"https:\/\/gravida.com\/ca\/equip-old\/dra-laura-gomila-villalonga\/#breadcrumb\",\"itemListElement\":[{\"@type\":\"ListItem\",\"position\":1,\"name\":\"Equip OLD\",\"item\":\"https:\/\/gravida.com\/ca\/?page_id=81\"},{\"@type\":\"ListItem\",\"position\":2,\"name\":\"Dra. Laura Gomila Villalonga\"}]},{\"@type\":\"WebSite\",\"@id\":\"https:\/\/gravida.com\/ca\/#website\",\"url\":\"https:\/\/gravida.com\/ca\/\",\"name\":\"Gravida\",\"description\":\"Ciencia al Servicio de la Vida\",\"publisher\":{\"@id\":\"https:\/\/gravida.com\/ca\/#organization\"},\"potentialAction\":[{\"@type\":\"SearchAction\",\"target\":{\"@type\":\"EntryPoint\",\"urlTemplate\":\"https:\/\/gravida.com\/ca\/?s={search_term_string}\"},\"query-input\":{\"@type\":\"PropertyValueSpecification\",\"valueRequired\":true,\"valueName\":\"search_term_string\"}}],\"inLanguage\":\"ca\"},{\"@type\":\"Organization\",\"@id\":\"https:\/\/gravida.com\/ca\/#organization\",\"name\":\"Gravida\",\"url\":\"https:\/\/gravida.com\/ca\/\",\"logo\":{\"@type\":\"ImageObject\",\"inLanguage\":\"ca\",\"@id\":\"https:\/\/gravida.com\/ca\/#\/schema\/logo\/image\/\",\"url\":\"https:\/\/gravida.com\/wp-content\/uploads\/2024\/06\/logoads.svg\",\"contentUrl\":\"https:\/\/gravida.com\/wp-content\/uploads\/2024\/06\/logoads.svg\",\"width\":\"1024\",\"height\":\"1024\",\"caption\":\"Gravida\"},\"image\":{\"@id\":\"https:\/\/gravida.com\/ca\/#\/schema\/logo\/image\/\"}}]}<\/script>\n<!-- \/ Yoast SEO plugin. -->","yoast_head_json":{"title":"Dra. Laura Gomila Villalonga - Gravida","robots":{"index":"index","follow":"follow","max-snippet":"max-snippet:-1","max-image-preview":"max-image-preview:large","max-video-preview":"max-video-preview:-1"},"canonical":"https:\/\/gravida.com\/ca\/equip-old\/dra-laura-gomila-villalonga\/","og_locale":"ca_ES","og_type":"article","og_title":"Dra. Laura Gomila Villalonga - Gravida","og_description":"Experi\u00e8ncia Especialista Associat a Gravida Fertilitat Avan\u00e7ada, centre internacional de Reproducci\u00f3 Humana Assistida de Barcelona. Estada formativa al servei de Reproducci\u00f3 Assistida de l&#8217;Hospital Universitari Dexeus de Barcelona. Especialista Associat en Gris Reproducci\u00f3. Metge Inter\u00ed Resident d&#8217;Obstetr\u00edcia i Ginecologia a l&#8217;Hospital Materno-Infantil Vall d&#8217;Hebr\u00f3n. Formaci\u00f3 Demana la teva primera visita gratu\u00efta","og_url":"https:\/\/gravida.com\/ca\/equip-old\/dra-laura-gomila-villalonga\/","og_site_name":"Gravida","og_image":[{"url":"https:\/\/gravida.com\/wp-content\/uploads\/2024\/01\/dra-gomila-explicando-ct-ciclo-natural-1024x576.jpg","type":"","width":"","height":""}],"twitter_card":"summary_large_image","twitter_misc":{"Temps estimat de lectura":"1 minut"},"schema":{"@context":"https:\/\/schema.org","@graph":[{"@type":"WebPage","@id":"https:\/\/gravida.com\/ca\/equip-old\/dra-laura-gomila-villalonga\/","url":"https:\/\/gravida.com\/ca\/equip-old\/dra-laura-gomila-villalonga\/","name":"Dra. Laura Gomila Villalonga - Gravida","isPartOf":{"@id":"https:\/\/gravida.com\/ca\/#website"},"primaryImageOfPage":{"@id":"https:\/\/gravida.com\/ca\/equip-old\/dra-laura-gomila-villalonga\/#primaryimage"},"image":{"@id":"https:\/\/gravida.com\/ca\/equip-old\/dra-laura-gomila-villalonga\/#primaryimage"},"thumbnailUrl":"https:\/\/gravida.com\/wp-content\/uploads\/2024\/01\/dra-gomila-explicando-ct-ciclo-natural-1024x576.jpg","datePublished":"2025-06-25T08:57:27+00:00","breadcrumb":{"@id":"https:\/\/gravida.com\/ca\/equip-old\/dra-laura-gomila-villalonga\/#breadcrumb"},"inLanguage":"ca","potentialAction":[{"@type":"ReadAction","target":["https:\/\/gravida.com\/ca\/equip-old\/dra-laura-gomila-villalonga\/"]}]},{"@type":"ImageObject","inLanguage":"ca","@id":"https:\/\/gravida.com\/ca\/equip-old\/dra-laura-gomila-villalonga\/#primaryimage","url":"https:\/\/gravida.com\/wp-content\/uploads\/2024\/01\/dra-gomila-explicando-ct-ciclo-natural-1024x576.jpg","contentUrl":"https:\/\/gravida.com\/wp-content\/uploads\/2024\/01\/dra-gomila-explicando-ct-ciclo-natural-1024x576.jpg"},{"@type":"BreadcrumbList","@id":"https:\/\/gravida.com\/ca\/equip-old\/dra-laura-gomila-villalonga\/#breadcrumb","itemListElement":[{"@type":"ListItem","position":1,"name":"Equip OLD","item":"https:\/\/gravida.com\/ca\/?page_id=81"},{"@type":"ListItem","position":2,"name":"Dra. Laura Gomila Villalonga"}]},{"@type":"WebSite","@id":"https:\/\/gravida.com\/ca\/#website","url":"https:\/\/gravida.com\/ca\/","name":"Gravida","description":"Ciencia al Servicio de la Vida","publisher":{"@id":"https:\/\/gravida.com\/ca\/#organization"},"potentialAction":[{"@type":"SearchAction","target":{"@type":"EntryPoint","urlTemplate":"https:\/\/gravida.com\/ca\/?s={search_term_string}"},"query-input":{"@type":"PropertyValueSpecification","valueRequired":true,"valueName":"search_term_string"}}],"inLanguage":"ca"},{"@type":"Organization","@id":"https:\/\/gravida.com\/ca\/#organization","name":"Gravida","url":"https:\/\/gravida.com\/ca\/","logo":{"@type":"ImageObject","inLanguage":"ca","@id":"https:\/\/gravida.com\/ca\/#\/schema\/logo\/image\/","url":"https:\/\/gravida.com\/wp-content\/uploads\/2024\/06\/logoads.svg","contentUrl":"https:\/\/gravida.com\/wp-content\/uploads\/2024\/06\/logoads.svg","width":"1024","height":"1024","caption":"Gravida"},"image":{"@id":"https:\/\/gravida.com\/ca\/#\/schema\/logo\/image\/"}}]}},"_links":{"self":[{"href":"https:\/\/gravida.com\/ca\/wp-json\/wp\/v2\/pages\/31062","targetHints":{"allow":["GET"]}}],"collection":[{"href":"https:\/\/gravida.com\/ca\/wp-json\/wp\/v2\/pages"}],"about":[{"href":"https:\/\/gravida.com\/ca\/wp-json\/wp\/v2\/types\/page"}],"author":[{"embeddable":true,"href":"https:\/\/gravida.com\/ca\/wp-json\/wp\/v2\/users\/7"}],"replies":[{"embeddable":true,"href":"https:\/\/gravida.com\/ca\/wp-json\/wp\/v2\/comments?post=31062"}],"version-history":[{"count":0,"href":"https:\/\/gravida.com\/ca\/wp-json\/wp\/v2\/pages\/31062\/revisions"}],"up":[{"embeddable":true,"href":"https:\/\/gravida.com\/ca\/wp-json\/wp\/v2\/pages\/27425"}],"wp:attachment":[{"href":"https:\/\/gravida.com\/ca\/wp-json\/wp\/v2\/media?parent=31062"}],"curies":[{"name":"wp","href":"https:\/\/api.w.org\/{rel}","templated":true}]}}