{"id":31053,"date":"2023-11-02T13:26:13","date_gmt":"2023-11-02T12:26:13","guid":{"rendered":"https:\/\/gravida.com\/politica-de-privadesa\/"},"modified":"2023-11-02T13:26:13","modified_gmt":"2023-11-02T12:26:13","slug":"politica-de-privadesa","status":"publish","type":"page","link":"https:\/\/gravida.com\/ca\/politica-de-privadesa\/","title":{"rendered":"Pol\u00edtica de privadesa"},"content":{"rendered":"\n<div class=\"wp-block-group alignwide has-global-padding is-layout-constrained wp-block-group-is-layout-constrained\">\n<div style=\"height:50px\" aria-hidden=\"true\" class=\"wp-block-spacer\"><\/div>\n\n\n\n<div style=\"height:49px\" aria-hidden=\"true\" class=\"wp-block-spacer\"><\/div>\n\n\n\n<h1 class=\"wp-block-heading has-text-align-left has-large-font-size\">Pol\u00edtica de privadesa<\/h1>\n\n\n\n<p>A trav\u00e9s del present document es regula el tractament de les dades personals demanades pel Centre Internacional de Reproducci\u00f3 Humana Assistida de Barcelona, \u200b\u200bSL (d&#8217;ara endavant, CIRHAB).<br><br> Aquesta pol\u00edtica de protecci\u00f3 de dades personals (&#8216; <strong>Pol\u00edtica de Privadesa<\/strong> &#8216;) t\u00e9 per objecte donar a con\u00e8ixer la manera com obtenim, tractem i protegim les dades personals que tractem arran de la nostra activitat.<\/p>\n\n\n\n<div style=\"height:20px\" aria-hidden=\"true\" class=\"wp-block-spacer\"><\/div>\n\n\n\n<h3 class=\"wp-block-heading has-medium-font-size\">Qui \u00e9s el responsable del tractament de les vostres dades personals?<\/h3>\n\n\n\n<p>El responsable del tractament de les vostres dades personals \u00e9s CIRHAB amb NIF B65006751. Les dades del contacte s\u00f3n les seg\u00fcents: <\/p>\n\n\n\n<ul class=\"wp-block-list\">\n<li>Av. Diagonal, 660, planta 16, 08034 Barcelona <\/li>\n\n\n\n<li>Tel\u00e8fon: 93 206 64 89<\/li>\n\n\n\n<li>Correu electr\u00f2nic: gravida@gravidabcn.com<\/li>\n<\/ul>\n\n\n\n<div style=\"height:20px\" aria-hidden=\"true\" class=\"wp-block-spacer\"><\/div>\n\n\n\n<h3 class=\"wp-block-heading has-medium-font-size\"><strong>Com es pot posar en contacte amb el delegat de protecci\u00f3 de dades de CIRHAB?<\/strong><\/h3>\n\n\n\n<p>Se us informa que CIRHAB ha nomenat un Delegat de Protecci\u00f3 de Dades (\u201cDPD\u201d) davant del qual podr\u00e0 posar de manifest qualsevol q\u00fcesti\u00f3 relativa al tractament de les seves dades personals. Podreu contactar amb el Delegat de Protecci\u00f3 de Dades a trav\u00e9s de la seg\u00fcent adre\u00e7a de correu electr\u00f2nic: dpd@gravidabcn.com. <\/p>\n\n\n\n<div style=\"height:20px\" aria-hidden=\"true\" class=\"wp-block-spacer\"><\/div>\n\n\n\n<h3 class=\"wp-block-heading has-medium-font-size\"><strong>Amb quines finalitats i legitimitzaci\u00f3 tractarem les vostres dades personals?<\/strong><\/h3>\n\n\n\n<p>Amb car\u00e0cter general, CIRHAB tractar\u00e0 les vostres dades personals per a les finalitats i amb la legitimaci\u00f3 que es detalla a continuaci\u00f3:<\/p>\n\n\n\n<div style=\"height:10px\" aria-hidden=\"true\" class=\"wp-block-spacer\"><\/div>\n\n\n\n<h4 class=\"wp-block-heading has-contrast-color has-text-color has-link-color has-medium-font-size wp-elements-201e76930b623614464afe0488d3eabf\">Tractaments basats en el seu consentiment:<\/h4>\n\n\n\n<p>Podrem demanar i tractar les dades personals quan hagi prestat espec\u00edficament el seu consentiment; per exemple, per gestionar el seu registre a la p\u00e0gina web i donar resposta a les sol\u00b7licituds realitzades a trav\u00e9s d&#8217;aquesta, per a la participaci\u00f3 en concursos, per a la gesti\u00f3 de curr\u00edculums vitae, per a l&#8217;enviament de comunicacions comercials i realitzaci\u00f3 de perfilat quan hagi marcat la corresponent casella en completar el formulari o quan haguem demanat el seu consentiment a fires, esdeveniments i\/o facultatiu o col\u00b7laborador sanitari a l&#8217;Entitat.<\/p>\n\n\n\n<div style=\"height:10px\" aria-hidden=\"true\" class=\"wp-block-spacer\"><\/div>\n\n\n\n<h4 class=\"wp-block-heading has-contrast-color has-text-color has-link-color has-medium-font-size wp-elements-a930adbadb065c0217e4583c97c51720\">Tractaments basats en l&#8217;execuci\u00f3 d&#8217;un contracte:<\/h4>\n\n\n\n<p>Podrem tractar les vostres dades personals en les relacions precontractuals a sol\u00b7licitud dels interessats; per exemple, en gestionar sol\u00b7licitud d&#8217;informaci\u00f3 amb relaci\u00f3 als tractaments que oferim. De la mateixa manera, podrem tractar les vostres dades personals basades en l&#8217;execuci\u00f3 d&#8217;un contracte; per exemple, quan signa el consentiment del tractament, entre altres finalitats. <\/p>\n\n\n\n<div style=\"height:10px\" aria-hidden=\"true\" class=\"wp-block-spacer\"><\/div>\n\n\n\n<h4 class=\"wp-block-heading has-contrast-color has-text-color has-link-color has-medium-font-size wp-elements-3b4509e321fb76569652895d25a902e8\">Tractaments basats en linter\u00e8s leg\u00edtim:<\/h4>\n\n\n\n<p>Podrem tractar les vostres dades personals quan disposem d&#8217;un inter\u00e8s legal leg\u00edtim; per exemple, en determinats casos per a l&#8217;enviament de comunicacions comercials i realitzaci\u00f3 de perfilat a pacients de CIRHAB o l&#8217;enviament d&#8217;enquestes de qualitat sobre els productes o serveis prestats, accions de fidelitzaci\u00f3, l&#8217;enviament de consells i recomanacions de salut o per al desenvolupament, compliment, difusi\u00f3 i control de la Junta General d&#8217;Accionistes, sempre que el nostre inter\u00e8s leg\u00edtim.<\/p>\n\n\n\n<div style=\"height:20px\" aria-hidden=\"true\" class=\"wp-block-spacer\"><\/div>\n\n\n\n<h3 class=\"wp-block-heading has-medium-font-size\"><strong>Com protegim les vostres dades personals?<\/strong><\/h3>\n\n\n\n<p>A CIRHAB tractem les vostres dades personals amb absoluta confidencialitat, comprometent-nos a guardar secret respecte d&#8217;aquestes dades ia adoptar totes les mesures necess\u00e0ries que evitin la seva alteraci\u00f3, p\u00e8rdua, tractament o acc\u00e9s no autoritzat, tot aix\u00f2 d&#8217;acord amb les obligacions legals que ens apliquin com a responsable del tractament de dades.<\/p>\n\n\n\n<p>A CIRHAB ens comprometem a mantenir i implementar els nivells de seguretat necessaris, tenint en compte l&#8217;estat de la tecnologia, la naturalesa de les dades emmagatzemades i els riscos associats.<\/p>\n\n\n\n<div style=\"height:20px\" aria-hidden=\"true\" class=\"wp-block-spacer\"><\/div>\n\n\n\n<h3 class=\"wp-block-heading has-medium-font-size\"><strong>Durant quant de temps conservarem les vostres dades personals?<\/strong><\/h3>\n\n\n\n<p>Tractarem les vostres dades personals mentre romanguin vigents els consentiments que ens hagi atorgat o mentre no hagi cancel\u00b7lat les relacions contractuals o de negoci que mant\u00e9 amb nosaltres.<\/p>\n\n\n\n<p>Aix\u00ed, deixarem de tractar les seves dades personals un cop hagi revocat el consentiment o hagi finalitzat la seva relaci\u00f3 contractual o de negoci amb CIRHAB, sempre que les seves dades no siguin necess\u00e0ries per a les finalitats per a les quals van ser recollides o tractades.<\/p>\n\n\n\n<p>Sense perjudici de l&#8217;anterior, les vostres dades personals es mantindran bloquejades durant els terminis de prescripci\u00f3 establerts legalment. En aquest sentit, lexercici del dret de supressi\u00f3 no minorar\u00e0 els terminis de conservaci\u00f3 legalment establerts. <\/p>\n\n\n\n<div style=\"height:20px\" aria-hidden=\"true\" class=\"wp-block-spacer\"><\/div>\n\n\n\n<h3 class=\"wp-block-heading has-medium-font-size\"><strong>\u00bf A quins destinataris podem comunicar les vostres dades personals?<\/strong><\/h3>\n\n\n\n<p>El destinatari de la informaci\u00f3 \u00e9s CIRHAB i la resta d&#8217;entitats del Grup per a les entitats que formen part del Grup Assist\u00e8ncia i les seves companyies vinculades (SCIAS, SCCL; Autogesti\u00f3 Sanit\u00e0ria, SCCL; BIOPAT, SL; AIALE, SA; AERETIC, SL; CIRHAB, SL; ANDAIRA, SL) per tractar les dades amb i una, mentre en formin part o es mantinguin a l&#8217;esmentat Grup Societari, incloent-hi les companyies vinculades.<\/p>\n\n\n\n<div style=\"height:20px\" aria-hidden=\"true\" class=\"wp-block-spacer\"><\/div>\n\n\n\n<h3 class=\"wp-block-heading has-medium-font-size\"><strong>Quins s\u00f3n els seus drets en relaci\u00f3 amb les dades que ens faciliti i com les pot exercir?<\/strong><\/h3>\n\n\n\n<p>D&#8217;acord amb la normativa europea de protecci\u00f3 de dades, disposa dels drets seg\u00fcents:<\/p>\n\n\n\n<div style=\"height:10px\" aria-hidden=\"true\" class=\"wp-block-spacer\"><\/div>\n\n\n\n<h4 class=\"wp-block-heading has-contrast-color has-text-color has-link-color has-medium-font-size wp-elements-eeff76b15e910ca69e31d68a35b66486\"><strong>Dret d&#8217;acc\u00e9s<\/strong><\/h4>\n\n\n\n<p>Teniu dret, d&#8217;una banda, a accedir a les dades personals relatives al mateix que tracta CIRHAB i, d&#8217;altra banda, a determinada informaci\u00f3 sobre com es tracten les vostres dades personals.<\/p>\n\n\n\n<div style=\"height:10px\" aria-hidden=\"true\" class=\"wp-block-spacer\"><\/div>\n\n\n\n<h4 class=\"wp-block-heading has-contrast-color has-text-color has-link-color has-medium-font-size wp-elements-b7e99ec4eddbd9407433424fc93b6084\"><strong>Dret de revocaci\u00f3 del consentiment<\/strong><\/h4>\n\n\n\n<p>Vost\u00e8 t\u00e9 dret a retirar el consentiment en qualsevol moment quan hagi donat autoritzaci\u00f3 per tractar les dades personals. La retirada del consentiment no afecta la licitud del tractament previ a la retirada. <\/p>\n\n\n\n<div style=\"height:10px\" aria-hidden=\"true\" class=\"wp-block-spacer\"><\/div>\n\n\n\n<h4 class=\"wp-block-heading has-contrast-color has-text-color has-link-color has-medium-font-size wp-elements-4d8b00d4cfb94a63bf79f4b4c766f498\">Dret de rectificaci\u00f3<\/h4>\n\n\n\n<p>Vost\u00e8 t\u00e9 dret a rectificar les seves dades personals si aquestes s\u00f3n inexactes i que es completin les dades personals que siguin incompletes.<\/p>\n\n\n\n<div style=\"height:10px\" aria-hidden=\"true\" class=\"wp-block-spacer\"><\/div>\n\n\n\n<h4 class=\"wp-block-heading has-contrast-color has-text-color has-link-color has-medium-font-size wp-elements-17669baf1a257ddbc8102a1c17784569\">Dret d&#8217;oposici\u00f3<\/h4>\n\n\n\n<p>Vost\u00e8 t\u00e9 dret a oposar-se al tractament de les seves dades personals quan aquest tractament tingui per objecte el m\u00e0rqueting directe, estigui basat en l&#8217;inter\u00e8s leg\u00edtim o en una missi\u00f3 d&#8217;inter\u00e8s p\u00fablic.<\/p>\n\n\n\n<p>Exercitat aquest dret, CIRHAB deixar\u00e0 de tractar les seves dades llevat que acrediti motius imperiosos que prevalguin sobre els interessos, els drets i les llibertats de l&#8217;interessat, o per a la formulaci\u00f3, l&#8217;exercici o la defensa de reclamacions.<\/p>\n\n\n\n<div style=\"height:10px\" aria-hidden=\"true\" class=\"wp-block-spacer\"><\/div>\n\n\n\n<h4 class=\"wp-block-heading has-contrast-color has-text-color has-link-color has-medium-font-size wp-elements-f5f72dd82dc411ba4e8068fed39739ca\">Dret de supressi\u00f3<\/h4>\n\n\n\n<p>Teniu dret a l&#8217;eliminaci\u00f3 de les vostres dades personals quan concorrin determinades circumst\u00e0ncies (entre altres, les dades ja no siguin necess\u00e0ries per a la finalitat per a la qual es van recollir, el consentiment en qu\u00e8 es basava el tractament sigui revocat o l&#8217;interessat s&#8217;oposi al tractament).<\/p>\n\n\n\n<div style=\"height:10px\" aria-hidden=\"true\" class=\"wp-block-spacer\"><\/div>\n\n\n\n<h4 class=\"wp-block-heading has-contrast-color has-text-color has-link-color has-medium-font-size wp-elements-ac5be3395169ad7adf33a25e5fe7a20c\">Dret de limitaci\u00f3<\/h4>\n\n\n\n<p>Vost\u00e8 t\u00e9 dret que en determinats casos les seves dades deixin de ser tractades. Per exemple, podeu exercir aquest dret quan s&#8217;hagi oposat a l&#8217;enviament de comunicacions comercials, mentre atenem a la vostra sol\u00b7licitud. <\/p>\n\n\n\n<div style=\"height:10px\" aria-hidden=\"true\" class=\"wp-block-spacer\"><\/div>\n\n\n\n<h4 class=\"wp-block-heading has-contrast-color has-text-color has-link-color has-medium-font-size wp-elements-bcbc218ad11fddcc583811ed8414634f\">Dret de portabilitat<\/h4>\n\n\n\n<p>Teniu dret a rebre les dades personals que heu facilitat a CIRHAB en un format estructurat, d&#8217;\u00fas com\u00fa i de lectura mec\u00e0nica, ia transmetre-les a un altre responsable, si es compleixen els requisits seg\u00fcents:<\/p>\n\n\n\n<ul class=\"wp-block-list\">\n<li>El tractament es basa en el consentiment o un contracte.<\/li>\n\n\n\n<li>El tractament es fa per mitjans automatitzats.<\/li>\n<\/ul>\n\n\n\n<div style=\"height:10px\" aria-hidden=\"true\" class=\"wp-block-spacer\"><\/div>\n\n\n\n<h4 class=\"wp-block-heading has-contrast-color has-text-color has-link-color has-medium-font-size wp-elements-13e3a240b5cbd703f2644fbfafdda855\">Dret a no ser objecte de decisions automatitzades<\/h4>\n\n\n\n<p>Vost\u00e8 t\u00e9 dret a no ser objecte d&#8217;una decisi\u00f3 basada nom\u00e9s en el tractament automatitzat de les seves dades, inclosa l&#8217;elaboraci\u00f3 de perfils, que produeixi efectes jur\u00eddics o que l&#8217;afecti negativament, llevat que la decisi\u00f3 sigui necess\u00e0ria per formalitzar o executar un contracte entre l&#8217;interessat i el CIRHAB, es basa en el consentiment expl\u00edcit de l&#8217;interessat o estigui autoritzada pel dret de la Uni\u00f3.<\/p>\n\n\n\n<p>L&#8217;exercici dels drets es podr\u00e0 efectuar adjuntant c\u00f2pia escanejada del DNI o document equivalent, indicant el dret que es pret\u00e9n exercitar i respecte a quin tractament a trav\u00e9s de les vies seg\u00fcents:<\/p>\n\n\n\n<ul class=\"wp-block-list\">\n<li>Davant del Delegat de Protecci\u00f3 de Dades mitjan\u00e7ant correu electr\u00f2nic a dpd@gravidabcn.com.<\/li>\n\n\n\n<li>Mitjan\u00e7ant correu electr\u00f2nic a gravida@gravidabcn.com<\/li>\n\n\n\n<li>Mitjan\u00e7ant correu postal a: Av. Diagonal, 660, planta 16, 08034 Barcelona. <\/li>\n<\/ul>\n\n\n\n<p>La vostra sol\u00b7licitud d&#8217;exercici de dret ser\u00e0 atesa per CIRHAB en el termini m\u00e0xim d&#8217;un mes. En aquells casos que es tractin de sol\u00b7licituds especialment complexes, el termini de resposta es pot estendre fins a dos mesos m\u00e9s. <\/p>\n\n\n\n<p>Finalment, podr\u00e0 presentar una reclamaci\u00f3 davant de l&#8217;Ag\u00e8ncia Espanyola de Protecci\u00f3 de Dades a trav\u00e9s de la seu electr\u00f2nica.<\/p>\n\n\n\n<div style=\"height:20px\" aria-hidden=\"true\" class=\"wp-block-spacer\"><\/div>\n\n\n\n<h3 class=\"wp-block-heading has-medium-font-size\">\u00das del correu electr\u00f2nic<\/h3>\n\n\n\n<p>CIRHAB i els seus empleats utilitzaran el correu electr\u00f2nic corporatiu amb la m\u00e0xima dilig\u00e8ncia i confidencialitat. En aquest sentit, si tingu\u00e9s la necessitat de proporcionar-nos alguna documentaci\u00f3, us recomanem que ho feu a trav\u00e9s de l&#8217;\u00e0rea privada de la nostra web i, si no \u00e9s possible, ens ho envieu xifrat per correu electr\u00f2nic, adjuntant la contrasenya de manera separada. <\/p>\n\n\n\n<div style=\"height:20px\" aria-hidden=\"true\" class=\"wp-block-spacer\"><\/div>\n\n\n\n<h3 class=\"wp-block-heading has-medium-font-size\">Pol\u00edtica de Cookies<\/h3>\n\n\n\n<p>Una galeta \u00e9s un fitxer o dispositiu que es descarrega al terminal d&#8217;un usuari amb la finalitat d&#8217;emmagatzemar dades que podrien ser actualitzades i recuperades per l&#8217;entitat responsable de la instal\u00b7laci\u00f3.<\/p>\n\n\n\n<p>Podeu consultar al seg\u00fcent enlla\u00e7 la nostra pol\u00edtica de Cookies, aix\u00ed com configurar el consentiment de l&#8217;\u00fas d&#8217;aquestes.<\/p>\n\n\n\n<p>CIRHAB es reserva el dret a modificar sense av\u00eds previ la seva Pol\u00edtica de Privadesa, d&#8217;acord amb el seu propi criteri, motivat per un canvi legislatiu, jurisprudencial o doctrinal de l&#8217;Ag\u00e8ncia Espanyola de Protecci\u00f3 de Dades. D&#8217;acord amb aix\u00f2, us suggerim que reviseu la nostra Pol\u00edtica de Privadesa peri\u00f2dicament. <\/p>\n\n\n\n<p><\/p>\n\n\n\n<p><em><strong>Mar\u00e7 2025<\/strong><\/em><\/p>\n\n\n\n<div style=\"height:50px\" aria-hidden=\"true\" class=\"wp-block-spacer\"><\/div>\n<\/div>\n","protected":false},"excerpt":{"rendered":"<p>Pol\u00edtica de privadesa A trav\u00e9s del present document es regula el tractament de les dades personals demanades pel Centre Internacional de Reproducci\u00f3 Humana Assistida de Barcelona, \u200b\u200bSL (d&#8217;ara endavant, CIRHAB). Aquesta pol\u00edtica de protecci\u00f3 de dades personals (&#8216; Pol\u00edtica de Privadesa &#8216;) t\u00e9 per objecte donar a con\u00e8ixer la manera com obtenim, tractem i protegim [&hellip;]<\/p>\n","protected":false},"author":9,"featured_media":0,"parent":0,"menu_order":0,"comment_status":"closed","ping_status":"closed","template":"page-no-title","meta":{"inline_featured_image":false,"footnotes":""},"class_list":["post-31053","page","type-page","status-publish","hentry"],"yoast_head":"<!-- This site is optimized with the Yoast SEO plugin v27.2 - https:\/\/yoast.com\/product\/yoast-seo-wordpress\/ -->\n<title>Pol\u00edtica de privadesa - Gravida<\/title>\n<meta name=\"robots\" content=\"noindex, nofollow\" \/>\n<meta property=\"og:locale\" content=\"ca_ES\" \/>\n<meta property=\"og:type\" content=\"article\" \/>\n<meta property=\"og:title\" content=\"Pol\u00edtica de privadesa - Gravida\" \/>\n<meta property=\"og:description\" content=\"Pol\u00edtica de privadesa A trav\u00e9s del present document es regula el tractament de les dades personals demanades pel Centre Internacional de Reproducci\u00f3 Humana Assistida de Barcelona, \u200b\u200bSL (d&#8217;ara endavant, CIRHAB). Aquesta pol\u00edtica de protecci\u00f3 de dades personals (&#8216; Pol\u00edtica de Privadesa &#8216;) t\u00e9 per objecte donar a con\u00e8ixer la manera com obtenim, tractem i protegim [&hellip;]\" \/>\n<meta property=\"og:url\" content=\"https:\/\/gravida.com\/ca\/politica-de-privadesa\/\" \/>\n<meta property=\"og:site_name\" content=\"Gravida\" \/>\n<meta property=\"og:image\" content=\"https:\/\/gravida.com\/wp-content\/uploads\/2023\/11\/clinica-fertilidad-barcelona-e1588845943328.webp\" \/>\n\t<meta property=\"og:image:width\" content=\"1150\" \/>\n\t<meta property=\"og:image:height\" content=\"529\" \/>\n\t<meta property=\"og:image:type\" content=\"image\/webp\" \/>\n<meta name=\"twitter:card\" content=\"summary_large_image\" \/>\n<meta name=\"twitter:label1\" content=\"Temps estimat de lectura\" \/>\n\t<meta name=\"twitter:data1\" content=\"7 minuts\" \/>\n<script type=\"application\/ld+json\" class=\"yoast-schema-graph\">{\"@context\":\"https:\/\/schema.org\",\"@graph\":[{\"@type\":\"WebPage\",\"@id\":\"https:\/\/gravida.com\/ca\/politica-de-privadesa\/\",\"url\":\"https:\/\/gravida.com\/ca\/politica-de-privadesa\/\",\"name\":\"Pol\u00edtica de privadesa - Gravida\",\"isPartOf\":{\"@id\":\"https:\/\/gravida.com\/ca\/#website\"},\"datePublished\":\"2023-11-02T12:26:13+00:00\",\"inLanguage\":\"ca\",\"potentialAction\":[{\"@type\":\"ReadAction\",\"target\":[\"https:\/\/gravida.com\/ca\/politica-de-privadesa\/\"]}]},{\"@type\":\"WebSite\",\"@id\":\"https:\/\/gravida.com\/ca\/#website\",\"url\":\"https:\/\/gravida.com\/ca\/\",\"name\":\"Gravida\",\"description\":\"Ciencia al Servicio de la Vida\",\"publisher\":{\"@id\":\"https:\/\/gravida.com\/ca\/#organization\"},\"potentialAction\":[{\"@type\":\"SearchAction\",\"target\":{\"@type\":\"EntryPoint\",\"urlTemplate\":\"https:\/\/gravida.com\/ca\/?s={search_term_string}\"},\"query-input\":{\"@type\":\"PropertyValueSpecification\",\"valueRequired\":true,\"valueName\":\"search_term_string\"}}],\"inLanguage\":\"ca\"},{\"@type\":\"Organization\",\"@id\":\"https:\/\/gravida.com\/ca\/#organization\",\"name\":\"Gravida\",\"url\":\"https:\/\/gravida.com\/ca\/\",\"logo\":{\"@type\":\"ImageObject\",\"inLanguage\":\"ca\",\"@id\":\"https:\/\/gravida.com\/ca\/#\/schema\/logo\/image\/\",\"url\":\"https:\/\/gravida.com\/wp-content\/uploads\/2024\/06\/logoads.svg\",\"contentUrl\":\"https:\/\/gravida.com\/wp-content\/uploads\/2024\/06\/logoads.svg\",\"width\":\"1024\",\"height\":\"1024\",\"caption\":\"Gravida\"},\"image\":{\"@id\":\"https:\/\/gravida.com\/ca\/#\/schema\/logo\/image\/\"}}]}<\/script>\n<!-- \/ Yoast SEO plugin. -->","yoast_head_json":{"title":"Pol\u00edtica de privadesa - Gravida","robots":{"index":"noindex","follow":"nofollow"},"og_locale":"ca_ES","og_type":"article","og_title":"Pol\u00edtica de privadesa - Gravida","og_description":"Pol\u00edtica de privadesa A trav\u00e9s del present document es regula el tractament de les dades personals demanades pel Centre Internacional de Reproducci\u00f3 Humana Assistida de Barcelona, \u200b\u200bSL (d&#8217;ara endavant, CIRHAB). Aquesta pol\u00edtica de protecci\u00f3 de dades personals (&#8216; Pol\u00edtica de Privadesa &#8216;) t\u00e9 per objecte donar a con\u00e8ixer la manera com obtenim, tractem i protegim [&hellip;]","og_url":"https:\/\/gravida.com\/ca\/politica-de-privadesa\/","og_site_name":"Gravida","og_image":[{"width":1150,"height":529,"url":"https:\/\/gravida.com\/wp-content\/uploads\/2023\/11\/clinica-fertilidad-barcelona-e1588845943328.webp","type":"image\/webp"}],"twitter_card":"summary_large_image","twitter_misc":{"Temps estimat de lectura":"7 minuts"},"schema":{"@context":"https:\/\/schema.org","@graph":[{"@type":"WebPage","@id":"https:\/\/gravida.com\/ca\/politica-de-privadesa\/","url":"https:\/\/gravida.com\/ca\/politica-de-privadesa\/","name":"Pol\u00edtica de privadesa - Gravida","isPartOf":{"@id":"https:\/\/gravida.com\/ca\/#website"},"datePublished":"2023-11-02T12:26:13+00:00","inLanguage":"ca","potentialAction":[{"@type":"ReadAction","target":["https:\/\/gravida.com\/ca\/politica-de-privadesa\/"]}]},{"@type":"WebSite","@id":"https:\/\/gravida.com\/ca\/#website","url":"https:\/\/gravida.com\/ca\/","name":"Gravida","description":"Ciencia al Servicio de la Vida","publisher":{"@id":"https:\/\/gravida.com\/ca\/#organization"},"potentialAction":[{"@type":"SearchAction","target":{"@type":"EntryPoint","urlTemplate":"https:\/\/gravida.com\/ca\/?s={search_term_string}"},"query-input":{"@type":"PropertyValueSpecification","valueRequired":true,"valueName":"search_term_string"}}],"inLanguage":"ca"},{"@type":"Organization","@id":"https:\/\/gravida.com\/ca\/#organization","name":"Gravida","url":"https:\/\/gravida.com\/ca\/","logo":{"@type":"ImageObject","inLanguage":"ca","@id":"https:\/\/gravida.com\/ca\/#\/schema\/logo\/image\/","url":"https:\/\/gravida.com\/wp-content\/uploads\/2024\/06\/logoads.svg","contentUrl":"https:\/\/gravida.com\/wp-content\/uploads\/2024\/06\/logoads.svg","width":"1024","height":"1024","caption":"Gravida"},"image":{"@id":"https:\/\/gravida.com\/ca\/#\/schema\/logo\/image\/"}}]}},"_links":{"self":[{"href":"https:\/\/gravida.com\/ca\/wp-json\/wp\/v2\/pages\/31053","targetHints":{"allow":["GET"]}}],"collection":[{"href":"https:\/\/gravida.com\/ca\/wp-json\/wp\/v2\/pages"}],"about":[{"href":"https:\/\/gravida.com\/ca\/wp-json\/wp\/v2\/types\/page"}],"author":[{"embeddable":true,"href":"https:\/\/gravida.com\/ca\/wp-json\/wp\/v2\/users\/9"}],"replies":[{"embeddable":true,"href":"https:\/\/gravida.com\/ca\/wp-json\/wp\/v2\/comments?post=31053"}],"version-history":[{"count":0,"href":"https:\/\/gravida.com\/ca\/wp-json\/wp\/v2\/pages\/31053\/revisions"}],"wp:attachment":[{"href":"https:\/\/gravida.com\/ca\/wp-json\/wp\/v2\/media?parent=31053"}],"curies":[{"name":"wp","href":"https:\/\/api.w.org\/{rel}","templated":true}]}}