{"id":31046,"date":"2023-11-12T21:32:07","date_gmt":"2023-11-12T20:32:07","guid":{"rendered":"https:\/\/gravida.com\/formulari-rebut\/"},"modified":"2023-11-12T21:32:07","modified_gmt":"2023-11-12T20:32:07","slug":"formulari-rebut","status":"publish","type":"page","link":"https:\/\/gravida.com\/ca\/formulari-rebut\/","title":{"rendered":"Formulari rebut"},"content":{"rendered":"\n<div class=\"wp-block-group alignfull has-global-padding is-layout-constrained wp-container-core-group-is-layout-490fa1db wp-block-group-is-layout-constrained\" style=\"padding-top:var(--wp--preset--spacing--50);padding-right:var(--wp--preset--spacing--50);padding-bottom:var(--wp--preset--spacing--50);padding-left:var(--wp--preset--spacing--50)\">\n<div class=\"wp-block-group has-global-padding is-layout-constrained wp-container-core-group-is-layout-650790e1 wp-block-group-is-layout-constrained\">\n<h1 class=\"wp-block-heading has-text-align-center has-x-large-font-size\">El vostre formulari s&#8217;ha enviat amb \u00e8xit.<\/h1>\n\n\n\n<div style=\"height:1.25rem\" aria-hidden=\"true\" class=\"wp-block-spacer\"><\/div>\n\n\n\n<p class=\"has-text-align-center\">Si tens qualsevol dubte, truca&#8217;ns al:<a href=\"tel:+34932066489\"> <\/a><a href=\"tel:+34932066489\">932 06 64 89<\/a> o b\u00e9 envia&#8217;ns un correu electr\u00f2nic i et contestarem com m\u00e9s aviat millor:<\/p>\n\n\n\n<div style=\"height:1.25rem\" aria-hidden=\"true\" class=\"wp-block-spacer\"><\/div>\n\n\n\n<div class=\"wp-block-buttons is-content-justification-center is-layout-flex wp-container-core-buttons-is-layout-a89b3969 wp-block-buttons-is-layout-flex\">\n<div class=\"wp-block-button\"><a class=\"wp-block-button__link wp-element-button\" href=\"tel:+34932508262\"><strong>Trucar a G<\/strong> ravida<\/a><\/div>\n\n\n\n<div class=\"wp-block-button\"><a class=\"wp-block-button__link wp-element-button\" href=\"mailto:gravida@gravidabcn.com\"><strong>Enviar un emal<\/strong><\/a><\/div>\n\n\n\n<div class=\"wp-block-button\"><a class=\"wp-block-button__link wp-element-button\" href=\"https:\/\/gravida.com\">Tornar<\/a><\/div>\n<\/div>\n<\/div>\n<\/div>\n\n\n\n<!-- Event snippet for Envio de formulario para clientes potenciales conversion page -->\n<script>\n  gtag('event', 'conversion', {'send_to': 'AW-11473755430\/c76UCKO9oI4ZEKa6jt8q'});\n<\/script>\n","protected":false},"excerpt":{"rendered":"<p>El vostre formulari s&#8217;ha enviat amb \u00e8xit. Si tens qualsevol dubte, truca&#8217;ns al: 932 06 64 89 o b\u00e9 envia&#8217;ns un correu electr\u00f2nic i et contestarem com m\u00e9s aviat millor:<\/p>\n","protected":false},"author":9,"featured_media":0,"parent":0,"menu_order":0,"comment_status":"closed","ping_status":"closed","template":"page-no-title","meta":{"inline_featured_image":false,"footnotes":""},"class_list":["post-31046","page","type-page","status-publish","hentry"],"yoast_head":"<!-- This site is optimized with the Yoast SEO plugin v27.2 - https:\/\/yoast.com\/product\/yoast-seo-wordpress\/ -->\n<title>Formulari rebut - Gravida<\/title>\n<meta name=\"robots\" content=\"noindex, nofollow\" \/>\n<meta property=\"og:locale\" content=\"ca_ES\" \/>\n<meta property=\"og:type\" content=\"article\" \/>\n<meta property=\"og:title\" content=\"Formulari rebut - Gravida\" \/>\n<meta property=\"og:description\" content=\"El vostre formulari s&#8217;ha enviat amb \u00e8xit. Si tens qualsevol dubte, truca&#8217;ns al: 932 06 64 89 o b\u00e9 envia&#8217;ns un correu electr\u00f2nic i et contestarem com m\u00e9s aviat millor:\" \/>\n<meta property=\"og:url\" content=\"https:\/\/gravida.com\/ca\/formulari-rebut\/\" \/>\n<meta property=\"og:site_name\" content=\"Gravida\" \/>\n<meta property=\"og:image\" content=\"https:\/\/gravida.com\/wp-content\/uploads\/2023\/11\/clinica-fertilidad-barcelona-e1588845943328.webp\" \/>\n\t<meta property=\"og:image:width\" content=\"1150\" \/>\n\t<meta property=\"og:image:height\" content=\"529\" \/>\n\t<meta property=\"og:image:type\" content=\"image\/webp\" \/>\n<meta name=\"twitter:card\" content=\"summary_large_image\" \/>\n<script type=\"application\/ld+json\" class=\"yoast-schema-graph\">{\"@context\":\"https:\/\/schema.org\",\"@graph\":[{\"@type\":\"WebPage\",\"@id\":\"https:\/\/gravida.com\/ca\/formulari-rebut\/\",\"url\":\"https:\/\/gravida.com\/ca\/formulari-rebut\/\",\"name\":\"Formulari rebut - Gravida\",\"isPartOf\":{\"@id\":\"https:\/\/gravida.com\/ca\/#website\"},\"datePublished\":\"2023-11-12T20:32:07+00:00\",\"inLanguage\":\"ca\",\"potentialAction\":[{\"@type\":\"ReadAction\",\"target\":[\"https:\/\/gravida.com\/ca\/formulari-rebut\/\"]}]},{\"@type\":\"WebSite\",\"@id\":\"https:\/\/gravida.com\/ca\/#website\",\"url\":\"https:\/\/gravida.com\/ca\/\",\"name\":\"Gravida\",\"description\":\"Ciencia al Servicio de la Vida\",\"publisher\":{\"@id\":\"https:\/\/gravida.com\/ca\/#organization\"},\"potentialAction\":[{\"@type\":\"SearchAction\",\"target\":{\"@type\":\"EntryPoint\",\"urlTemplate\":\"https:\/\/gravida.com\/ca\/?s={search_term_string}\"},\"query-input\":{\"@type\":\"PropertyValueSpecification\",\"valueRequired\":true,\"valueName\":\"search_term_string\"}}],\"inLanguage\":\"ca\"},{\"@type\":\"Organization\",\"@id\":\"https:\/\/gravida.com\/ca\/#organization\",\"name\":\"Gravida\",\"url\":\"https:\/\/gravida.com\/ca\/\",\"logo\":{\"@type\":\"ImageObject\",\"inLanguage\":\"ca\",\"@id\":\"https:\/\/gravida.com\/ca\/#\/schema\/logo\/image\/\",\"url\":\"https:\/\/gravida.com\/wp-content\/uploads\/2024\/06\/logoads.svg\",\"contentUrl\":\"https:\/\/gravida.com\/wp-content\/uploads\/2024\/06\/logoads.svg\",\"width\":\"1024\",\"height\":\"1024\",\"caption\":\"Gravida\"},\"image\":{\"@id\":\"https:\/\/gravida.com\/ca\/#\/schema\/logo\/image\/\"}}]}<\/script>\n<!-- \/ Yoast SEO plugin. -->","yoast_head_json":{"title":"Formulari rebut - Gravida","robots":{"index":"noindex","follow":"nofollow"},"og_locale":"ca_ES","og_type":"article","og_title":"Formulari rebut - Gravida","og_description":"El vostre formulari s&#8217;ha enviat amb \u00e8xit. Si tens qualsevol dubte, truca&#8217;ns al: 932 06 64 89 o b\u00e9 envia&#8217;ns un correu electr\u00f2nic i et contestarem com m\u00e9s aviat millor:","og_url":"https:\/\/gravida.com\/ca\/formulari-rebut\/","og_site_name":"Gravida","og_image":[{"width":1150,"height":529,"url":"https:\/\/gravida.com\/wp-content\/uploads\/2023\/11\/clinica-fertilidad-barcelona-e1588845943328.webp","type":"image\/webp"}],"twitter_card":"summary_large_image","schema":{"@context":"https:\/\/schema.org","@graph":[{"@type":"WebPage","@id":"https:\/\/gravida.com\/ca\/formulari-rebut\/","url":"https:\/\/gravida.com\/ca\/formulari-rebut\/","name":"Formulari rebut - Gravida","isPartOf":{"@id":"https:\/\/gravida.com\/ca\/#website"},"datePublished":"2023-11-12T20:32:07+00:00","inLanguage":"ca","potentialAction":[{"@type":"ReadAction","target":["https:\/\/gravida.com\/ca\/formulari-rebut\/"]}]},{"@type":"WebSite","@id":"https:\/\/gravida.com\/ca\/#website","url":"https:\/\/gravida.com\/ca\/","name":"Gravida","description":"Ciencia al Servicio de la Vida","publisher":{"@id":"https:\/\/gravida.com\/ca\/#organization"},"potentialAction":[{"@type":"SearchAction","target":{"@type":"EntryPoint","urlTemplate":"https:\/\/gravida.com\/ca\/?s={search_term_string}"},"query-input":{"@type":"PropertyValueSpecification","valueRequired":true,"valueName":"search_term_string"}}],"inLanguage":"ca"},{"@type":"Organization","@id":"https:\/\/gravida.com\/ca\/#organization","name":"Gravida","url":"https:\/\/gravida.com\/ca\/","logo":{"@type":"ImageObject","inLanguage":"ca","@id":"https:\/\/gravida.com\/ca\/#\/schema\/logo\/image\/","url":"https:\/\/gravida.com\/wp-content\/uploads\/2024\/06\/logoads.svg","contentUrl":"https:\/\/gravida.com\/wp-content\/uploads\/2024\/06\/logoads.svg","width":"1024","height":"1024","caption":"Gravida"},"image":{"@id":"https:\/\/gravida.com\/ca\/#\/schema\/logo\/image\/"}}]}},"_links":{"self":[{"href":"https:\/\/gravida.com\/ca\/wp-json\/wp\/v2\/pages\/31046","targetHints":{"allow":["GET"]}}],"collection":[{"href":"https:\/\/gravida.com\/ca\/wp-json\/wp\/v2\/pages"}],"about":[{"href":"https:\/\/gravida.com\/ca\/wp-json\/wp\/v2\/types\/page"}],"author":[{"embeddable":true,"href":"https:\/\/gravida.com\/ca\/wp-json\/wp\/v2\/users\/9"}],"replies":[{"embeddable":true,"href":"https:\/\/gravida.com\/ca\/wp-json\/wp\/v2\/comments?post=31046"}],"version-history":[{"count":0,"href":"https:\/\/gravida.com\/ca\/wp-json\/wp\/v2\/pages\/31046\/revisions"}],"wp:attachment":[{"href":"https:\/\/gravida.com\/ca\/wp-json\/wp\/v2\/media?parent=31046"}],"curies":[{"name":"wp","href":"https:\/\/api.w.org\/{rel}","templated":true}]}}