{"id":31020,"date":"2025-06-04T13:43:59","date_gmt":"2025-06-04T11:43:59","guid":{"rendered":"https:\/\/gravida.com\/termes-i-condicions-dus\/"},"modified":"2025-10-21T16:39:11","modified_gmt":"2025-10-21T14:39:11","slug":"termes-i-condicions-dus","status":"publish","type":"page","link":"https:\/\/gravida.com\/ca\/termes-i-condicions-dus\/","title":{"rendered":"Termes i condicions d&#8217;\u00fas"},"content":{"rendered":"\n<div style=\"height:100px\" aria-hidden=\"true\" class=\"wp-block-spacer\"><\/div>\n\n\n\n<div class=\"wp-block-group alignwide is-layout-flow wp-block-group-is-layout-flow\">\n<h1 class=\"wp-block-heading has-x-large-font-size\">Termes i condicions d&#8217;\u00fas<\/h1>\n\n\n\n<p>La societat titular de la present p\u00e0gina Web (www.gravida.com, d&#8217;ara endavant la Web) \u00e9s Centre Internacional de Reproducci\u00f3 Humana Assistida de Barcelona, \u200b\u200bSL (d&#8217;ara endavant, CIRHAB), amb domicili social el 08034 Barcelona, \u200b\u200bAv. Diagonal, 660, amb CIF n\u00famero B65006751 i inscrita al Registre Mercantil de Barcelona, \u200b\u200btom 40952, foli 153, Full Registral 373832, inscripci\u00f3 1a. <\/p>\n\n\n\n<p>CIRHAB disposa d&#8217;un centre de fertilitat avan\u00e7ada, anomenat Gr\u00e1vida \u00a9, centre especialitzat en l&#8217;estudi de l&#8217;esterilitat i en l&#8217;aplicaci\u00f3 dels tractaments m\u00e9s evolucionats per resoldre els problemes de fertilitat, que compta amb l&#8217;Autoritzaci\u00f3 Administrativa del Departament de salut de la Generalitat de Catalunya, inscrita al Registre de Centres, Serveis i Establiments Sanitaris788 de salut8.<\/p>\n\n\n\n<div style=\"height:30px\" aria-hidden=\"true\" class=\"wp-block-spacer\"><\/div>\n\n\n\n<h3 class=\"wp-block-heading\"><strong>Dades de contacte<\/strong><\/h3>\n\n\n\n<p>Av. Diagonal, 660, planta 16, 08034 Barcelona<br> Tel.: 93 206 64 89<br> Correu electr\u00f2nic: gravida@gravidabcn.com <\/p>\n\n\n\n<div style=\"height:30px\" aria-hidden=\"true\" class=\"wp-block-spacer\"><\/div>\n\n\n\n<h3 class=\"wp-block-heading\"><strong>Condicions generals d\u00fas de la web<\/strong><\/h3>\n\n\n\n<p>Aquestes Condicions Generals regulen l&#8217;\u00fas (incloent-hi el mer acc\u00e9s) a la present web. L&#8217;acc\u00e9s a la web atribueix la condici\u00f3 d&#8217;usuari i comporta l&#8217;acceptaci\u00f3 expressa, autom\u00e0tica i volunt\u00e0ria de les condicions contingudes al present Av\u00eds Legal <\/p>\n\n\n\n<div style=\"height:30px\" aria-hidden=\"true\" class=\"wp-block-spacer\"><\/div>\n\n\n\n<h3 class=\"wp-block-heading\"><strong>Contingut de la web<\/strong><\/h3>\n\n\n\n<p>La web proporciona als usuaris informacions sobre els productes i serveis de CIRHAB.<\/p>\n\n\n\n<p>La informaci\u00f3 continguda a la present web \u00e9s la vigent a la data de la seva \u00faltima actualitzaci\u00f3.<\/p>\n\n\n\n<p>Els preus publicats no inclouen els impostos aplicables.<\/p>\n\n\n\n<p>Els continguts de la web, especialment les refer\u00e8ncies informatives i publicit\u00e0ries, llevat que s&#8217;indiqui expressament el contrari, no constitueixen oferta vinculant. CIRHAB es reserva el dret a introduir modificacions o ometre parcialment o totalment els continguts actuals de la web quan ho consideri oport\u00fa, aix\u00ed com impedir o restringir l&#8217;acc\u00e9s de forma temporal o permanent. <\/p>\n\n\n\n<p>En tot cas, CIRHAB es reserva el dret de modificar unilateralment (o eliminar), en qualsevol moment i sense necessitat de previ av\u00eds, l&#8217;estructura i el disseny de la web; els seus serveis o continguts; aix\u00ed com les condicions d&#8217;acc\u00e9s i\/o \u00fas. Aquests canvis entraran en vigor des de la publicaci\u00f3 i seran aplicables a tots els usuaris de la web des d&#8217;aquesta data. <\/p>\n\n\n\n<div style=\"height:30px\" aria-hidden=\"true\" class=\"wp-block-spacer\"><\/div>\n\n\n\n<h3 class=\"wp-block-heading\"><strong>\u00das de la web<\/strong><\/h3>\n\n\n\n<p>L&#8217;usuari s&#8217;obliga a utilitzar el web de conformitat amb la legislaci\u00f3 vigent, aquestes Condicions, la bona fe, els usos generalment acceptats i l&#8217;ordre p\u00fablic.<\/p>\n\n\n\n<p>En conseq\u00fc\u00e8ncia, queda prohibit l&#8217;\u00fas de la web amb finalitats il\u00b7l\u00edcites o lesives per a CIRHAB o qualsevol tercer, no podent dur a terme cap conducta que pogu\u00e9s danyar la imatge, els interessos i\/o els drets de CIRHAB i\/o de tercers o que imped\u00eds de qualsevol manera la utilitzaci\u00f3 normal de la web.<\/p>\n\n\n\n<div style=\"height:30px\" aria-hidden=\"true\" class=\"wp-block-spacer\"><\/div>\n\n\n\n<h3 class=\"wp-block-heading\"><strong>Propietat industrial i intel\u00b7lectual<\/strong><\/h3>\n\n\n\n<p>Tots els drets de propietat industrial i intel\u00b7lectual, aix\u00ed com tota la informaci\u00f3 continguda a la web (textos, documents, fotografies, dibuixos, representacions gr\u00e0fiques, bases de dades, codi font, programes inform\u00e0tics i qualsevol altre contingut que aparegui, aix\u00ed com logotips, marques, noms comercials, o altres signes distintius) s\u00f3n propietat exclusiva de CIRHAB.<\/p>\n\n\n\n<p>Queda expressament prohibit a l&#8217;usuari la reproducci\u00f3, distribuci\u00f3, cessi\u00f3 a tercers, comunicaci\u00f3 p\u00fablica, transformaci\u00f3 i -en general- qualsevol modalitat d&#8217;explotaci\u00f3, mitjan\u00e7ant qualsevol suport i mitj\u00e0, de qualsevol informaci\u00f3 continguda a la web. La utilitzaci\u00f3 no autoritzada de la informaci\u00f3 esmentada donar\u00e0 lloc a les responsabilitats legalment establertes. <\/p>\n\n\n\n<div style=\"height:30px\" aria-hidden=\"true\" class=\"wp-block-spacer\"><\/div>\n\n\n\n<h3 class=\"wp-block-heading\"><strong>Responsabilitat<\/strong><\/h3>\n\n\n\n<p>L&#8217;usuari accepta volunt\u00e0riament i expressament que l&#8217;acc\u00e9s i l&#8217;\u00fas de la web es realitza en tot cas sota la seva \u00fanica i exclusiva responsabilitat.<\/p>\n\n\n\n<p>CIRHAB no \u00e9s responsable de les conseq\u00fc\u00e8ncies, danys o perjudicis derivats de l&#8217;acc\u00e9s o l&#8217;\u00fas del web ni dels enlla\u00e7os o links que contingui; de les defici\u00e8ncies del servei del vostre servidor; de les xarxes de comunicaci\u00f3; ni dels problemes resultants del mal funcionament o \u00fas de versions no optimitzades dels navegadors.<\/p>\n\n\n\n<p>CIRHAB, malgrat haver adoptat totes les mesures necess\u00e0ries, tampoc no \u00e9s responsable dels possibles errors de seguretat que es puguin produir ni dels possibles danys que puguin causar-se al sistema inform\u00e0tic de l&#8217;usuari (hardware i software) o als fitxers emmagatzemats en aquest, com a conseq\u00fc\u00e8ncia de la pres\u00e8ncia de virus o altres programes maliciosos a l&#8217;ordinador o un altre terminal de l&#8217;usuari utilitzat.<\/p>\n\n\n\n<div style=\"height:30px\" aria-hidden=\"true\" class=\"wp-block-spacer\"><\/div>\n\n\n\n<h3 class=\"wp-block-heading\"><strong>Protecci\u00f3 de dades i confidencialitat<\/strong><\/h3>\n\n\n\n<p>CIRHAB compleix tots els requisits que estableix el Reglament (UE) 2016\/679, Llei Org\u00e0nica 3\/2018, de Protecci\u00f3 de Dades Personals i Garantia dels Drets Digitals, aix\u00ed com els compromisos de confidencialitat propis de l&#8217;activitat asseguradora.<\/p>\n\n\n\n<p>El fet d&#8217;emplenar qualsevol formulari i enviar-lo a CIRHAB suposa que l&#8217;usuari accepta que les seves dades de car\u00e0cter personal siguin tractades i s&#8217;incloguin a les bases de dades de CIRHAB per a les finalitats previstes.<\/p>\n\n\n\n<p>Totes les dades de car\u00e0cter personal obtingudes per CIRHAB passen a integrar-se en fitxers automatitzats titularitat de CIRHAB, i s\u00f3n tractades de conformitat amb les exig\u00e8ncies legals, adoptant les mesures t\u00e8cniques necess\u00e0ries per mantenir el nivell de seguretat requerit segons la naturalesa d&#8217;aquestes dades, a fi d&#8217;evitar-ne l&#8217;alteraci\u00f3, la p\u00e8rdua, el tractament o l&#8217;acc\u00e9s no autoritzat.<\/p>\n\n\n\n<p>Els titulars de les dades disposen dels drets d&#8217;acc\u00e9s, rectificaci\u00f3, supressi\u00f3 o cancel\u00b7laci\u00f3, oposici\u00f3, limitaci\u00f3 al tractament i portabilitat, per a l&#8217;exercici dels quals podeu adre\u00e7ar-vos a CIRHAB (Av. Diagonal, 660, planta 16, 08034 Barcelona; o correu electr\u00f2nic: &nbsp;<a href=\"mailto:gravida@gravodabcn.com\">gravida@gravidabcn.com<\/a> ).<\/p>\n\n\n\n<p>L&#8217;usuari garanteix que les dades personals facilitades a trav\u00e9s del web s\u00f3n veraces i, perqu\u00e8 la informaci\u00f3 que contenen els fitxers de CIRHAB estigui sempre actualitzada i no contingui errors, es compromet a comunicar, al m\u00e9s aviat possible, les modificacions i rectificacions que siguin necess\u00e0ries.<\/p>\n\n\n\n<p>M\u00e9s informaci\u00f3 sobre la protecci\u00f3 de dades i l&#8217;exercici dels drets relatius a aquesta mat\u00e8ria es pot consultar a <a href=\"https:\/\/gravida.com\/ca\/politica-de-privadesa\/\">www.gravida.com\/politica-privacitat<\/a> .<\/p>\n\n\n\n<div style=\"height:30px\" aria-hidden=\"true\" class=\"wp-block-spacer\"><\/div>\n\n\n\n<h3 class=\"wp-block-heading\"><strong>Legislaci\u00f3 aplicable i jurisdicci\u00f3<\/strong><\/h3>\n\n\n\n<p>Aquestes Condicions generals d\u00fas es regiran per la legislaci\u00f3 espanyola.<\/p>\n\n\n\n<p>CIRHAB i l&#8217;usuari, amb ren\u00fancia expressa a qualsevol altre fur que els pogu\u00e9s correspondre, se sotmeten a la jurisdicci\u00f3 dels Jutjats i Tribunals de Barcelona.<\/p>\n\n\n\n<p><em><strong>Mar\u00e7 2022.<\/strong><\/em><\/p>\n<\/div>\n","protected":false},"excerpt":{"rendered":"<p>Termes i condicions d&#8217;\u00fas La societat titular de la present p\u00e0gina Web (www.gravida.com, d&#8217;ara endavant la Web) \u00e9s Centre Internacional de Reproducci\u00f3 Humana Assistida de Barcelona, \u200b\u200bSL (d&#8217;ara endavant, CIRHAB), amb domicili social el 08034 Barcelona, \u200b\u200bAv. Diagonal, 660, amb CIF n\u00famero B65006751 i inscrita al Registre Mercantil de Barcelona, \u200b\u200btom 40952, foli 153, Full [&hellip;]<\/p>\n","protected":false},"author":7,"featured_media":0,"parent":0,"menu_order":0,"comment_status":"closed","ping_status":"closed","template":"page-no-title","meta":{"inline_featured_image":false,"footnotes":""},"class_list":["post-31020","page","type-page","status-publish","hentry"],"yoast_head":"<!-- This site is optimized with the Yoast SEO plugin v27.2 - https:\/\/yoast.com\/product\/yoast-seo-wordpress\/ -->\n<title>Termes i condicions d&#039;\u00fas - Gravida<\/title>\n<meta name=\"robots\" content=\"index, follow, max-snippet:-1, max-image-preview:large, max-video-preview:-1\" \/>\n<link rel=\"canonical\" href=\"https:\/\/gravida.com\/ca\/termes-i-condicions-dus\/\" \/>\n<meta property=\"og:locale\" content=\"ca_ES\" \/>\n<meta property=\"og:type\" content=\"article\" \/>\n<meta property=\"og:title\" content=\"Termes i condicions d&#039;\u00fas - Gravida\" \/>\n<meta property=\"og:description\" content=\"Termes i condicions d&#8217;\u00fas La societat titular de la present p\u00e0gina Web (www.gravida.com, d&#8217;ara endavant la Web) \u00e9s Centre Internacional de Reproducci\u00f3 Humana Assistida de Barcelona, \u200b\u200bSL (d&#8217;ara endavant, CIRHAB), amb domicili social el 08034 Barcelona, \u200b\u200bAv. Diagonal, 660, amb CIF n\u00famero B65006751 i inscrita al Registre Mercantil de Barcelona, \u200b\u200btom 40952, foli 153, Full [&hellip;]\" \/>\n<meta property=\"og:url\" content=\"https:\/\/gravida.com\/ca\/termes-i-condicions-dus\/\" \/>\n<meta property=\"og:site_name\" content=\"Gravida\" \/>\n<meta property=\"article:modified_time\" content=\"2025-10-21T14:39:11+00:00\" \/>\n<meta property=\"og:image\" content=\"https:\/\/gravida.com\/wp-content\/uploads\/2023\/11\/clinica-fertilidad-barcelona-e1588845943328.webp\" \/>\n\t<meta property=\"og:image:width\" content=\"1150\" \/>\n\t<meta property=\"og:image:height\" content=\"529\" \/>\n\t<meta property=\"og:image:type\" content=\"image\/webp\" \/>\n<meta name=\"twitter:card\" content=\"summary_large_image\" \/>\n<meta name=\"twitter:label1\" content=\"Temps estimat de lectura\" \/>\n\t<meta name=\"twitter:data1\" content=\"5 minuts\" \/>\n<script type=\"application\/ld+json\" class=\"yoast-schema-graph\">{\"@context\":\"https:\/\/schema.org\",\"@graph\":[{\"@type\":\"WebPage\",\"@id\":\"https:\/\/gravida.com\/ca\/termes-i-condicions-dus\/\",\"url\":\"https:\/\/gravida.com\/ca\/termes-i-condicions-dus\/\",\"name\":\"Termes i condicions d'\u00fas - Gravida\",\"isPartOf\":{\"@id\":\"https:\/\/gravida.com\/ca\/#website\"},\"datePublished\":\"2025-06-04T11:43:59+00:00\",\"dateModified\":\"2025-10-21T14:39:11+00:00\",\"inLanguage\":\"ca\",\"potentialAction\":[{\"@type\":\"ReadAction\",\"target\":[\"https:\/\/gravida.com\/ca\/termes-i-condicions-dus\/\"]}]},{\"@type\":\"WebSite\",\"@id\":\"https:\/\/gravida.com\/ca\/#website\",\"url\":\"https:\/\/gravida.com\/ca\/\",\"name\":\"Gravida\",\"description\":\"Ciencia al Servicio de la Vida\",\"publisher\":{\"@id\":\"https:\/\/gravida.com\/ca\/#organization\"},\"potentialAction\":[{\"@type\":\"SearchAction\",\"target\":{\"@type\":\"EntryPoint\",\"urlTemplate\":\"https:\/\/gravida.com\/ca\/?s={search_term_string}\"},\"query-input\":{\"@type\":\"PropertyValueSpecification\",\"valueRequired\":true,\"valueName\":\"search_term_string\"}}],\"inLanguage\":\"ca\"},{\"@type\":\"Organization\",\"@id\":\"https:\/\/gravida.com\/ca\/#organization\",\"name\":\"Gravida\",\"url\":\"https:\/\/gravida.com\/ca\/\",\"logo\":{\"@type\":\"ImageObject\",\"inLanguage\":\"ca\",\"@id\":\"https:\/\/gravida.com\/ca\/#\/schema\/logo\/image\/\",\"url\":\"https:\/\/gravida.com\/wp-content\/uploads\/2024\/06\/logoads.svg\",\"contentUrl\":\"https:\/\/gravida.com\/wp-content\/uploads\/2024\/06\/logoads.svg\",\"width\":\"1024\",\"height\":\"1024\",\"caption\":\"Gravida\"},\"image\":{\"@id\":\"https:\/\/gravida.com\/ca\/#\/schema\/logo\/image\/\"}}]}<\/script>\n<!-- \/ Yoast SEO plugin. -->","yoast_head_json":{"title":"Termes i condicions d'\u00fas - Gravida","robots":{"index":"index","follow":"follow","max-snippet":"max-snippet:-1","max-image-preview":"max-image-preview:large","max-video-preview":"max-video-preview:-1"},"canonical":"https:\/\/gravida.com\/ca\/termes-i-condicions-dus\/","og_locale":"ca_ES","og_type":"article","og_title":"Termes i condicions d'\u00fas - Gravida","og_description":"Termes i condicions d&#8217;\u00fas La societat titular de la present p\u00e0gina Web (www.gravida.com, d&#8217;ara endavant la Web) \u00e9s Centre Internacional de Reproducci\u00f3 Humana Assistida de Barcelona, \u200b\u200bSL (d&#8217;ara endavant, CIRHAB), amb domicili social el 08034 Barcelona, \u200b\u200bAv. Diagonal, 660, amb CIF n\u00famero B65006751 i inscrita al Registre Mercantil de Barcelona, \u200b\u200btom 40952, foli 153, Full [&hellip;]","og_url":"https:\/\/gravida.com\/ca\/termes-i-condicions-dus\/","og_site_name":"Gravida","article_modified_time":"2025-10-21T14:39:11+00:00","og_image":[{"width":1150,"height":529,"url":"https:\/\/gravida.com\/wp-content\/uploads\/2023\/11\/clinica-fertilidad-barcelona-e1588845943328.webp","type":"image\/webp"}],"twitter_card":"summary_large_image","twitter_misc":{"Temps estimat de lectura":"5 minuts"},"schema":{"@context":"https:\/\/schema.org","@graph":[{"@type":"WebPage","@id":"https:\/\/gravida.com\/ca\/termes-i-condicions-dus\/","url":"https:\/\/gravida.com\/ca\/termes-i-condicions-dus\/","name":"Termes i condicions d'\u00fas - Gravida","isPartOf":{"@id":"https:\/\/gravida.com\/ca\/#website"},"datePublished":"2025-06-04T11:43:59+00:00","dateModified":"2025-10-21T14:39:11+00:00","inLanguage":"ca","potentialAction":[{"@type":"ReadAction","target":["https:\/\/gravida.com\/ca\/termes-i-condicions-dus\/"]}]},{"@type":"WebSite","@id":"https:\/\/gravida.com\/ca\/#website","url":"https:\/\/gravida.com\/ca\/","name":"Gravida","description":"Ciencia al Servicio de la Vida","publisher":{"@id":"https:\/\/gravida.com\/ca\/#organization"},"potentialAction":[{"@type":"SearchAction","target":{"@type":"EntryPoint","urlTemplate":"https:\/\/gravida.com\/ca\/?s={search_term_string}"},"query-input":{"@type":"PropertyValueSpecification","valueRequired":true,"valueName":"search_term_string"}}],"inLanguage":"ca"},{"@type":"Organization","@id":"https:\/\/gravida.com\/ca\/#organization","name":"Gravida","url":"https:\/\/gravida.com\/ca\/","logo":{"@type":"ImageObject","inLanguage":"ca","@id":"https:\/\/gravida.com\/ca\/#\/schema\/logo\/image\/","url":"https:\/\/gravida.com\/wp-content\/uploads\/2024\/06\/logoads.svg","contentUrl":"https:\/\/gravida.com\/wp-content\/uploads\/2024\/06\/logoads.svg","width":"1024","height":"1024","caption":"Gravida"},"image":{"@id":"https:\/\/gravida.com\/ca\/#\/schema\/logo\/image\/"}}]}},"_links":{"self":[{"href":"https:\/\/gravida.com\/ca\/wp-json\/wp\/v2\/pages\/31020","targetHints":{"allow":["GET"]}}],"collection":[{"href":"https:\/\/gravida.com\/ca\/wp-json\/wp\/v2\/pages"}],"about":[{"href":"https:\/\/gravida.com\/ca\/wp-json\/wp\/v2\/types\/page"}],"author":[{"embeddable":true,"href":"https:\/\/gravida.com\/ca\/wp-json\/wp\/v2\/users\/7"}],"replies":[{"embeddable":true,"href":"https:\/\/gravida.com\/ca\/wp-json\/wp\/v2\/comments?post=31020"}],"version-history":[{"count":0,"href":"https:\/\/gravida.com\/ca\/wp-json\/wp\/v2\/pages\/31020\/revisions"}],"wp:attachment":[{"href":"https:\/\/gravida.com\/ca\/wp-json\/wp\/v2\/media?parent=31020"}],"curies":[{"name":"wp","href":"https:\/\/api.w.org\/{rel}","templated":true}]}}