{"id":31017,"date":"2025-06-04T13:42:06","date_gmt":"2025-06-04T11:42:06","guid":{"rendered":"https:\/\/gravida.com\/politica-de-cookies\/"},"modified":"2025-10-21T16:41:02","modified_gmt":"2025-10-21T14:41:02","slug":"politica-de-cookies","status":"publish","type":"page","link":"https:\/\/gravida.com\/ca\/politica-de-cookies\/","title":{"rendered":"Pol\u00edtica de cookies"},"content":{"rendered":"\n<div class=\"wp-block-group alignwide is-layout-flow wp-block-group-is-layout-flow\">\n<div style=\"height:50px\" aria-hidden=\"true\" class=\"wp-block-spacer\"><\/div>\n\n\n\n<div style=\"height:49px\" aria-hidden=\"true\" class=\"wp-block-spacer\"><\/div>\n\n\n\n<h1 class=\"wp-block-heading has-text-align-left has-large-font-size\">Pol\u00edtica de cookies<\/h1>\n\n\n\n<p>Una galeta \u00e9s un fragment petit de dades (arxius de text) que un lloc web, plataforma o aplicaci\u00f3, quan \u00e9s visitat per un usuari, pregunta al navegador si pot emmagatzemar al dispositiu. D&#8217;aquesta manera, permet recordar informaci\u00f3 sobre l&#8217;usuari per, entre altres coses, emmagatzemar i recuperar informaci\u00f3 sobre els h\u00e0bits de navegaci\u00f3 d&#8217;un usuari o del vostre equip i, depenent de la informaci\u00f3 que continguin i de la manera com utilitzeu l&#8217;equip, es poden utilitzar per recon\u00e8ixer l&#8217;usuari, per exemple per iniciar sessi\u00f3. Aquestes galetes establertes pel responsable de la web, s&#8217;anomenen galetes de primeres parts. Tamb\u00e9 fem servir galetes de terceres parts (que s\u00f3n galetes d&#8217;un domini diferent al domini del lloc web que esteu visitant) per a estudis d&#8217;anuncis i m\u00e0rqueting.   <\/p>\n\n\n\n<div style=\"height:30px\" aria-hidden=\"true\" class=\"wp-block-spacer\"><\/div>\n\n\n\n<h4 class=\"wp-block-heading\">Galetes de personalitzaci\u00f3<\/h4>\n\n\n\n<p>Aquestes galetes permeten que el lloc ofereixi una millor funcionalitat i personalitzaci\u00f3. Poden ser establertes per nosaltres o per terceres parts els serveis de les quals hem afegit a les nostres p\u00e0gines. Aquestes galetes permeten a l&#8217;usuari accedir al servei amb algunes caracter\u00edstiques de car\u00e0cter general predefinides en funci\u00f3 d&#8217;una s\u00e8rie de criteris al terminal de l&#8217;usuari com ara serien l&#8217;idioma, el tipus de navegador a trav\u00e9s del qual accedeix al servei, la configuraci\u00f3 regional des d&#8217;on accedeix al servei, etc. Si no permet aquestes galetes, alguns dels nostres serveis no funcionaran correctament.   <\/p>\n\n\n\n<figure class=\"wp-block-table\"><table class=\"has-fixed-layout\"><thead><tr><th>SUBGRUP DE COOKIES<\/th><th>COOKIES<\/th><th>COOKIES UTILITZADES<\/th><th>VIDA \u00daTIL<\/th><\/tr><\/thead><tbody><tr><td>www.gravida.com<\/td><td><a href=\"https:\/\/cookiepedia.co.uk\/cookies\/SSESS###########\" target=\"_blank\" rel=\"noreferrer noopener\">SSESS###########<\/a><\/td><td>Pr\u00f2pia<\/td><td>1 Mes<\/td><\/tr><\/tbody><\/table><\/figure>\n\n\n\n<div style=\"height:30px\" aria-hidden=\"true\" class=\"wp-block-spacer\"><\/div>\n\n\n\n<h4 class=\"wp-block-heading\">Galetes t\u00e8cniques<\/h4>\n\n\n\n<p>Aquestes cookies s\u00f3n necess\u00e0ries perqu\u00e8 el lloc web, plataforma o aplicaci\u00f3 funcioni, i no es poden desactivar als nostres sistemes. Usualment estan configurades per respondre a accions fetes per l&#8217;usuari per rebre serveis, com ara ajustar les prefer\u00e8ncies de privadesa, iniciar sessi\u00f3 al lloc o omplir formularis. Podeu configurar el vostre navegador per bloquejar o alertar la pres\u00e8ncia d&#8217;aquestes galetes, per\u00f2 algunes parts del lloc web no funcionaran. Aquestes galetes no guarden cap informaci\u00f3 personal identificable.   <\/p>\n\n\n\n<figure class=\"wp-block-table\"><table class=\"has-fixed-layout\"><thead><tr><th>SUBGRUP DE COOKIES<\/th><th>COOKIES<\/th><th>COOKIES UTILITZADES<\/th><th>VIDA \u00daTIL<\/th><\/tr><\/thead><tbody><tr><td>www.gravida.com<\/td><td><a href=\"https:\/\/cookiepedia.co.uk\/cookies\/OptanonConsent\" target=\"_blank\" rel=\"noreferrer noopener\">OptanonConsent<\/a> , <a href=\"https:\/\/cookiepedia.co.uk\/cookies\/OptanonAlertBoxClosed\" target=\"_blank\" rel=\"noreferrer noopener\">OptanonAlertBoxClosed<\/a><\/td><td>Pr\u00f2pia<\/td><td>364 Dies, 364 Dies<\/td><\/tr><\/tbody><\/table><\/figure>\n\n\n\n<div style=\"height:30px\" aria-hidden=\"true\" class=\"wp-block-spacer\"><\/div>\n\n\n\n<h4 class=\"wp-block-heading\">Galetes d&#8217;an\u00e0lisi<\/h4>\n\n\n\n<p>S\u00f3n les que ben tractades per nosaltres o per tercers, ens permeten quantificar el nombre d&#8217;usuaris i aix\u00ed realitzar el mesurament i l&#8217;an\u00e0lisi estad\u00edstica de la utilitzaci\u00f3 que fan els usuaris del servei ofert. La vostra navegaci\u00f3 a la nostra p\u00e0gina web s&#8217;analitza per tal de millorar l&#8217;oferta de productes o serveis que us oferim. Tota la informaci\u00f3 que recullen aquestes galetes \u00e9s agregada i, per tant, an\u00f2nima. Si no permet aquestes galetes no sabrem quan va visitar el nostre lloc.   <\/p>\n\n\n\n<figure class=\"wp-block-table\"><table class=\"has-fixed-layout\"><thead><tr><th>SUBGRUP DE COOKIES<\/th><th>COOKIES<\/th><th>COOKIES UTILITZADES<\/th><th>VIDA \u00daTIL<\/th><\/tr><\/thead><tbody><tr><td>www.gravida.com<\/td><td><a href=\"https:\/\/cookiepedia.co.uk\/cookies\/_gid\" target=\"_blank\" rel=\"noreferrer noopener\">_gid<\/a><\/td><td>Pr\u00f2pia<\/td><td>Alguns segons<\/td><\/tr><tr><td>www.gravida.com<\/td><td><a href=\"https:\/\/cookiepedia.co.uk\/cookies\/_gclxxxx\" target=\"_blank\" rel=\"noreferrer noopener\">_gclxxxx<\/a> , <a href=\"https:\/\/cookiepedia.co.uk\/cookies\/_ga\" target=\"_blank\" rel=\"noreferrer noopener\">_ga<\/a> , <a href=\"https:\/\/cookiepedia.co.uk\/cookies\/_gat_UA-\" target=\"_blank\" rel=\"noreferrer noopener\">_gat_UA-<\/a><\/td><td>Pr\u00f2pia<\/td><td>89 Dies, 729 Dies, Alguns segons<\/td><\/tr><\/tbody><\/table><\/figure>\n\n\n\n<div style=\"height:30px\" aria-hidden=\"true\" class=\"wp-block-spacer\"><\/div>\n\n\n\n<h4 class=\"wp-block-heading\">Galetes publicit\u00e0ries<\/h4>\n\n\n\n<p>Aquestes cookies poden estar a tot el lloc web, col\u00b7locades pels nostres socis publicitaris. Aquests negocis poden utilitzar-les per crear un perfil dels vostres interessos i mostrar-vos anuncis rellevants en altres llocs. No emmagatzemen informaci\u00f3 personal directament, sin\u00f3 que es basen en la identificaci\u00f3 \u00fanica del vostre navegador i dispositiu d&#8217;acc\u00e9s a Internet. Si no permet aquestes galetes, tindr\u00e0 menys publicitat dirigida.   <\/p>\n\n\n\n<figure class=\"wp-block-table\"><table class=\"has-fixed-layout\"><thead><tr><th>SUBGRUP DE COOKIES<\/th><th>COOKIES<\/th><th>COOKIES UTILITZADES<\/th><th>VIDA \u00daTIL<\/th><\/tr><\/thead><tbody><tr><td>www.gravida.com<\/td><td><a href=\"https:\/\/cookiepedia.co.uk\/cookies\/_fbp\" target=\"_blank\" rel=\"noreferrer noopener\">_fbp<\/a><\/td><td>Pr\u00f2pia<\/td><td>89 Dies<\/td><\/tr><tr><td><a href=\"https:\/\/cookiepedia.co.uk\/host\/www.facebook.com\" target=\"_blank\" rel=\"noreferrer noopener\">www.facebook.com<\/a><\/td><td><\/td><td>Tercer<\/td><td>Sessi\u00f3<\/td><\/tr><tr><td><a href=\"https:\/\/cookiepedia.co.uk\/host\/youtube.com\" target=\"_blank\" rel=\"noreferrer noopener\">youtube.com<\/a><\/td><td>YSC, CONSENT, VISITOR_INFO1_LIVE<\/td><td>Tercer<\/td><td>Sessi\u00f3, 729 Dies, 179 Dies<\/td><\/tr><\/tbody><\/table><\/figure>\n\n\n\n<p>L&#8217;usuari accepta expressament, per la utilitzaci\u00f3 d&#8217;aquesta p\u00e0gina web, el tractament de la informaci\u00f3 demanada en la forma i amb les finalitats anteriorment esmentades. I aix\u00ed mateix reconeix con\u00e8ixer la possibilitat de rebutjar el tractament d&#8217;aquestes dades o informaci\u00f3 rebutjant l&#8217;\u00fas de cookies mitjan\u00e7ant la selecci\u00f3 de la configuraci\u00f3 apropiada amb aquesta finalitat al vostre navegador oa l&#8217;eina de configuraci\u00f3 de la nostra p\u00e0gina web. Coneix tamb\u00e9 que aquesta opci\u00f3 de bloqueig de cookies al vostre navegador pot no permetre l&#8217;\u00fas ple de totes les funcionalitats de la nostra p\u00e0gina web.  <\/p>\n\n\n\n<p>A m\u00e9s, podeu informar-vos de les transfer\u00e8ncies a tercers pa\u00efsos que, si escau, realitzen els tercers identificats en aquesta pol\u00edtica de cookies en les seves pol\u00edtiques corresponents, a les quals us facilitem els enlla\u00e7os corresponents:<\/p>\n\n\n\n<ol class=\"wp-block-list\">\n<li><a href=\"https:\/\/atpscan.global.hornetsecurity.com\/index.php?atp_str=0V6tnUVjdsb8TU2y3HvJ7w1JlnE7TXlHZl-iFscu0rzQ4wWwiyQ2yE0wZHLOuzo0JGiAhKMehwakorM80MQjYUcPJO65Ti8RMelj9Z4d_iwiRE0ZwiT826q5h_dnjipQzyLizStGzqZF6aPgM1o5OLQjCJ2REh_Vb4TSnZfYiJydCLMFnCywxkLqOHRKZl4nSDsk0t5s4fS-U2qzdBp7olRWDr89VflUpvcLXXF35BEDpmKvr7K3eBcObaOdPd1dExz6R90LC8UjzHdliHuciZ5aYijMvIQ-zF2_ew9P4fFEL5h4SX6mkXo-qiM6OiP8kS-zYaoV7mYm9P0jOjojq5TJRzeX8bP_cC7YG0ysBg\" target=\"_blank\" rel=\"noreferrer noopener\">Google<\/a><\/li>\n\n\n\n<li><a href=\"https:\/\/www.facebook.com\/about\/privacy\" target=\"_blank\" rel=\"noreferrer noopener\">Facebook<\/a><\/li>\n\n\n\n<li><a href=\"https:\/\/atpscan.global.hornetsecurity.com\/index.php?atp_str=VpLDWARM7LT38XVDZKV-7pzwWFDK_FoXf7gXi-Qc85bQxCo1_fzxBw_cB4lOIFt3txNbqJy4AFDBoOwbRZf36aulRnQoCga8ysdgTqETOqTXIoLO4KLlgay39wEMeCmENSjuhlzWcsWJW0SLagrWSM3JSSDwYU_1nECKqm1RfuAmjuwrWIUR6s-MgblI8C3yRGpyhK_PpqVz-qSDXmpB3HBJc4aYwkdHk-qNOJrjv57npFBjnDV0nJABNqU5MsHPgVcYiYGViNXJa2MQJ7To_rsk5BKXbZXb5RiSqJlZTWtMUEpOSPAUQxfNEXsjOjojrQC6ZxJwQrov309eIzo6I1KPj8ICusBZMmiy7-cUOpc\" target=\"_blank\" rel=\"noreferrer noopener\">Bing<\/a><\/li>\n\n\n\n<li><a href=\"https:\/\/atpscan.global.hornetsecurity.com\/index.php?atp_str=5CMSG8zZEaOIrHRum_QqH1-S-Mq0MT-LznbdAsN-CkPqCJs0SXzmRs0XFDpHtYinJGPXmeiY0EG3cPcbUp108z__cF9-REA4t6-xhQj7UP2wLvO3Yh4HacULkK0Ibbu46z9pXYSNOatt6VQpHQYL_MPYCVEWVSmydSpShhRlVr1T5wYJvvUm1pNbqnpQbvmxqZlMiDhihPJZitK6A0TeVYU6ddCIVkEJ4HRLfy0hozH9Xd6tX9KmT4OHvVDWDCyuZrNuJNg1Hs12m7iNIjbyTfM-_LlVEJMAQyJhPHN1uGHVmd6HYfZOeD3vdMKiyyM6OiNDaSYiP7YotUTajBgjOjojiY5B8y-N4k2HuLXwBDsv9Q\" target=\"_blank\" rel=\"noreferrer noopener\">AdForm<\/a><\/li>\n<\/ol>\n\n\n\n<p><strong>Activaci\u00f3, bloqueig o eliminaci\u00f3 de cookies<\/strong><\/p>\n\n\n\n<p>Podeu permetre, bloquejar o eliminar les cookies instal\u00b7lades al vostre equip mitjan\u00e7ant la configuraci\u00f3 de les opcions del navegador instal\u00b7lat al vostre ordinador:<\/p>\n\n\n\n<ol class=\"wp-block-list\">\n<li><a href=\"https:\/\/support.apple.com\/es-es\/guide\/safari\/sfri11471\/mac\">Safari<\/a><\/li>\n\n\n\n<li><a href=\"https:\/\/support.google.com\/accounts\/answer\/61416?co=GENIE.Platform%3DDesktop&amp;hl=es\">Chrome<\/a><\/li>\n\n\n\n<li><a href=\"https:\/\/support.microsoft.com\/es-es\/topic\/eliminar-y-administrar-cookies-168dab11-0753-043d-7c16-ede5947fc64d\">Explorer<\/a><\/li>\n\n\n\n<li><a href=\"https:\/\/support.mozilla.org\/es\/kb\/habilitar-y-deshabilitar-cookies-sitios-web-rastrear-preferencias\">Firefox<\/a><\/li>\n<\/ol>\n\n\n\n<p><strong>Modificacions de la nostra Pol\u00edtica de Cookies<\/strong><\/p>\n\n\n\n<p>\u00c9s possible que l&#8217;estructura i les funcionalitats del present lloc web es modifiquin per afegir nous apartats, serveis o continguts, la qual cosa pot suposar que se&#8217;n modifiqui l&#8217;\u00fas i, per tant, la nostra pol\u00edtica de cookies. Per aix\u00f2 recomanem als usuaris que cada cop que accedeixin al nostre lloc web revisin les pol\u00edtiques de cookies publicades per si s&#8217;hagu\u00e9s produ\u00eft algun canvi des de la seva darrera visita. <\/p>\n\n\n\n<p><strong><em>Maig 2025.<\/em><\/strong><\/p>\n\n\n\n<p><\/p>\n\n\n\n<div style=\"height:20px\" aria-hidden=\"true\" class=\"wp-block-spacer\"><\/div>\n<\/div>\n","protected":false},"excerpt":{"rendered":"<p>Pol\u00edtica de cookies Una galeta \u00e9s un fragment petit de dades (arxius de text) que un lloc web, plataforma o aplicaci\u00f3, quan \u00e9s visitat per un usuari, pregunta al navegador si pot emmagatzemar al dispositiu. D&#8217;aquesta manera, permet recordar informaci\u00f3 sobre l&#8217;usuari per, entre altres coses, emmagatzemar i recuperar informaci\u00f3 sobre els h\u00e0bits de navegaci\u00f3 [&hellip;]<\/p>\n","protected":false},"author":7,"featured_media":0,"parent":0,"menu_order":0,"comment_status":"closed","ping_status":"closed","template":"page-no-title","meta":{"inline_featured_image":false,"footnotes":""},"class_list":["post-31017","page","type-page","status-publish","hentry"],"yoast_head":"<!-- This site is optimized with the Yoast SEO plugin v27.2 - https:\/\/yoast.com\/product\/yoast-seo-wordpress\/ -->\n<title>Pol\u00edtica de cookies - Gravida<\/title>\n<meta name=\"robots\" content=\"index, follow, max-snippet:-1, max-image-preview:large, max-video-preview:-1\" \/>\n<link rel=\"canonical\" href=\"https:\/\/gravida.com\/ca\/politica-de-cookies\/\" \/>\n<meta property=\"og:locale\" content=\"ca_ES\" \/>\n<meta property=\"og:type\" content=\"article\" \/>\n<meta property=\"og:title\" content=\"Pol\u00edtica de cookies - Gravida\" \/>\n<meta property=\"og:description\" content=\"Pol\u00edtica de cookies Una galeta \u00e9s un fragment petit de dades (arxius de text) que un lloc web, plataforma o aplicaci\u00f3, quan \u00e9s visitat per un usuari, pregunta al navegador si pot emmagatzemar al dispositiu. D&#8217;aquesta manera, permet recordar informaci\u00f3 sobre l&#8217;usuari per, entre altres coses, emmagatzemar i recuperar informaci\u00f3 sobre els h\u00e0bits de navegaci\u00f3 [&hellip;]\" \/>\n<meta property=\"og:url\" content=\"https:\/\/gravida.com\/ca\/politica-de-cookies\/\" \/>\n<meta property=\"og:site_name\" content=\"Gravida\" \/>\n<meta property=\"article:modified_time\" content=\"2025-10-21T14:41:02+00:00\" \/>\n<meta property=\"og:image\" content=\"https:\/\/gravida.com\/wp-content\/uploads\/2023\/11\/clinica-fertilidad-barcelona-e1588845943328.webp\" \/>\n\t<meta property=\"og:image:width\" content=\"1150\" \/>\n\t<meta property=\"og:image:height\" content=\"529\" \/>\n\t<meta property=\"og:image:type\" content=\"image\/webp\" \/>\n<meta name=\"twitter:card\" content=\"summary_large_image\" \/>\n<meta name=\"twitter:label1\" content=\"Temps estimat de lectura\" \/>\n\t<meta name=\"twitter:data1\" content=\"4 minuts\" \/>\n<script type=\"application\/ld+json\" class=\"yoast-schema-graph\">{\"@context\":\"https:\/\/schema.org\",\"@graph\":[{\"@type\":\"WebPage\",\"@id\":\"https:\/\/gravida.com\/ca\/politica-de-cookies\/\",\"url\":\"https:\/\/gravida.com\/ca\/politica-de-cookies\/\",\"name\":\"Pol\u00edtica de cookies - Gravida\",\"isPartOf\":{\"@id\":\"https:\/\/gravida.com\/ca\/#website\"},\"datePublished\":\"2025-06-04T11:42:06+00:00\",\"dateModified\":\"2025-10-21T14:41:02+00:00\",\"inLanguage\":\"ca\",\"potentialAction\":[{\"@type\":\"ReadAction\",\"target\":[\"https:\/\/gravida.com\/ca\/politica-de-cookies\/\"]}]},{\"@type\":\"WebSite\",\"@id\":\"https:\/\/gravida.com\/ca\/#website\",\"url\":\"https:\/\/gravida.com\/ca\/\",\"name\":\"Gravida\",\"description\":\"Ciencia al Servicio de la Vida\",\"publisher\":{\"@id\":\"https:\/\/gravida.com\/ca\/#organization\"},\"potentialAction\":[{\"@type\":\"SearchAction\",\"target\":{\"@type\":\"EntryPoint\",\"urlTemplate\":\"https:\/\/gravida.com\/ca\/?s={search_term_string}\"},\"query-input\":{\"@type\":\"PropertyValueSpecification\",\"valueRequired\":true,\"valueName\":\"search_term_string\"}}],\"inLanguage\":\"ca\"},{\"@type\":\"Organization\",\"@id\":\"https:\/\/gravida.com\/ca\/#organization\",\"name\":\"Gravida\",\"url\":\"https:\/\/gravida.com\/ca\/\",\"logo\":{\"@type\":\"ImageObject\",\"inLanguage\":\"ca\",\"@id\":\"https:\/\/gravida.com\/ca\/#\/schema\/logo\/image\/\",\"url\":\"https:\/\/gravida.com\/wp-content\/uploads\/2024\/06\/logoads.svg\",\"contentUrl\":\"https:\/\/gravida.com\/wp-content\/uploads\/2024\/06\/logoads.svg\",\"width\":\"1024\",\"height\":\"1024\",\"caption\":\"Gravida\"},\"image\":{\"@id\":\"https:\/\/gravida.com\/ca\/#\/schema\/logo\/image\/\"}}]}<\/script>\n<!-- \/ Yoast SEO plugin. -->","yoast_head_json":{"title":"Pol\u00edtica de cookies - Gravida","robots":{"index":"index","follow":"follow","max-snippet":"max-snippet:-1","max-image-preview":"max-image-preview:large","max-video-preview":"max-video-preview:-1"},"canonical":"https:\/\/gravida.com\/ca\/politica-de-cookies\/","og_locale":"ca_ES","og_type":"article","og_title":"Pol\u00edtica de cookies - Gravida","og_description":"Pol\u00edtica de cookies Una galeta \u00e9s un fragment petit de dades (arxius de text) que un lloc web, plataforma o aplicaci\u00f3, quan \u00e9s visitat per un usuari, pregunta al navegador si pot emmagatzemar al dispositiu. D&#8217;aquesta manera, permet recordar informaci\u00f3 sobre l&#8217;usuari per, entre altres coses, emmagatzemar i recuperar informaci\u00f3 sobre els h\u00e0bits de navegaci\u00f3 [&hellip;]","og_url":"https:\/\/gravida.com\/ca\/politica-de-cookies\/","og_site_name":"Gravida","article_modified_time":"2025-10-21T14:41:02+00:00","og_image":[{"width":1150,"height":529,"url":"https:\/\/gravida.com\/wp-content\/uploads\/2023\/11\/clinica-fertilidad-barcelona-e1588845943328.webp","type":"image\/webp"}],"twitter_card":"summary_large_image","twitter_misc":{"Temps estimat de lectura":"4 minuts"},"schema":{"@context":"https:\/\/schema.org","@graph":[{"@type":"WebPage","@id":"https:\/\/gravida.com\/ca\/politica-de-cookies\/","url":"https:\/\/gravida.com\/ca\/politica-de-cookies\/","name":"Pol\u00edtica de cookies - Gravida","isPartOf":{"@id":"https:\/\/gravida.com\/ca\/#website"},"datePublished":"2025-06-04T11:42:06+00:00","dateModified":"2025-10-21T14:41:02+00:00","inLanguage":"ca","potentialAction":[{"@type":"ReadAction","target":["https:\/\/gravida.com\/ca\/politica-de-cookies\/"]}]},{"@type":"WebSite","@id":"https:\/\/gravida.com\/ca\/#website","url":"https:\/\/gravida.com\/ca\/","name":"Gravida","description":"Ciencia al Servicio de la Vida","publisher":{"@id":"https:\/\/gravida.com\/ca\/#organization"},"potentialAction":[{"@type":"SearchAction","target":{"@type":"EntryPoint","urlTemplate":"https:\/\/gravida.com\/ca\/?s={search_term_string}"},"query-input":{"@type":"PropertyValueSpecification","valueRequired":true,"valueName":"search_term_string"}}],"inLanguage":"ca"},{"@type":"Organization","@id":"https:\/\/gravida.com\/ca\/#organization","name":"Gravida","url":"https:\/\/gravida.com\/ca\/","logo":{"@type":"ImageObject","inLanguage":"ca","@id":"https:\/\/gravida.com\/ca\/#\/schema\/logo\/image\/","url":"https:\/\/gravida.com\/wp-content\/uploads\/2024\/06\/logoads.svg","contentUrl":"https:\/\/gravida.com\/wp-content\/uploads\/2024\/06\/logoads.svg","width":"1024","height":"1024","caption":"Gravida"},"image":{"@id":"https:\/\/gravida.com\/ca\/#\/schema\/logo\/image\/"}}]}},"_links":{"self":[{"href":"https:\/\/gravida.com\/ca\/wp-json\/wp\/v2\/pages\/31017","targetHints":{"allow":["GET"]}}],"collection":[{"href":"https:\/\/gravida.com\/ca\/wp-json\/wp\/v2\/pages"}],"about":[{"href":"https:\/\/gravida.com\/ca\/wp-json\/wp\/v2\/types\/page"}],"author":[{"embeddable":true,"href":"https:\/\/gravida.com\/ca\/wp-json\/wp\/v2\/users\/7"}],"replies":[{"embeddable":true,"href":"https:\/\/gravida.com\/ca\/wp-json\/wp\/v2\/comments?post=31017"}],"version-history":[{"count":0,"href":"https:\/\/gravida.com\/ca\/wp-json\/wp\/v2\/pages\/31017\/revisions"}],"wp:attachment":[{"href":"https:\/\/gravida.com\/ca\/wp-json\/wp\/v2\/media?parent=31017"}],"curies":[{"name":"wp","href":"https:\/\/api.w.org\/{rel}","templated":true}]}}