{"id":31014,"date":"2025-06-18T13:35:54","date_gmt":"2025-06-18T11:35:54","guid":{"rendered":"https:\/\/gravida.com\/politica-de-privadesa-resum\/"},"modified":"2025-06-18T13:35:54","modified_gmt":"2025-06-18T11:35:54","slug":"politica-de-privadesa-resum","status":"publish","type":"page","link":"https:\/\/gravida.com\/ca\/politica-de-privadesa-resum\/","title":{"rendered":"Pol\u00edtica de Privadesa (Resum)"},"content":{"rendered":"\n<h4 class=\"wp-block-heading has-large-font-size\">Pol\u00edtica de Privadesa (Resum)<\/h4>\n\n\n\n<p>A Gravida, protegim les teves dades personals d&#8217;acord amb el RGPD i la normativa vigent. Les teves dades nom\u00e9s es faran servir per respondre a la teva consulta i no es compartiran amb tercers. Podeu exercir els vostres drets d&#8217;acc\u00e9s, rectificaci\u00f3 i supressi\u00f3 escrivint a gravida@gravidabcn.com.  <\/p>\n\n\n\n<p><a href=\"https:\/\/gravida.com\/ca\/politica-de-privadesa\/\" target=\"_blank\" rel=\"noreferrer noopener\">Veure pol\u00edtica completa<\/a><\/p>\n\n\n\n<p><\/p>\n","protected":false},"excerpt":{"rendered":"<p>Pol\u00edtica de Privadesa (Resum) A Gravida, protegim les teves dades personals d&#8217;acord amb el RGPD i la normativa vigent. Les teves dades nom\u00e9s es faran servir per respondre a la teva consulta i no es compartiran amb tercers. Podeu exercir els vostres drets d&#8217;acc\u00e9s, rectificaci\u00f3 i supressi\u00f3 escrivint a gravida@gravidabcn.com. Veure pol\u00edtica completa<\/p>\n","protected":false},"author":7,"featured_media":0,"parent":0,"menu_order":0,"comment_status":"closed","ping_status":"closed","template":"page-no-title","meta":{"inline_featured_image":false,"footnotes":""},"class_list":["post-31014","page","type-page","status-publish","hentry"],"yoast_head":"<!-- This site is optimized with the Yoast SEO plugin v27.2 - https:\/\/yoast.com\/product\/yoast-seo-wordpress\/ -->\n<title>Pol\u00edtica de Privadesa (Resum) - Gravida<\/title>\n<meta name=\"robots\" content=\"noindex, nofollow\" \/>\n<meta property=\"og:locale\" content=\"ca_ES\" \/>\n<meta property=\"og:type\" content=\"article\" \/>\n<meta property=\"og:title\" content=\"Pol\u00edtica de Privadesa (Resum) - Gravida\" \/>\n<meta property=\"og:description\" content=\"Pol\u00edtica de Privadesa (Resum) A Gravida, protegim les teves dades personals d&#8217;acord amb el RGPD i la normativa vigent. Les teves dades nom\u00e9s es faran servir per respondre a la teva consulta i no es compartiran amb tercers. Podeu exercir els vostres drets d&#8217;acc\u00e9s, rectificaci\u00f3 i supressi\u00f3 escrivint a gravida@gravidabcn.com. Veure pol\u00edtica completa\" \/>\n<meta property=\"og:url\" content=\"https:\/\/gravida.com\/ca\/politica-de-privadesa-resum\/\" \/>\n<meta property=\"og:site_name\" content=\"Gravida\" \/>\n<meta property=\"og:image\" content=\"https:\/\/gravida.com\/wp-content\/uploads\/2023\/11\/clinica-fertilidad-barcelona-e1588845943328.webp\" \/>\n\t<meta property=\"og:image:width\" content=\"1150\" \/>\n\t<meta property=\"og:image:height\" content=\"529\" \/>\n\t<meta property=\"og:image:type\" content=\"image\/webp\" \/>\n<meta name=\"twitter:card\" content=\"summary_large_image\" \/>\n<script type=\"application\/ld+json\" class=\"yoast-schema-graph\">{\"@context\":\"https:\/\/schema.org\",\"@graph\":[{\"@type\":\"WebPage\",\"@id\":\"https:\/\/gravida.com\/ca\/politica-de-privadesa-resum\/\",\"url\":\"https:\/\/gravida.com\/ca\/politica-de-privadesa-resum\/\",\"name\":\"Pol\u00edtica de Privadesa (Resum) - Gravida\",\"isPartOf\":{\"@id\":\"https:\/\/gravida.com\/ca\/#website\"},\"datePublished\":\"2025-06-18T11:35:54+00:00\",\"inLanguage\":\"ca\",\"potentialAction\":[{\"@type\":\"ReadAction\",\"target\":[\"https:\/\/gravida.com\/ca\/politica-de-privadesa-resum\/\"]}]},{\"@type\":\"WebSite\",\"@id\":\"https:\/\/gravida.com\/ca\/#website\",\"url\":\"https:\/\/gravida.com\/ca\/\",\"name\":\"Gravida\",\"description\":\"Ciencia al Servicio de la Vida\",\"publisher\":{\"@id\":\"https:\/\/gravida.com\/ca\/#organization\"},\"potentialAction\":[{\"@type\":\"SearchAction\",\"target\":{\"@type\":\"EntryPoint\",\"urlTemplate\":\"https:\/\/gravida.com\/ca\/?s={search_term_string}\"},\"query-input\":{\"@type\":\"PropertyValueSpecification\",\"valueRequired\":true,\"valueName\":\"search_term_string\"}}],\"inLanguage\":\"ca\"},{\"@type\":\"Organization\",\"@id\":\"https:\/\/gravida.com\/ca\/#organization\",\"name\":\"Gravida\",\"url\":\"https:\/\/gravida.com\/ca\/\",\"logo\":{\"@type\":\"ImageObject\",\"inLanguage\":\"ca\",\"@id\":\"https:\/\/gravida.com\/ca\/#\/schema\/logo\/image\/\",\"url\":\"https:\/\/gravida.com\/wp-content\/uploads\/2024\/06\/logoads.svg\",\"contentUrl\":\"https:\/\/gravida.com\/wp-content\/uploads\/2024\/06\/logoads.svg\",\"width\":\"1024\",\"height\":\"1024\",\"caption\":\"Gravida\"},\"image\":{\"@id\":\"https:\/\/gravida.com\/ca\/#\/schema\/logo\/image\/\"}}]}<\/script>\n<!-- \/ Yoast SEO plugin. -->","yoast_head_json":{"title":"Pol\u00edtica de Privadesa (Resum) - Gravida","robots":{"index":"noindex","follow":"nofollow"},"og_locale":"ca_ES","og_type":"article","og_title":"Pol\u00edtica de Privadesa (Resum) - Gravida","og_description":"Pol\u00edtica de Privadesa (Resum) A Gravida, protegim les teves dades personals d&#8217;acord amb el RGPD i la normativa vigent. Les teves dades nom\u00e9s es faran servir per respondre a la teva consulta i no es compartiran amb tercers. Podeu exercir els vostres drets d&#8217;acc\u00e9s, rectificaci\u00f3 i supressi\u00f3 escrivint a gravida@gravidabcn.com. Veure pol\u00edtica completa","og_url":"https:\/\/gravida.com\/ca\/politica-de-privadesa-resum\/","og_site_name":"Gravida","og_image":[{"width":1150,"height":529,"url":"https:\/\/gravida.com\/wp-content\/uploads\/2023\/11\/clinica-fertilidad-barcelona-e1588845943328.webp","type":"image\/webp"}],"twitter_card":"summary_large_image","schema":{"@context":"https:\/\/schema.org","@graph":[{"@type":"WebPage","@id":"https:\/\/gravida.com\/ca\/politica-de-privadesa-resum\/","url":"https:\/\/gravida.com\/ca\/politica-de-privadesa-resum\/","name":"Pol\u00edtica de Privadesa (Resum) - Gravida","isPartOf":{"@id":"https:\/\/gravida.com\/ca\/#website"},"datePublished":"2025-06-18T11:35:54+00:00","inLanguage":"ca","potentialAction":[{"@type":"ReadAction","target":["https:\/\/gravida.com\/ca\/politica-de-privadesa-resum\/"]}]},{"@type":"WebSite","@id":"https:\/\/gravida.com\/ca\/#website","url":"https:\/\/gravida.com\/ca\/","name":"Gravida","description":"Ciencia al Servicio de la Vida","publisher":{"@id":"https:\/\/gravida.com\/ca\/#organization"},"potentialAction":[{"@type":"SearchAction","target":{"@type":"EntryPoint","urlTemplate":"https:\/\/gravida.com\/ca\/?s={search_term_string}"},"query-input":{"@type":"PropertyValueSpecification","valueRequired":true,"valueName":"search_term_string"}}],"inLanguage":"ca"},{"@type":"Organization","@id":"https:\/\/gravida.com\/ca\/#organization","name":"Gravida","url":"https:\/\/gravida.com\/ca\/","logo":{"@type":"ImageObject","inLanguage":"ca","@id":"https:\/\/gravida.com\/ca\/#\/schema\/logo\/image\/","url":"https:\/\/gravida.com\/wp-content\/uploads\/2024\/06\/logoads.svg","contentUrl":"https:\/\/gravida.com\/wp-content\/uploads\/2024\/06\/logoads.svg","width":"1024","height":"1024","caption":"Gravida"},"image":{"@id":"https:\/\/gravida.com\/ca\/#\/schema\/logo\/image\/"}}]}},"_links":{"self":[{"href":"https:\/\/gravida.com\/ca\/wp-json\/wp\/v2\/pages\/31014","targetHints":{"allow":["GET"]}}],"collection":[{"href":"https:\/\/gravida.com\/ca\/wp-json\/wp\/v2\/pages"}],"about":[{"href":"https:\/\/gravida.com\/ca\/wp-json\/wp\/v2\/types\/page"}],"author":[{"embeddable":true,"href":"https:\/\/gravida.com\/ca\/wp-json\/wp\/v2\/users\/7"}],"replies":[{"embeddable":true,"href":"https:\/\/gravida.com\/ca\/wp-json\/wp\/v2\/comments?post=31014"}],"version-history":[{"count":0,"href":"https:\/\/gravida.com\/ca\/wp-json\/wp\/v2\/pages\/31014\/revisions"}],"wp:attachment":[{"href":"https:\/\/gravida.com\/ca\/wp-json\/wp\/v2\/media?parent=31014"}],"curies":[{"name":"wp","href":"https:\/\/api.w.org\/{rel}","templated":true}]}}